{"id":11,"date":"2017-07-12T11:57:36","date_gmt":"2017-07-12T09:57:36","guid":{"rendered":"http:\/\/localhost\/wertfabrik.ch\/de\/?page_id=11"},"modified":"2018-01-29T09:34:44","modified_gmt":"2018-01-29T08:34:44","slug":"kompetenzen","status":"publish","type":"page","link":"https:\/\/www.wertfabrik.ch\/de\/kompetenzen\/","title":{"rendered":"Kompetenzen"},"content":{"rendered":"<p>[vc_row full_width=&#8220;stretch_row&#8220; css=&#8220;.vc_custom_1500458077897{margin-top: 0px !important;margin-bottom: 0px !important;}&#8220;][vc_column]<div class=\"header-overview-site\"><div class=\"container\"><h1>Kompetenzen<\/h1><\/div><div class=\"image-section\"><div class=\"background-img clear\" style=\"background:url(https:\/\/www.wertfabrik.ch\/de\/wp-content\/uploads\/2018\/01\/Headerbild-Kompetenzen-\u2013-Wertfabrik-AG.jpg) center -60px;\"><img src=\"https:\/\/www.wertfabrik.ch\/de\/wp-content\/uploads\/2018\/01\/Headerbild-Kompetenzen-\u2013-Wertfabrik-AG.jpg\" alt=\"Zusammen zu H\u00f6chstleistungen.\"><\/div><div class=\"header-box\"><h2>Lean Enterprise \u2013 Wir machen Sie lean<\/h2><h1>Zusammen zu H\u00f6chstleistungen.<\/h1><p>Sch\u00f6pfen Sie aus dem Vollen und profitieren Sie von den umfassenden Leistungen innerhalb der Wertsch\u00f6pfungskette. Wir setzen uns daf\u00fcr ein, zusammen mit Ihnen die optimale L\u00f6sung zu erarbeiten, um so H\u00f6chstleistungen zu erreichen.<\/p><\/div><\/div><\/div>[\/vc_column][\/vc_row][vc_row full_width=&#8220;stretch_row&#8220;][vc_column]<div data-mcat=\"kompetenzen\" class=\"overview-list-container referenzen-list\"><div class=\"container clear\"><div class=\"overview-list-controlling\"><h2>Unsere Kompetenzen im \u00dcberblick<\/h2><hr><div class=\"navigation clear\"><ul><li class=\"active\"><a href=\"#\" data-cat=\"all\">Alle<\/a><\/li><li><a href=\"#\" data-cat=\"interim-management\">Interim-Management<\/a><\/li><li><a href=\"#\" data-cat=\"lean-beratung\">Lean-Beratung<\/a><\/li><li><a href=\"#\" data-cat=\"lean-training\">Lean-Training<\/a><\/li><li><a href=\"#\" data-cat=\"qrm-beratung\">QRM-Beratung<\/a><\/li><li><a href=\"#\" data-cat=\"twi-training-within-industry\">TWI - Training Within Industry<\/a><\/li><\/ul><\/div><\/div><article data-cat=\"lean-beratung\" class=\"active item-1 item-d-1 item-t-1\"><div class=\"inner\"><h3>Lean Audit zum Restart<\/h3><h2><a href=\"https:\/\/www.wertfabrik.ch\/de\/kompetenz\/lean-audit-restart\/\">Lean Audit zum Restart<\/a><\/h2><p>Wiederbeleben Sie Ihre Lean-Aktivit\u00e4ten mit einem kostenlosen Lean-Audit!<\/p><div class=\"meta-bottom clear\"><a class=\"detail\" href=\"https:\/\/www.wertfabrik.ch\/de\/kompetenz\/lean-audit-restart\/\">weiter<\/a><span class=\"cat\">Lean-Beratung<\/span><\/div><\/div><\/article><article data-cat=\"lean-beratung\" class=\"active item-2 item-d-2 item-t-2\"><div class=\"inner\"><h3>Lean Administration<\/h3><h2><a href=\"https:\/\/www.wertfabrik.ch\/de\/kompetenz\/lean-administration\/\">Administrative Prozesse beschleunigen<\/a><\/h2><p>Nicht nur in der Produktion, auch in allen Bereichen der Administration lassen sich Prozesse optimieren. Dies ist das Ziel der Lean Administration.<\/p><div class=\"meta-bottom clear\"><a class=\"detail\" href=\"https:\/\/www.wertfabrik.ch\/de\/kompetenz\/lean-administration\/\">weiter<\/a><span class=\"cat\">Lean-Beratung<\/span><\/div><\/div><\/article><article data-cat=\"qrm-beratung\" class=\"active item-3 item-d-3 item-t-1\"><div class=\"inner\"><h3>QRM<\/h3><h2><a href=\"https:\/\/www.wertfabrik.ch\/de\/kompetenz\/qrm\/\">Exklusiv in der Schweiz<\/a><\/h2><p>Wir unterst\u00fctzen Unternehmen dabei, Organisation und Prozesse in einer High-Mix \/ Low-Volume-Umgebung auf Wachstum auszurichten. Dank hoher Reaktionsf\u00e4higkeit wird ein entscheidender Wettbewerbsvorteil erzielt.<\/p><div class=\"meta-bottom clear\"><a class=\"detail\" href=\"https:\/\/www.wertfabrik.ch\/de\/kompetenz\/qrm\/\">weiter<\/a><span class=\"cat\">QRM-Beratung<\/span><\/div><\/div><\/article><article data-cat=\"lean-beratung\" class=\"active item-4 item-d-1 item-t-2\"><div class=\"inner\"><h3>Lean Enterprise<\/h3><h2><a href=\"https:\/\/www.wertfabrik.ch\/de\/kompetenz\/lean-enterprise\/\">Die Lean-Berater f\u00fcr die Lean Enterprise<\/a><\/h2><p>W\u00e4hrend der Transformation zur Lean Enterprise steigern Sie Ihre Effizienz und Liefertreue und reduzieren die Kosten und Lieferzeit.\r\n<\/p><div class=\"meta-bottom clear\"><a class=\"detail\" href=\"https:\/\/www.wertfabrik.ch\/de\/kompetenz\/lean-enterprise\/\">weiter<\/a><span class=\"cat\">Lean-Beratung<\/span><\/div><\/div><\/article><article data-cat=\"lean-beratung\" class=\"active item-5 item-d-2 item-t-1\"><div class=\"inner\"><h3>Lean Management<\/h3><h2><a href=\"https:\/\/www.wertfabrik.ch\/de\/kompetenz\/lean-management\/\">Go & See statt Meet & Mail<\/a><\/h2><p>Unter Lean Management versteht man s\u00e4mtliche Lean Aktivit\u00e4ten in einem Unternehmen, insbesondere aber auch die Art und Weise, wie gef\u00fchrt wird.\r\n<\/p><div class=\"meta-bottom clear\"><a class=\"detail\" href=\"https:\/\/www.wertfabrik.ch\/de\/kompetenz\/lean-management\/\">weiter<\/a><span class=\"cat\">Lean-Beratung<\/span><\/div><\/div><\/article><article data-cat=\"twi-training-within-industry\" class=\"active item-6 item-d-3 item-t-2\"><div class=\"inner\"><h3>TWI &#8211; Training Within Industry<\/h3><h2><a href=\"https:\/\/www.wertfabrik.ch\/de\/kompetenz\/twi\/\">Eine effiziente Ausbildung neuer Mitarbeiter als Erfolgsfaktor in der Wachstumsphase.<\/a><\/h2><p>TWI (Training Within Industry) ist ein Instrument, das F\u00fchrungskr\u00e4ften hilft, neue Mitarbeiter raschm\u00f6glichst \"auf Speed\" zu bringen. Der Fokus liegt dabei auf den Elementen Arbeitsinstruktion, Arbeitsmethoden und Arbeitsbeziehungen.<\/p><div class=\"meta-bottom clear\"><a class=\"detail\" href=\"https:\/\/www.wertfabrik.ch\/de\/kompetenz\/twi\/\">weiter<\/a><span class=\"cat\">TWI - Training Within Industry<\/span><\/div><\/div><\/article><article data-cat=\"lean-beratung\" class=\"active item-7 item-d-1 item-t-1\"><div class=\"inner\"><h3>Lean Leadership<\/h3><h2><a href=\"https:\/\/www.wertfabrik.ch\/de\/kompetenz\/lean-leadership\/\">F\u00fchrungsleistung wird Kernkompetenz im Unternehmen<\/a><\/h2><p>Shopfloor Management ist ein Instrument, das F\u00fchrungskr\u00e4ften hilft, ihre F\u00fchrungsleistung zu verbessern. Der Fokus aller T\u00e4tigkeiten liegt auf den wesentlichen Wettbewerbsfaktoren Qualit\u00e4t, Kosten und Lieferleistung (QKL). <\/p><div class=\"meta-bottom clear\"><a class=\"detail\" href=\"https:\/\/www.wertfabrik.ch\/de\/kompetenz\/lean-leadership\/\">weiter<\/a><span class=\"cat\">Lean-Beratung<\/span><\/div><\/div><\/article><article data-cat=\"lean-beratung\" class=\"active item-8 item-d-2 item-t-2\"><div class=\"inner\"><h3>Lean Supply Chain<\/h3><h2><a href=\"https:\/\/www.wertfabrik.ch\/de\/kompetenz\/420\/\">Essentiell f\u00fcr den Unternehmenserfolg<\/a><\/h2><p>Die Lean Supply Chain umfasst die interne und externe Logistik sowie Einkauf und Beschaffung.<\/p><div class=\"meta-bottom clear\"><a class=\"detail\" href=\"https:\/\/www.wertfabrik.ch\/de\/kompetenz\/420\/\">weiter<\/a><span class=\"cat\">Lean-Beratung<\/span><\/div><\/div><\/article><article data-cat=\"lean-beratung\" class=\"active item-9 item-d-3 item-t-1\"><div class=\"inner\"><h3>Lean Sales<\/h3><h2><a href=\"https:\/\/www.wertfabrik.ch\/de\/kompetenz\/lean-sales\/\">Heben Sie verborgenes Potential im Verkauf<\/a><\/h2><p>Mit Lean Sales wird der Verkaufsprozess optimiert und verborgenes Potential im Verkauf genutzt.<\/p><div class=\"meta-bottom clear\"><a class=\"detail\" href=\"https:\/\/www.wertfabrik.ch\/de\/kompetenz\/lean-sales\/\">weiter<\/a><span class=\"cat\">Lean-Beratung<\/span><\/div><\/div><\/article><article data-cat=\"lean-beratung\" class=\"inactive show-1 item-10 item-d-1 item-t-2\"><div class=\"inner\"><h3>Lean Development<\/h3><h2><a href=\"https:\/\/www.wertfabrik.ch\/de\/kompetenz\/lean-development\/\">F\u00fcr einen schlanken Entwicklungsprozess<\/a><\/h2><p>Lean Development eliminiert Verschwendungen im Entwicklungsprozess und stellt so sicher, dass Entwicklungsprojekte die Kosten-, Termin- und Qualit\u00e4tsziele sicher einhalten.<\/p><div class=\"meta-bottom clear\"><a class=\"detail\" href=\"https:\/\/www.wertfabrik.ch\/de\/kompetenz\/lean-development\/\">weiter<\/a><span class=\"cat\">Lean-Beratung<\/span><\/div><\/div><\/article><article data-cat=\"lean-beratung\" class=\"inactive show-2 item-11 item-d-2 item-t-1\"><div class=\"inner\"><h3>Lean Production<\/h3><h2><a href=\"https:\/\/www.wertfabrik.ch\/de\/kompetenz\/lean-production\/\">Durchlaufzeiten senken, Produktivit\u00e4t steigern<\/a><\/h2><p>In einer schlanken Produktion werden kontinuierlich alle Verschwendungen reduziert und eliminiert, so dass der Anteil wertsch\u00f6pfender T\u00e4tigkeiten maximal wird. Die Lean Production will genau das erreichen.<\/p><div class=\"meta-bottom clear\"><a class=\"detail\" href=\"https:\/\/www.wertfabrik.ch\/de\/kompetenz\/lean-production\/\">weiter<\/a><span class=\"cat\">Lean-Beratung<\/span><\/div><\/div><\/article><article data-cat=\"lean-training\" class=\"inactive show-3 item-12 item-d-3 item-t-2\"><div class=\"inner\"><h3>Lean Training<\/h3><h2><a href=\"https:\/\/www.wertfabrik.ch\/de\/kompetenz\/lean-training\/\">Auf aktuelle Entwicklungen hinarbeiten<\/a><\/h2><p>Lean-Transformation ist nur dann erfolgreich, wenn Wissen, F\u00e4higkeiten und Methoden im Unternehmen den aktuellen Entwicklungen angepasst und laufend \u00fcberpr\u00fcft werden.\r\n<\/p><div class=\"meta-bottom clear\"><a class=\"detail\" href=\"https:\/\/www.wertfabrik.ch\/de\/kompetenz\/lean-training\/\">weiter<\/a><span class=\"cat\">Lean-Training<\/span><\/div><\/div><\/article><article data-cat=\"interim-management\" class=\"inactive show-4 item-13 item-d-1 item-t-1\"><div class=\"inner\"><h3>Interim-Management<\/h3><h2><a href=\"https:\/\/www.wertfabrik.ch\/de\/kompetenz\/interim-management\/\">Interim-Management mit variabler Einsatzdauer<\/a><\/h2><p>Alle unsere Interim-Manager besitzen langj\u00e4hrige F\u00fchrungserfahrung in der Industrie und umfassende Lean-Kenntnisse. Sie sind damit pr\u00e4destiniert, einen notwendigen Ver\u00e4nderungsprozess im Unternehmen anzustossen und erfolgreich umzusetzen. <\/p><div class=\"meta-bottom clear\"><a class=\"detail\" href=\"https:\/\/www.wertfabrik.ch\/de\/kompetenz\/interim-management\/\">weiter<\/a><span class=\"cat\">Interim-Management<\/span><\/div><\/div><\/article><div class=\"load-more-section\"><a class=\"load-more\" data-cat=\"all\" data-pcount=\"13\" href=\"#\">mehr laden<\/a><\/div><\/div><\/div>[\/vc_column][\/vc_row][vc_row full_width=&#8220;stretch_row&#8220; css=&#8220;.vc_custom_1500534920292{margin-bottom: 0px !important;}&#8220;][vc_column]<div class=\"newsletter-cta-container cta-big\"><div class=\"container clear\"><div class=\"icon-section clear\"><div class=\"icon\" style=\"background:url(https:\/\/www.wertfabrik.ch\/de\/wp-content\/themes\/wertfabrik\/img\/elements\/newsletter_icon.png)\"><img src=\"https:\/\/www.wertfabrik.ch\/de\/wp-content\/themes\/wertfabrik\/img\/elements\/newsletter_icon.png\" style=\"width:58px;height:auto;\"><\/div><\/div><div class=\"text-section\"><h2>Immer aktuell mit Wertnews<\/h2><hr><h1>Wir bedienen Sie mit Know-how<\/h1><p>Aktuell und zeitnah bringen wir Ihnen Know-how, Branchennews und Unternehmensinformationen ins Postfach. Wissenswertes, Hilfreiches und Kurzweiliges aus der Welt von Lean.<\/p><form action=\"\/de\/newsletter\/\"><a class=\"submit\" href=\"\/de\/newsletter\/\">Anmelden<\/a><\/form><\/div><\/div><\/div>[\/vc_column][\/vc_row]<\/p>\n","protected":false},"excerpt":{"rendered":"<p>[vc_row full_width=&#8220;stretch_row&#8220; css=&#8220;.vc_custom_1500458077897{margin-top: 0px !important;margin-bottom: 0px !important;}&#8220;][vc_column][\/vc_column][\/vc_row][vc_row full_width=&#8220;stretch_row&#8220;][vc_column][\/vc_column][\/vc_row][vc_row full_width=&#8220;stretch_row&#8220; css=&#8220;.vc_custom_1500534920292{margin-bottom: 0px !important;}&#8220;][vc_column][\/vc_column][\/vc_row]<\/p>\n","protected":false},"author":13,"featured_media":0,"parent":0,"menu_order":20,"comment_status":"closed","ping_status":"closed","template":"","meta":[],"yoast_head":"<!-- This site is optimized with the Yoast SEO plugin v14.8.1 - https:\/\/yoast.com\/wordpress\/plugins\/seo\/ -->\n<meta name=\"robots\" content=\"index, follow\" \/>\n<meta name=\"googlebot\" content=\"index, follow, max-snippet:-1, max-image-preview:large, max-video-preview:-1\" \/>\n<meta name=\"bingbot\" content=\"index, follow, max-snippet:-1, max-image-preview:large, max-video-preview:-1\" \/>\n<link rel=\"canonical\" href=\"https:\/\/www.wertfabrik.ch\/de\/kompetenzen\/\" \/>\n<meta property=\"og:locale\" content=\"de_DE\" \/>\n<meta property=\"og:type\" content=\"article\" \/>\n<meta property=\"og:title\" content=\"Kompetenzen - Wertfabrik\" \/>\n<meta property=\"og:description\" content=\"[vc_row full_width=&#8220;stretch_row&#8220; css=&#8220;.vc_custom_1500458077897{margin-top: 0px !important;margin-bottom: 0px !important;}&#8220;][vc_column][\/vc_column][\/vc_row][vc_row full_width=&#8220;stretch_row&#8220;][vc_column][\/vc_column][\/vc_row][vc_row full_width=&#8220;stretch_row&#8220; css=&#8220;.vc_custom_1500534920292{margin-bottom: 0px !important;}&#8220;][vc_column][\/vc_column][\/vc_row]\" \/>\n<meta property=\"og:url\" content=\"https:\/\/www.wertfabrik.ch\/de\/kompetenzen\/\" \/>\n<meta property=\"og:site_name\" content=\"Wertfabrik\" \/>\n<meta property=\"article:modified_time\" content=\"2018-01-29T08:34:44+00:00\" \/>\n<meta name=\"twitter:card\" content=\"summary_large_image\" \/>\n<script type=\"application\/ld+json\" class=\"yoast-schema-graph\">{\"@context\":\"https:\/\/schema.org\",\"@graph\":[{\"@type\":\"WebSite\",\"@id\":\"https:\/\/www.wertfabrik.ch\/de\/#website\",\"url\":\"https:\/\/www.wertfabrik.ch\/de\/\",\"name\":\"Wertfabrik\",\"description\":\"\",\"potentialAction\":[{\"@type\":\"SearchAction\",\"target\":\"https:\/\/www.wertfabrik.ch\/de\/?s={search_term_string}\",\"query-input\":\"required name=search_term_string\"}],\"inLanguage\":\"de\"},{\"@type\":\"WebPage\",\"@id\":\"https:\/\/www.wertfabrik.ch\/de\/kompetenzen\/#webpage\",\"url\":\"https:\/\/www.wertfabrik.ch\/de\/kompetenzen\/\",\"name\":\"Kompetenzen - Wertfabrik\",\"isPartOf\":{\"@id\":\"https:\/\/www.wertfabrik.ch\/de\/#website\"},\"datePublished\":\"2017-07-12T09:57:36+00:00\",\"dateModified\":\"2018-01-29T08:34:44+00:00\",\"inLanguage\":\"de\",\"potentialAction\":[{\"@type\":\"ReadAction\",\"target\":[\"https:\/\/www.wertfabrik.ch\/de\/kompetenzen\/\"]}]}]}<\/script>\n<!-- \/ Yoast SEO plugin. -->","_links":{"self":[{"href":"https:\/\/www.wertfabrik.ch\/de\/wp-json\/wp\/v2\/pages\/11"}],"collection":[{"href":"https:\/\/www.wertfabrik.ch\/de\/wp-json\/wp\/v2\/pages"}],"about":[{"href":"https:\/\/www.wertfabrik.ch\/de\/wp-json\/wp\/v2\/types\/page"}],"author":[{"embeddable":true,"href":"https:\/\/www.wertfabrik.ch\/de\/wp-json\/wp\/v2\/users\/13"}],"replies":[{"embeddable":true,"href":"https:\/\/www.wertfabrik.ch\/de\/wp-json\/wp\/v2\/comments?post=11"}],"version-history":[{"count":14,"href":"https:\/\/www.wertfabrik.ch\/de\/wp-json\/wp\/v2\/pages\/11\/revisions"}],"predecessor-version":[{"id":1091,"href":"https:\/\/www.wertfabrik.ch\/de\/wp-json\/wp\/v2\/pages\/11\/revisions\/1091"}],"wp:attachment":[{"href":"https:\/\/www.wertfabrik.ch\/de\/wp-json\/wp\/v2\/media?parent=11"}],"curies":[{"name":"wp","href":"https:\/\/api.w.org\/{rel}","templated":true}]}}