{"id":1199,"date":"2018-04-30T18:04:02","date_gmt":"2018-04-30T16:04:02","guid":{"rendered":"https:\/\/www.wertfabrik.ch\/de\/?page_id=1199"},"modified":"2018-09-10T08:30:51","modified_gmt":"2018-09-10T06:30:51","slug":"jobs","status":"publish","type":"page","link":"https:\/\/www.wertfabrik.ch\/de\/unternehmen\/jobs\/","title":{"rendered":"Jobs"},"content":{"rendered":"<p>[vc_row][vc_column]<div class=\"site-intro\"><span>Spontan bewerben<\/span><hr><h1>Wertfabrik sucht Verst\u00e4rkung<\/h1><p><\/p><\/div>[vc_column_text]Momentan sind alle Stellen bei Wertfabrik besetzt. Interessierte k\u00f6nnen eine spontane Bewerbung mit den vollst\u00e4ndigen Unterlagen gerne an <a href=\"mailto:david.moser@wertfabrik.ch\">David Moser<\/a> senden.[\/vc_column_text][\/vc_column][\/vc_row][vc_row disable_element=&#8220;yes&#8220;][vc_column][vc_column_text]<\/p>\n<div>Immer mehr Kunden fragen nach unseren Dienstleistungen. Deshalb\u00a0suchen wir per 1. September 2018 oder nach Vereinbarung eine\/n<\/div>\n<p>&nbsp;<\/p>\n<div><strong>Senior Consultant und Lean-Experten (w\/m), 80-100%, mit Pharma- \/ Chemie-Hintergrund<\/strong><\/div>\n<p>&nbsp;<\/p>\n<p><strong>Aufgabengebiet<\/strong><\/p>\n<ul>\n<li>Aufbau des Gesch\u00e4ftsfelds \u00abPharma \/ Chemie\u00bb innerhalb Wertfabrik.<\/li>\n<li>Akquisition von Neukunden und von Nachfolgeprojekten bei bestehenden Kunden.<\/li>\n<li>F\u00fchren von Kundenprojekten vor Ort im Lean Management zur Optimierung von Effizienz, Qualit\u00e4t, Durchlaufzeit und F\u00fchrungsleistung, prim\u00e4r in der Pharma- und Chemiebranche.<\/li>\n<li>F\u00fchren und Moderieren von Workshops, Inhouse-Schulungen und Seminaren.<\/li>\n<li>Coaching und Wissensvermittlung an F\u00fchrungskr\u00e4fte und firmeninterne Lean-Experten.<\/li>\n<li>Weiterentwickeln von Werkzeugen, Methoden und Standards.<\/li>\n<\/ul>\n<p>&nbsp;<\/p>\n<p><strong>Anforderungsprofil<\/strong><\/p>\n<ul>\n<li>Sie sind \u00fcber 35 Jahre alt und haben bereits mehrere Jahre F\u00fchrungserfahrung in der Pharma- \/ Chemiebranche gesammelt. Als \u00fcberzeugter Lean-Experte haben Sie die g\u00e4ngigsten LeanMethoden in Produktion und Logistik, Administration oder Entwicklung schon selbst angewendet und wissen mit den Herausforderungen von Prozessoptimierungen und Ver\u00e4nderungen umzugehen. PAT, Six-Sigma, DoE und QbD sind keine Fremdw\u00f6rter.<\/li>\n<li>Sie kennen die spezifischen Anforderungen der Pharma- und Chemiebranche und verf\u00fcgen in dieser Branche \u00fcber ein Netzwerk an Kontakten.<\/li>\n<li>Sie bringen dank Dynamik und Umsetzungsfokus Ihre Projekte termingerecht und erfolgreich zum Abschluss.<br \/>\nDank Ihrer Sozial-, Methoden- und Fachkompetenz motivieren Sie Teams und erarbeiten Erfolge gemeinsam.<\/li>\n<li>Sie besitzen einen (Fach-)Hochschulabschluss (technisch, betriebswirtschaftlich) oder Gleichwertiges. Sie sind selbstsicher und kommunizieren erfolgreich auf allen Stufen. Sie sprechen Deutsch (verstehen Schweizerdeutsch). Franz\u00f6sisch-, Englisch- und\/oder Italienischkenntnisse sind von Vorteil.<\/li>\n<li>Sie sch\u00e4tzen es, h\u00e4ufig unterwegs zu sein und freuen sich darauf, zusammen mit dem bestehenden Team die f\u00fchrende Lean-Beratung in der Schweiz weiter zu entwickeln.<\/li>\n<\/ul>\n<p>&nbsp;<\/p>\n<p><strong>Wir bieten <\/strong><\/p>\n<ul>\n<li>Eine abwechslungsreiche T\u00e4tigkeit mit t\u00e4glich neuen Herausforderungen bei den betreuten Kunden.<\/li>\n<li>Laufende Aus- und Weiterbildung und Einblick in die verschiedensten Branchen.<\/li>\n<li>Eine sorgf\u00e4ltige Einf\u00fchrung in unsere Methodik und Vorgehensweise mit professionellen Unterlagen.<\/li>\n<li>Leistungsabh\u00e4ngiges Sal\u00e4r, Dienstfahrzeug der gehobenen Mittelklasse, fortschrittliche Sozialleistungen, sechs Wochen Ferien.<\/li>\n<\/ul>\n<p>[\/vc_column_text][\/vc_column][\/vc_row][vc_row][vc_column][vc_column_text]<strong>Wer sind wir<\/strong><\/p>\n<p>&nbsp;<\/p>\n<p>Wertfabrik ist <em>die<\/em> Lean Beratung f\u00fcr Unternehmen in der Schweiz und im grenznahen Ausland. In Zusammenarbeit mit Kunden entstehen anspruchsvolle Lean-Enterprise-L\u00f6sungen. Das Beratungsunternehmen mit Sitz in Seuzach bietet ein umfassendes Leistungspaket, das aus Beratung, Training, Coaching und Erfahrungsaustausch besteht. Das Team von Wertfabrik umfasst mehrere umsetzungsstarke Berater \u2013 alles erfahrene F\u00fchrungskr\u00e4fte mit breiter Industrie- und Prozesserfahrung.[\/vc_column_text][\/vc_column][\/vc_row]<\/p>\n","protected":false},"excerpt":{"rendered":"<p>[vc_row][vc_column][vc_column_text]Momentan sind alle Stellen bei Wertfabrik besetzt. Interessierte k\u00f6nnen eine spontane Bewerbung mit den vollst\u00e4ndigen Unterlagen gerne an David Moser senden.[\/vc_column_text][\/vc_column][\/vc_row][vc_row disable_element=&#8220;yes&#8220;][vc_column][vc_column_text] Immer mehr Kunden fragen nach unseren Dienstleistungen. Deshalb\u00a0suchen wir per 1. September 2018 oder nach Vereinbarung eine\/n &nbsp; Senior Consultant und Lean-Experten (w\/m), 80-100%, mit Pharma- \/ Chemie-Hintergrund &nbsp; Aufgabengebiet Aufbau des Gesch\u00e4ftsfelds [&hellip;]<\/p>\n","protected":false},"author":13,"featured_media":0,"parent":8,"menu_order":0,"comment_status":"closed","ping_status":"closed","template":"","meta":[],"yoast_head":"<!-- This site is optimized with the Yoast SEO plugin v14.8.1 - https:\/\/yoast.com\/wordpress\/plugins\/seo\/ -->\n<meta name=\"robots\" content=\"index, follow\" \/>\n<meta name=\"googlebot\" content=\"index, follow, max-snippet:-1, max-image-preview:large, max-video-preview:-1\" \/>\n<meta name=\"bingbot\" content=\"index, follow, max-snippet:-1, max-image-preview:large, max-video-preview:-1\" \/>\n<link rel=\"canonical\" href=\"https:\/\/www.wertfabrik.ch\/de\/unternehmen\/jobs\/\" \/>\n<meta property=\"og:locale\" content=\"de_DE\" \/>\n<meta property=\"og:type\" content=\"article\" \/>\n<meta property=\"og:title\" content=\"Jobs - Wertfabrik\" \/>\n<meta property=\"og:description\" content=\"[vc_row][vc_column][vc_column_text]Momentan sind alle Stellen bei Wertfabrik besetzt. Interessierte k\u00f6nnen eine spontane Bewerbung mit den vollst\u00e4ndigen Unterlagen gerne an David Moser senden.[\/vc_column_text][\/vc_column][\/vc_row][vc_row disable_element=&#8220;yes&#8220;][vc_column][vc_column_text] Immer mehr Kunden fragen nach unseren Dienstleistungen. Deshalb\u00a0suchen wir per 1. September 2018 oder nach Vereinbarung eine\/n &nbsp; Senior Consultant und Lean-Experten (w\/m), 80-100%, mit Pharma- \/ Chemie-Hintergrund &nbsp; Aufgabengebiet Aufbau des Gesch\u00e4ftsfelds [&hellip;]\" \/>\n<meta property=\"og:url\" content=\"https:\/\/www.wertfabrik.ch\/de\/unternehmen\/jobs\/\" \/>\n<meta property=\"og:site_name\" content=\"Wertfabrik\" \/>\n<meta property=\"article:modified_time\" content=\"2018-09-10T06:30:51+00:00\" \/>\n<meta name=\"twitter:card\" content=\"summary_large_image\" \/>\n<script type=\"application\/ld+json\" class=\"yoast-schema-graph\">{\"@context\":\"https:\/\/schema.org\",\"@graph\":[{\"@type\":\"WebSite\",\"@id\":\"https:\/\/www.wertfabrik.ch\/de\/#website\",\"url\":\"https:\/\/www.wertfabrik.ch\/de\/\",\"name\":\"Wertfabrik\",\"description\":\"\",\"potentialAction\":[{\"@type\":\"SearchAction\",\"target\":\"https:\/\/www.wertfabrik.ch\/de\/?s={search_term_string}\",\"query-input\":\"required name=search_term_string\"}],\"inLanguage\":\"de\"},{\"@type\":\"WebPage\",\"@id\":\"https:\/\/www.wertfabrik.ch\/de\/unternehmen\/jobs\/#webpage\",\"url\":\"https:\/\/www.wertfabrik.ch\/de\/unternehmen\/jobs\/\",\"name\":\"Jobs - Wertfabrik\",\"isPartOf\":{\"@id\":\"https:\/\/www.wertfabrik.ch\/de\/#website\"},\"datePublished\":\"2018-04-30T16:04:02+00:00\",\"dateModified\":\"2018-09-10T06:30:51+00:00\",\"inLanguage\":\"de\",\"potentialAction\":[{\"@type\":\"ReadAction\",\"target\":[\"https:\/\/www.wertfabrik.ch\/de\/unternehmen\/jobs\/\"]}]}]}<\/script>\n<!-- \/ Yoast SEO plugin. -->","_links":{"self":[{"href":"https:\/\/www.wertfabrik.ch\/de\/wp-json\/wp\/v2\/pages\/1199"}],"collection":[{"href":"https:\/\/www.wertfabrik.ch\/de\/wp-json\/wp\/v2\/pages"}],"about":[{"href":"https:\/\/www.wertfabrik.ch\/de\/wp-json\/wp\/v2\/types\/page"}],"author":[{"embeddable":true,"href":"https:\/\/www.wertfabrik.ch\/de\/wp-json\/wp\/v2\/users\/13"}],"replies":[{"embeddable":true,"href":"https:\/\/www.wertfabrik.ch\/de\/wp-json\/wp\/v2\/comments?post=1199"}],"version-history":[{"count":50,"href":"https:\/\/www.wertfabrik.ch\/de\/wp-json\/wp\/v2\/pages\/1199\/revisions"}],"predecessor-version":[{"id":3131,"href":"https:\/\/www.wertfabrik.ch\/de\/wp-json\/wp\/v2\/pages\/1199\/revisions\/3131"}],"up":[{"embeddable":true,"href":"https:\/\/www.wertfabrik.ch\/de\/wp-json\/wp\/v2\/pages\/8"}],"wp:attachment":[{"href":"https:\/\/www.wertfabrik.ch\/de\/wp-json\/wp\/v2\/media?parent=1199"}],"curies":[{"name":"wp","href":"https:\/\/api.w.org\/{rel}","templated":true}]}}