{"id":1327,"date":"2018-08-13T09:55:09","date_gmt":"2018-08-13T07:55:09","guid":{"rendered":"https:\/\/www.wertfabrik.ch\/de\/?page_id=1327"},"modified":"2023-11-09T17:08:01","modified_gmt":"2023-11-09T16:08:01","slug":"ueber-den-blog","status":"publish","type":"page","link":"https:\/\/www.wertfabrik.ch\/de\/ueber-den-blog\/","title":{"rendered":"\u00dcber den Blog"},"content":{"rendered":"<p>[vc_row][vc_column]<div class=\"site-intro\"><span><\/span><hr><h1>\u00dcber den Blog<\/h1><p><\/p><\/div>[vc_column_text]Im Wertblog berichten die Mitarbeitenden von Wertfabrik regelm\u00e4ssig \u00fcber spezifische Themen im Lean Management. Konkrete Problemstellungen und L\u00f6sungen rund um Lean Management und Quick Response Management (QRM) werden hier aufgegriffen. Lean- und QRM-Interessierte k\u00f6nnen so ihr Know-how stetig vorantreiben und profitieren insbesondere von einem direkten Austausch mit unseren Experten.<\/p>\n<p>&nbsp;<\/p>\n<p>Wertfabrik ist ein Unternehmen f\u00fcr Lean- und QRM-Beratung mit Sitz in Seuzach. Als praxiserprobte Partner im Prozessmanagement bietet Wertfabrik breite Industrieerfahrung und hat bereits mit vielen namhaften Unternehmen wie Bernina International AG oder Burckhardt Compression AG zusammengearbeitet.[\/vc_column_text][\/vc_column][\/vc_row]<\/p>\n","protected":false},"excerpt":{"rendered":"<p>[vc_row][vc_column][vc_column_text]Im Wertblog berichten die Mitarbeitenden von Wertfabrik regelm\u00e4ssig \u00fcber spezifische Themen im Lean Management. Konkrete Problemstellungen und L\u00f6sungen rund um Lean Management und Quick Response Management (QRM) werden hier aufgegriffen. Lean- und QRM-Interessierte k\u00f6nnen so ihr Know-how stetig vorantreiben und profitieren insbesondere von einem direkten Austausch mit unseren Experten. &nbsp; Wertfabrik ist ein Unternehmen f\u00fcr [&hellip;]<\/p>\n","protected":false},"author":13,"featured_media":0,"parent":0,"menu_order":0,"comment_status":"closed","ping_status":"closed","template":"template_aboutblog.php","meta":[],"yoast_head":"<!-- This site is optimized with the Yoast SEO plugin v14.8.1 - https:\/\/yoast.com\/wordpress\/plugins\/seo\/ -->\n<meta name=\"robots\" content=\"index, follow\" \/>\n<meta name=\"googlebot\" content=\"index, follow, max-snippet:-1, max-image-preview:large, max-video-preview:-1\" \/>\n<meta name=\"bingbot\" content=\"index, follow, max-snippet:-1, max-image-preview:large, max-video-preview:-1\" \/>\n<link rel=\"canonical\" href=\"https:\/\/www.wertfabrik.ch\/de\/ueber-den-blog\/\" \/>\n<meta property=\"og:locale\" content=\"de_DE\" \/>\n<meta property=\"og:type\" content=\"article\" \/>\n<meta property=\"og:title\" content=\"\u00dcber den Blog - Wertfabrik\" \/>\n<meta property=\"og:description\" content=\"[vc_row][vc_column][vc_column_text]Im Wertblog berichten die Mitarbeitenden von Wertfabrik regelm\u00e4ssig \u00fcber spezifische Themen im Lean Management. Konkrete Problemstellungen und L\u00f6sungen rund um Lean Management und Quick Response Management (QRM) werden hier aufgegriffen. Lean- und QRM-Interessierte k\u00f6nnen so ihr Know-how stetig vorantreiben und profitieren insbesondere von einem direkten Austausch mit unseren Experten. &nbsp; Wertfabrik ist ein Unternehmen f\u00fcr [&hellip;]\" \/>\n<meta property=\"og:url\" content=\"https:\/\/www.wertfabrik.ch\/de\/ueber-den-blog\/\" \/>\n<meta property=\"og:site_name\" content=\"Wertfabrik\" \/>\n<meta property=\"article:modified_time\" content=\"2023-11-09T16:08:01+00:00\" \/>\n<meta name=\"twitter:card\" content=\"summary_large_image\" \/>\n<script type=\"application\/ld+json\" class=\"yoast-schema-graph\">{\"@context\":\"https:\/\/schema.org\",\"@graph\":[{\"@type\":\"WebSite\",\"@id\":\"https:\/\/www.wertfabrik.ch\/de\/#website\",\"url\":\"https:\/\/www.wertfabrik.ch\/de\/\",\"name\":\"Wertfabrik\",\"description\":\"\",\"potentialAction\":[{\"@type\":\"SearchAction\",\"target\":\"https:\/\/www.wertfabrik.ch\/de\/?s={search_term_string}\",\"query-input\":\"required name=search_term_string\"}],\"inLanguage\":\"de\"},{\"@type\":\"WebPage\",\"@id\":\"https:\/\/www.wertfabrik.ch\/de\/ueber-den-blog\/#webpage\",\"url\":\"https:\/\/www.wertfabrik.ch\/de\/ueber-den-blog\/\",\"name\":\"\\u00dcber den Blog - Wertfabrik\",\"isPartOf\":{\"@id\":\"https:\/\/www.wertfabrik.ch\/de\/#website\"},\"datePublished\":\"2018-08-13T07:55:09+00:00\",\"dateModified\":\"2023-11-09T16:08:01+00:00\",\"inLanguage\":\"de\",\"potentialAction\":[{\"@type\":\"ReadAction\",\"target\":[\"https:\/\/www.wertfabrik.ch\/de\/ueber-den-blog\/\"]}]}]}<\/script>\n<!-- \/ Yoast SEO plugin. -->","_links":{"self":[{"href":"https:\/\/www.wertfabrik.ch\/de\/wp-json\/wp\/v2\/pages\/1327"}],"collection":[{"href":"https:\/\/www.wertfabrik.ch\/de\/wp-json\/wp\/v2\/pages"}],"about":[{"href":"https:\/\/www.wertfabrik.ch\/de\/wp-json\/wp\/v2\/types\/page"}],"author":[{"embeddable":true,"href":"https:\/\/www.wertfabrik.ch\/de\/wp-json\/wp\/v2\/users\/13"}],"replies":[{"embeddable":true,"href":"https:\/\/www.wertfabrik.ch\/de\/wp-json\/wp\/v2\/comments?post=1327"}],"version-history":[{"count":13,"href":"https:\/\/www.wertfabrik.ch\/de\/wp-json\/wp\/v2\/pages\/1327\/revisions"}],"predecessor-version":[{"id":8066,"href":"https:\/\/www.wertfabrik.ch\/de\/wp-json\/wp\/v2\/pages\/1327\/revisions\/8066"}],"wp:attachment":[{"href":"https:\/\/www.wertfabrik.ch\/de\/wp-json\/wp\/v2\/media?parent=1327"}],"curies":[{"name":"wp","href":"https:\/\/api.w.org\/{rel}","templated":true}]}}