{"id":16,"date":"2017-07-12T12:00:54","date_gmt":"2017-07-12T10:00:54","guid":{"rendered":"http:\/\/localhost\/wertfabrik.ch\/de\/?page_id=16"},"modified":"2018-08-23T09:31:51","modified_gmt":"2018-08-23T07:31:51","slug":"wissen","status":"publish","type":"page","link":"https:\/\/www.wertfabrik.ch\/de\/wissen\/","title":{"rendered":"Wissen"},"content":{"rendered":"<p>[vc_row][vc_column][\/vc_column][\/vc_row][vc_row css=&#8220;.vc_custom_1502785565146{margin-top: 0px !important;}&#8220;][vc_column]<div class=\"site-intro\"><span>Tipps und Facts rund um Lean<\/span><hr><h1>Entwickeln Sie sich zum Know-how-Tr\u00e4ger.<\/h1><p>Seit \u00fcber einem halben Jahrhundert existiert die Idee vom Lean-Management. Mittlerweile ist \u00abLean\u00bb zu einer eigenen Wissenschaft herangewachsen. Zahlreiche Fachb\u00fccher befassen sich damit und geben wertvolle Hilfestellungen f\u00fcr die Anwendung im Tagesgesch\u00e4ft.<\/p><\/div>[\/vc_column][\/vc_row][vc_row][vc_column width=&#8220;1\/2&#8243;][vc_column_text]Zu den Standardwerken z\u00e4hlen die Publikationen \u00abThe Machine That Changed The World\u00bb (1991) und \u00abLean Thinking\u00bb (2003) der beiden Lean-Vordenker James P. Womack und Daniel T. Jones.[\/vc_column_text][\/vc_column][vc_column width=&#8220;1\/2&#8243;][vc_column_text]Aber auch zahlreiche weitere Werke befassen sich fundiert mit dem Thema \u00abLean\u00bb. Sehen Sie dazu unsere <a href=\"https:\/\/www.wertfabrik.ch\/de\/wissen\/literaturtipps\/\">Literaturtipps<\/a>. Oder werfen Sie einen Blick auf unseren <a href=\"http:\/\/www.wertfabrik.ch\/de\/blog\">Wertblog<\/a> oder auf unsere <a href=\"https:\/\/www.wertfabrik.ch\/de\/wissen\/links\/\">weiterf\u00fchrenden Links<\/a>.[\/vc_column_text][\/vc_column][\/vc_row]<\/p>\n","protected":false},"excerpt":{"rendered":"<p>[vc_row][vc_column][\/vc_column][\/vc_row][vc_row css=&#8220;.vc_custom_1502785565146{margin-top: 0px !important;}&#8220;][vc_column][\/vc_column][\/vc_row][vc_row][vc_column width=&#8220;1\/2&#8243;][vc_column_text]Zu den Standardwerken z\u00e4hlen die Publikationen \u00abThe Machine That Changed The World\u00bb (1991) und \u00abLean Thinking\u00bb (2003) der beiden Lean-Vordenker James P. Womack und Daniel T. Jones.[\/vc_column_text][\/vc_column][vc_column width=&#8220;1\/2&#8243;][vc_column_text]Aber auch zahlreiche weitere Werke befassen sich fundiert mit dem Thema \u00abLean\u00bb. Sehen Sie dazu unsere Literaturtipps. Oder werfen Sie einen Blick auf unseren [&hellip;]<\/p>\n","protected":false},"author":13,"featured_media":0,"parent":0,"menu_order":40,"comment_status":"closed","ping_status":"closed","template":"","meta":[],"yoast_head":"<!-- This site is optimized with the Yoast SEO plugin v14.8.1 - https:\/\/yoast.com\/wordpress\/plugins\/seo\/ -->\n<meta name=\"robots\" content=\"index, follow\" \/>\n<meta name=\"googlebot\" content=\"index, follow, max-snippet:-1, max-image-preview:large, max-video-preview:-1\" \/>\n<meta name=\"bingbot\" content=\"index, follow, max-snippet:-1, max-image-preview:large, max-video-preview:-1\" \/>\n<link rel=\"canonical\" href=\"https:\/\/www.wertfabrik.ch\/de\/wissen\/\" \/>\n<meta property=\"og:locale\" content=\"de_DE\" \/>\n<meta property=\"og:type\" content=\"article\" \/>\n<meta property=\"og:title\" content=\"Wissen - Wertfabrik\" \/>\n<meta property=\"og:description\" content=\"[vc_row][vc_column][\/vc_column][\/vc_row][vc_row css=&#8220;.vc_custom_1502785565146{margin-top: 0px !important;}&#8220;][vc_column][\/vc_column][\/vc_row][vc_row][vc_column width=&#8220;1\/2&#8243;][vc_column_text]Zu den Standardwerken z\u00e4hlen die Publikationen \u00abThe Machine That Changed The World\u00bb (1991) und \u00abLean Thinking\u00bb (2003) der beiden Lean-Vordenker James P. Womack und Daniel T. Jones.[\/vc_column_text][\/vc_column][vc_column width=&#8220;1\/2&#8243;][vc_column_text]Aber auch zahlreiche weitere Werke befassen sich fundiert mit dem Thema \u00abLean\u00bb. Sehen Sie dazu unsere Literaturtipps. Oder werfen Sie einen Blick auf unseren [&hellip;]\" \/>\n<meta property=\"og:url\" content=\"https:\/\/www.wertfabrik.ch\/de\/wissen\/\" \/>\n<meta property=\"og:site_name\" content=\"Wertfabrik\" \/>\n<meta property=\"article:modified_time\" content=\"2018-08-23T07:31:51+00:00\" \/>\n<meta name=\"twitter:card\" content=\"summary_large_image\" \/>\n<script type=\"application\/ld+json\" class=\"yoast-schema-graph\">{\"@context\":\"https:\/\/schema.org\",\"@graph\":[{\"@type\":\"WebSite\",\"@id\":\"https:\/\/www.wertfabrik.ch\/de\/#website\",\"url\":\"https:\/\/www.wertfabrik.ch\/de\/\",\"name\":\"Wertfabrik\",\"description\":\"\",\"potentialAction\":[{\"@type\":\"SearchAction\",\"target\":\"https:\/\/www.wertfabrik.ch\/de\/?s={search_term_string}\",\"query-input\":\"required name=search_term_string\"}],\"inLanguage\":\"de\"},{\"@type\":\"WebPage\",\"@id\":\"https:\/\/www.wertfabrik.ch\/de\/wissen\/#webpage\",\"url\":\"https:\/\/www.wertfabrik.ch\/de\/wissen\/\",\"name\":\"Wissen - Wertfabrik\",\"isPartOf\":{\"@id\":\"https:\/\/www.wertfabrik.ch\/de\/#website\"},\"datePublished\":\"2017-07-12T10:00:54+00:00\",\"dateModified\":\"2018-08-23T07:31:51+00:00\",\"inLanguage\":\"de\",\"potentialAction\":[{\"@type\":\"ReadAction\",\"target\":[\"https:\/\/www.wertfabrik.ch\/de\/wissen\/\"]}]}]}<\/script>\n<!-- \/ Yoast SEO plugin. -->","_links":{"self":[{"href":"https:\/\/www.wertfabrik.ch\/de\/wp-json\/wp\/v2\/pages\/16"}],"collection":[{"href":"https:\/\/www.wertfabrik.ch\/de\/wp-json\/wp\/v2\/pages"}],"about":[{"href":"https:\/\/www.wertfabrik.ch\/de\/wp-json\/wp\/v2\/types\/page"}],"author":[{"embeddable":true,"href":"https:\/\/www.wertfabrik.ch\/de\/wp-json\/wp\/v2\/users\/13"}],"replies":[{"embeddable":true,"href":"https:\/\/www.wertfabrik.ch\/de\/wp-json\/wp\/v2\/comments?post=16"}],"version-history":[{"count":10,"href":"https:\/\/www.wertfabrik.ch\/de\/wp-json\/wp\/v2\/pages\/16\/revisions"}],"predecessor-version":[{"id":2680,"href":"https:\/\/www.wertfabrik.ch\/de\/wp-json\/wp\/v2\/pages\/16\/revisions\/2680"}],"wp:attachment":[{"href":"https:\/\/www.wertfabrik.ch\/de\/wp-json\/wp\/v2\/media?parent=16"}],"curies":[{"name":"wp","href":"https:\/\/api.w.org\/{rel}","templated":true}]}}