{"id":18,"date":"2017-07-12T12:01:10","date_gmt":"2017-07-12T10:01:10","guid":{"rendered":"http:\/\/localhost\/wertfabrik.ch\/de\/?page_id=18"},"modified":"2026-03-26T06:24:16","modified_gmt":"2026-03-26T05:24:16","slug":"wertakademie","status":"publish","type":"page","link":"https:\/\/www.wertfabrik.ch\/de\/wertakademie\/","title":{"rendered":"Wertakademie"},"content":{"rendered":"<p>[vc_row full_width=&#8220;stretch_row&#8220; css=&#8220;.vc_custom_1500535063652{margin-top: 0px !important;margin-bottom: 0px !important;}&#8220;][vc_column]<div class=\"header-overview-site\"><div class=\"container\"><h1>Wertakademie<\/h1><\/div><div class=\"image-section\"><div class=\"background-img clear\" style=\"background:url(https:\/\/www.wertfabrik.ch\/de\/wp-content\/uploads\/2018\/01\/Headerbild-Wertakadmie-\u2013-Wertfabrik-AG.jpg) center -60px;\"><img src=\"https:\/\/www.wertfabrik.ch\/de\/wp-content\/uploads\/2018\/01\/Headerbild-Wertakadmie-\u2013-Wertfabrik-AG.jpg\" alt=\"Know-how intern aufbauen - Inhouse-Seminare in Ihrem Unternehmen\"><\/div><div class=\"header-box\"><h2>Auf eigenen Beinen stehen<\/h2><h1>Know-how intern aufbauen - Inhouse-Seminare in Ihrem Unternehmen<\/h1><p>F\u00fcr eine erfolgreiche Lean Transformation braucht es vor allem eines: Die aktuellen Ver\u00e4nderungen m\u00fcssen an Wissen, F\u00e4higkeiten und Methoden im Unternehmen angepasst und laufend \u00fcberpr\u00fcft werden. Die Wertfabrik unterst\u00fctzt Sie dabei mit passenden Schulungen und Seminaren direkt bei Ihnen vor Ort.<\/p><\/div><\/div><\/div>[\/vc_column][\/vc_row][vc_row][vc_column width=&#8220;1\/2&#8243;][vc_column_text]<\/p>\n<h3>Passende Weiterbildung finden<\/h3>\n<ul>\n<li>Wertfabrik bietet ein vielf\u00e4ltiges Angebot an Inhouse-Seminaren<strong>.<\/strong><\/li>\n<li>Informationen zu Weiterbildungsm\u00f6glichkeiten, die speziell auf Ihre Bed\u00fcrfnisse ausgerichtet sind, finden Sie unter <a href=\"https:\/\/www.wertfabrik.ch\/de\/wertakademie\/inhouse-seminare\/\">Inhouse-Seminare<\/a>.<\/li>\n<\/ul>\n<p>[\/vc_column_text][\/vc_column][vc_column width=&#8220;1\/2&#8243;][vc_column_text][\/vc_column_text][\/vc_column][\/vc_row][vc_row full_width=&#8220;stretch_row_content_no_spaces&#8220; el_id=&#8220;jump_here&#8220;][vc_column][\/vc_column][\/vc_row][vc_row full_width=&#8220;stretch_row&#8220; css=&#8220;.vc_custom_1500535375202{margin-bottom: 30px !important;}&#8220;][vc_column]<div class=\"cta-big\"><div class=\"container clear\"><div class=\"icon-section clear\"><div class=\"icon\" style=\"background:url(https:\/\/www.wertfabrik.ch\/de\/wp-content\/uploads\/2017\/07\/icon_wertakademie.png)\"><img src=\"https:\/\/www.wertfabrik.ch\/de\/wp-content\/uploads\/2017\/07\/icon_wertakademie.png\" style=\"width:81px;height:auto;\"><\/div><\/div><div class=\"text-section\"><h2>Inhouse Seminare<\/h2><hr><h3>Weiterbildung vor Ort<\/h3><p>Gerne besuchen die Lean-Berater der Wertfabrik Sie in Ihrem Unternehmen und geben Ihren Mitarbeitenden vor Ort Inputs zu verschiedenen Themen. Erfahren Sie hier, welche Inhouse-Seminare wir anbieten.<\/p><div class=\"link-section clear\"><a href=\"\/de\/wertakademie\/inhouse-seminare\/\" target=\"\">Inhouse Seminare entdecken<\/a><\/div><\/div><\/div><\/div>[\/vc_column][\/vc_row]<\/p>\n","protected":false},"excerpt":{"rendered":"<p>[vc_row full_width=&#8220;stretch_row&#8220; css=&#8220;.vc_custom_1500535063652{margin-top: 0px !important;margin-bottom: 0px !important;}&#8220;][vc_column][\/vc_column][\/vc_row][vc_row][vc_column width=&#8220;1\/2&#8243;][vc_column_text] Passende Weiterbildung finden Wertfabrik bietet ein vielf\u00e4ltiges Angebot an Inhouse-Seminaren. Informationen zu Weiterbildungsm\u00f6glichkeiten, die speziell auf Ihre Bed\u00fcrfnisse ausgerichtet sind, finden Sie unter Inhouse-Seminare. [\/vc_column_text][\/vc_column][vc_column width=&#8220;1\/2&#8243;][vc_column_text][\/vc_column_text][\/vc_column][\/vc_row][vc_row full_width=&#8220;stretch_row_content_no_spaces&#8220; el_id=&#8220;jump_here&#8220;][vc_column][\/vc_column][\/vc_row][vc_row full_width=&#8220;stretch_row&#8220; css=&#8220;.vc_custom_1500535375202{margin-bottom: 30px !important;}&#8220;][vc_column][\/vc_column][\/vc_row]<\/p>\n","protected":false},"author":13,"featured_media":0,"parent":0,"menu_order":50,"comment_status":"closed","ping_status":"closed","template":"","meta":[],"yoast_head":"<!-- This site is optimized with the Yoast SEO plugin v14.8.1 - https:\/\/yoast.com\/wordpress\/plugins\/seo\/ -->\n<meta name=\"robots\" content=\"index, follow\" \/>\n<meta name=\"googlebot\" content=\"index, follow, max-snippet:-1, max-image-preview:large, max-video-preview:-1\" \/>\n<meta name=\"bingbot\" content=\"index, follow, max-snippet:-1, max-image-preview:large, max-video-preview:-1\" \/>\n<link rel=\"canonical\" href=\"https:\/\/www.wertfabrik.ch\/de\/wertakademie\/\" \/>\n<meta property=\"og:locale\" content=\"de_DE\" \/>\n<meta property=\"og:type\" content=\"article\" \/>\n<meta property=\"og:title\" content=\"Wertakademie - Wertfabrik\" \/>\n<meta property=\"og:description\" content=\"[vc_row full_width=&#8220;stretch_row&#8220; css=&#8220;.vc_custom_1500535063652{margin-top: 0px !important;margin-bottom: 0px !important;}&#8220;][vc_column][\/vc_column][\/vc_row][vc_row][vc_column width=&#8220;1\/2&#8243;][vc_column_text] Passende Weiterbildung finden Wertfabrik bietet ein vielf\u00e4ltiges Angebot an Inhouse-Seminaren. Informationen zu Weiterbildungsm\u00f6glichkeiten, die speziell auf Ihre Bed\u00fcrfnisse ausgerichtet sind, finden Sie unter Inhouse-Seminare. [\/vc_column_text][\/vc_column][vc_column width=&#8220;1\/2&#8243;][vc_column_text][\/vc_column_text][\/vc_column][\/vc_row][vc_row full_width=&#8220;stretch_row_content_no_spaces&#8220; el_id=&#8220;jump_here&#8220;][vc_column][\/vc_column][\/vc_row][vc_row full_width=&#8220;stretch_row&#8220; css=&#8220;.vc_custom_1500535375202{margin-bottom: 30px !important;}&#8220;][vc_column][\/vc_column][\/vc_row]\" \/>\n<meta property=\"og:url\" content=\"https:\/\/www.wertfabrik.ch\/de\/wertakademie\/\" \/>\n<meta property=\"og:site_name\" content=\"Wertfabrik\" \/>\n<meta property=\"article:modified_time\" content=\"2026-03-26T05:24:16+00:00\" \/>\n<meta name=\"twitter:card\" content=\"summary_large_image\" \/>\n<script type=\"application\/ld+json\" class=\"yoast-schema-graph\">{\"@context\":\"https:\/\/schema.org\",\"@graph\":[{\"@type\":\"WebSite\",\"@id\":\"https:\/\/www.wertfabrik.ch\/de\/#website\",\"url\":\"https:\/\/www.wertfabrik.ch\/de\/\",\"name\":\"Wertfabrik\",\"description\":\"\",\"potentialAction\":[{\"@type\":\"SearchAction\",\"target\":\"https:\/\/www.wertfabrik.ch\/de\/?s={search_term_string}\",\"query-input\":\"required name=search_term_string\"}],\"inLanguage\":\"de\"},{\"@type\":\"WebPage\",\"@id\":\"https:\/\/www.wertfabrik.ch\/de\/wertakademie\/#webpage\",\"url\":\"https:\/\/www.wertfabrik.ch\/de\/wertakademie\/\",\"name\":\"Wertakademie - Wertfabrik\",\"isPartOf\":{\"@id\":\"https:\/\/www.wertfabrik.ch\/de\/#website\"},\"datePublished\":\"2017-07-12T10:01:10+00:00\",\"dateModified\":\"2026-03-26T05:24:16+00:00\",\"inLanguage\":\"de\",\"potentialAction\":[{\"@type\":\"ReadAction\",\"target\":[\"https:\/\/www.wertfabrik.ch\/de\/wertakademie\/\"]}]}]}<\/script>\n<!-- \/ Yoast SEO plugin. -->","_links":{"self":[{"href":"https:\/\/www.wertfabrik.ch\/de\/wp-json\/wp\/v2\/pages\/18"}],"collection":[{"href":"https:\/\/www.wertfabrik.ch\/de\/wp-json\/wp\/v2\/pages"}],"about":[{"href":"https:\/\/www.wertfabrik.ch\/de\/wp-json\/wp\/v2\/types\/page"}],"author":[{"embeddable":true,"href":"https:\/\/www.wertfabrik.ch\/de\/wp-json\/wp\/v2\/users\/13"}],"replies":[{"embeddable":true,"href":"https:\/\/www.wertfabrik.ch\/de\/wp-json\/wp\/v2\/comments?post=18"}],"version-history":[{"count":145,"href":"https:\/\/www.wertfabrik.ch\/de\/wp-json\/wp\/v2\/pages\/18\/revisions"}],"predecessor-version":[{"id":8578,"href":"https:\/\/www.wertfabrik.ch\/de\/wp-json\/wp\/v2\/pages\/18\/revisions\/8578"}],"wp:attachment":[{"href":"https:\/\/www.wertfabrik.ch\/de\/wp-json\/wp\/v2\/media?parent=18"}],"curies":[{"name":"wp","href":"https:\/\/api.w.org\/{rel}","templated":true}]}}