{"id":24,"date":"2017-07-12T12:02:54","date_gmt":"2017-07-12T10:02:54","guid":{"rendered":"http:\/\/localhost\/wertfabrik.ch\/de\/?page_id=24"},"modified":"2018-03-08T14:56:35","modified_gmt":"2018-03-08T13:56:35","slug":"team","status":"publish","type":"page","link":"https:\/\/www.wertfabrik.ch\/de\/unternehmen\/team\/","title":{"rendered":"Team"},"content":{"rendered":"<p>[vc_row][vc_column]<div class=\"site-intro\"><span>Kompetente Lean-Berater f\u00fcr Sie<\/span><hr><h1>Wir schaffen Mehrwert.<\/h1><p><\/p><\/div>[vc_row_inner][vc_column_inner width=&#8220;1\/2&#8243;][vc_column_text]Wir sind umsetzungsstarke Lean-Berater \u2013 Macher mit breiter Industrieerfahrung. Unsere Kompetenz schafft Mehrwert.<\/p>\n<p>&nbsp;<\/p>\n<p>Unsere Berater sind praxiserprobt, fundiert ausgebildet und methodisch sattelfest. Sie haben die \u00abLean-Denke\u00bb am eigenen Leib erlebt: Mit allen Stolpersteinen und H\u00f6henfl\u00fcgen.[\/vc_column_text][\/vc_column_inner][vc_column_inner width=&#8220;1\/2&#8243;][vc_column_text]Es sind Pers\u00f6nlichkeiten, die wissen, wovon sie reden, auf Augenh\u00f6he beraten und Massnahmen umsetzen. \u00dcberzeugen Sie sich selbst von unseren umfassenden Kompetenzprofilen und Erfahrungen.[\/vc_column_text][\/vc_column_inner][\/vc_row_inner][\/vc_column][\/vc_row][vc_row full_width=&#8220;stretch_row&#8220;][vc_column]<div class=\"overview-list-container team-list\"><div class=\"container clear\"><div class=\"overview-list-controlling\"><h2>Das ist unser Team<\/h2><hr><\/div><article class=\"active item-1 item-d-1 item-t-1\"><div class=\"inner\"><div class=\"image-section clear\" style=\"background:url(https:\/\/www.wertfabrik.ch\/de\/wp-content\/uploads\/2017\/07\/Wertfabrik_Profile_Robert_Ulrich.jpg);background-size:100% 100%;background-repeat:no-repeat;width:107px;\"><a href=\"https:\/\/www.wertfabrik.ch\/de\/team\/robert-ulrich\/\"><img src=\"https:\/\/www.wertfabrik.ch\/de\/wp-content\/uploads\/2017\/07\/Wertfabrik_Profile_Robert_Ulrich.jpg\" width=\"107\" alt=\"Robert Ulrich\"><\/a><\/div><h2><a href=\"https:\/\/www.wertfabrik.ch\/de\/team\/robert-ulrich\/\">Robert Ulrich<\/a><\/h2><p><p>Gesch\u00e4ftsf\u00fchrender Partner<br \/>\nCertified Management Consultant (CMC)<br \/>\nDipl. Masch.-Ing. FH<br \/>\nNDS Betriebswirtschaft FH<\/p>\n<\/p><div class=\"social-section clear\"><a class=\"email\" href=\"mailto:robert.ulrich@wertfabrik.ch\"><\/a><a class=\"xing\" target=\"_blank\" href=\"https:\/\/www.xing.com\/profile\/Robert_Ulrich6\"><\/a><a class=\"linkedin\" target=\"_blank\" href=\"https:\/\/ch.linkedin.com\/pub\/robert-ulrich\/66\/96b\/992\"><\/a><a class=\"detail\" href=\"https:\/\/www.wertfabrik.ch\/de\/team\/robert-ulrich\/\">Mehr<\/a><\/div><\/div><\/article><article class=\"active item-2 item-d-2 item-t-2\"><div class=\"inner\"><div class=\"image-section clear\" style=\"background:url(https:\/\/www.wertfabrik.ch\/de\/wp-content\/uploads\/2018\/08\/David-Moser_260x260k.jpg);background-size:100% 100%;background-repeat:no-repeat;width:130px;\"><a href=\"https:\/\/www.wertfabrik.ch\/de\/team\/david-moser\/\"><img src=\"https:\/\/www.wertfabrik.ch\/de\/wp-content\/uploads\/2018\/08\/David-Moser_260x260k.jpg\" width=\"130\" alt=\"David Moser\"><\/a><\/div><h2><a href=\"https:\/\/www.wertfabrik.ch\/de\/team\/david-moser\/\">David Moser<\/a><\/h2><p><p>Gesch\u00e4ftsf\u00fchrender Partner<br \/>\nCertified Management Consultant (CMC)<br \/>\nDr. sc. techn., Dipl. Phys. ETH<br \/>\nExec. MBA<br \/>\nZertifizierter Coach<\/p>\n<\/p><div class=\"social-section clear\"><a class=\"email\" href=\"mailto:david.moser@wertfabrik.ch\"><\/a><a class=\"xing\" target=\"_blank\" href=\"http:\/\/www.xing.com\/profile\/David_Moser5\"><\/a><a class=\"linkedin\" target=\"_blank\" href=\"http:\/\/ch.linkedin.com\/pub\/david-moser\/9\/50b\/226\"><\/a><a class=\"detail\" href=\"https:\/\/www.wertfabrik.ch\/de\/team\/david-moser\/\">Mehr<\/a><\/div><\/div><\/article><article class=\"active item-3 item-d-3 item-t-1\"><div class=\"inner\"><div class=\"image-section clear\" style=\"background:url(https:\/\/www.wertfabrik.ch\/de\/wp-content\/uploads\/2017\/10\/Richard-Krueger-Wertfabrik-214x214.jpg);background-size:100% 100%;background-repeat:no-repeat;width:107px;\"><a href=\"https:\/\/www.wertfabrik.ch\/de\/team\/richard-krueger\/\"><img src=\"https:\/\/www.wertfabrik.ch\/de\/wp-content\/uploads\/2017\/10\/Richard-Krueger-Wertfabrik-214x214.jpg\" width=\"107\" alt=\"Richard Kr\u00fcger\"><\/a><\/div><h2><a href=\"https:\/\/www.wertfabrik.ch\/de\/team\/richard-krueger\/\">Richard Kr\u00fcger<\/a><\/h2><p><p>Senior Consultant<br \/>\nEidg. dipl. Organisator FH<br \/>\nEidg. dipl. BF FH<br \/>\n&nbsp;<\/p>\n<\/p><div class=\"social-section clear\"><a class=\"email\" href=\"mailto:richard.krueger@wertfabrik.ch\"><\/a><a class=\"xing\" target=\"_blank\" href=\"http:\/\/www.xing.com\/profile\/Richard_Krueger4\"><\/a><a class=\"detail\" href=\"https:\/\/www.wertfabrik.ch\/de\/team\/richard-krueger\/\">Mehr<\/a><\/div><\/div><\/article><article class=\"active item-4 item-d-1 item-t-2\"><div class=\"inner\"><div class=\"image-section clear\" style=\"background:url(https:\/\/www.wertfabrik.ch\/de\/wp-content\/uploads\/2025\/05\/Michael_Landenberger_klein-rotated-e1746726365622.jpg);background-size:100% 100%;background-repeat:no-repeat;width:130px;\"><a href=\"https:\/\/www.wertfabrik.ch\/de\/team\/michael_landenberger\/\"><img src=\"https:\/\/www.wertfabrik.ch\/de\/wp-content\/uploads\/2025\/05\/Michael_Landenberger_klein-rotated-e1746726365622.jpg\" width=\"130\" alt=\"Michael Landenberger\"><\/a><\/div><h2><a href=\"https:\/\/www.wertfabrik.ch\/de\/team\/michael_landenberger\/\">Michael Landenberger<\/a><\/h2><p><p>Senior Consultant<br \/>\nLebensmitteltechnologie<br \/>\nLean Spezialist<\/p>\n<\/p><div class=\"social-section clear\"><a class=\"email\" href=\"mailto:info@wertfabrik.ch\"><\/a><a class=\"linkedin\" target=\"_blank\" href=\"https:\/\/www.linkedin.com\/in\/michael-landenberger-715307131\/\"><\/a><a class=\"detail\" href=\"https:\/\/www.wertfabrik.ch\/de\/team\/michael_landenberger\/\">Mehr<\/a><\/div><\/div><\/article><article class=\"active item-5 item-d-2 item-t-1\"><div class=\"inner\"><div class=\"image-section clear\" style=\"background:url(https:\/\/www.wertfabrik.ch\/de\/wp-content\/uploads\/2024\/10\/Madeleine_Ha_Kopal_klein-1.jpg);background-size:100% 100%;background-repeat:no-repeat;width:130px;\"><a href=\"https:\/\/www.wertfabrik.ch\/de\/team\/madeleine-ha-kopal\/\"><img src=\"https:\/\/www.wertfabrik.ch\/de\/wp-content\/uploads\/2024\/10\/Madeleine_Ha_Kopal_klein-1.jpg\" width=\"130\" alt=\"Madeleine Ha-Kopal\"><\/a><\/div><h2><a href=\"https:\/\/www.wertfabrik.ch\/de\/team\/madeleine-ha-kopal\/\">Madeleine Ha-Kopal<\/a><\/h2><p><p>Senior Consultant<br \/>\nDipl. Ing. FH Biotechnologie<br \/>\nMaster Black Lean &amp; Six Sigma<\/p>\n<\/p><div class=\"social-section clear\"><a class=\"email\" href=\"mailto:madeleinekopal@hotmail.com\"><\/a><a class=\"xing\" target=\"_blank\" href=\"https:\/\/www.xing.com\/profile\/Madeleine_HaKopal\/cv\"><\/a><a class=\"linkedin\" target=\"_blank\" href=\"https:\/\/www.linkedin.com\/in\/madeleine-ha-kopal-72a38818\/\"><\/a><a class=\"detail\" href=\"https:\/\/www.wertfabrik.ch\/de\/team\/madeleine-ha-kopal\/\">Mehr<\/a><\/div><\/div><\/article><article class=\"active item-6 item-d-3 item-t-2\"><div class=\"inner\"><div class=\"image-section clear\" style=\"background:url(https:\/\/www.wertfabrik.ch\/de\/wp-content\/uploads\/2017\/10\/Bruno-Portmann-Wertfabrik-214x214.jpg);background-size:100% 100%;background-repeat:no-repeat;width:107px;\"><a href=\"https:\/\/www.wertfabrik.ch\/de\/team\/bruno-portmann\/\"><img src=\"https:\/\/www.wertfabrik.ch\/de\/wp-content\/uploads\/2017\/10\/Bruno-Portmann-Wertfabrik-214x214.jpg\" width=\"107\" alt=\"Bruno Portmann\"><\/a><\/div><h2><a href=\"https:\/\/www.wertfabrik.ch\/de\/team\/bruno-portmann\/\">Bruno Portmann<\/a><\/h2><p><p>Senior Consultant<br \/>\nDipl. El.-Ing. FH<br \/>\nExec. MBA HSG<br \/>\n&nbsp;<\/p>\n<\/p><div class=\"social-section clear\"><a class=\"email\" href=\"mailto:bruno.portmann@wertfabrik.ch\"><\/a><a class=\"detail\" href=\"https:\/\/www.wertfabrik.ch\/de\/team\/bruno-portmann\/\">Mehr<\/a><\/div><\/div><\/article><article class=\"active item-7 item-d-1 item-t-1\"><div class=\"inner\"><div class=\"image-section clear\" style=\"background:url(https:\/\/www.wertfabrik.ch\/de\/wp-content\/uploads\/2017\/10\/Stefan-Bankwitz-Wertfabrik-214x214.jpg);background-size:100% 100%;background-repeat:no-repeat;width:107px;\"><a href=\"https:\/\/www.wertfabrik.ch\/de\/team\/stephan-bankwitz\/\"><img src=\"https:\/\/www.wertfabrik.ch\/de\/wp-content\/uploads\/2017\/10\/Stefan-Bankwitz-Wertfabrik-214x214.jpg\" width=\"107\" alt=\"Stephan Bankwitz\"><\/a><\/div><h2><a href=\"https:\/\/www.wertfabrik.ch\/de\/team\/stephan-bankwitz\/\">Stephan Bankwitz<\/a><\/h2><p><p>Senior Consultant<br \/>\nDipl.-Ing. Maschinenbau TH,<br \/>\nSix Sigma Black Belt<br \/>\n&nbsp;<\/p>\n<\/p><div class=\"social-section clear\"><a class=\"email\" href=\"mailto:stephan.bankwitz@wertfabirk.ch\"><\/a><a class=\"xing\" target=\"_blank\" href=\"https:\/\/www.xing.com\/profiles\/Stephan_Bankwitz\"><\/a><a class=\"detail\" href=\"https:\/\/www.wertfabrik.ch\/de\/team\/stephan-bankwitz\/\">Mehr<\/a><\/div><\/div><\/article><article class=\"active item-8 item-d-2 item-t-2\"><div class=\"inner\"><div class=\"image-section clear\" style=\"background:url(https:\/\/www.wertfabrik.ch\/de\/wp-content\/uploads\/2019\/08\/rober-carter-uebersicht.jpg);background-size:100% 100%;background-repeat:no-repeat;width:107px;\"><a href=\"https:\/\/www.wertfabrik.ch\/de\/team\/robert-f-carter\/\"><img src=\"https:\/\/www.wertfabrik.ch\/de\/wp-content\/uploads\/2019\/08\/rober-carter-uebersicht.jpg\" width=\"107\" alt=\"Robert F. Carter\"><\/a><\/div><h2><a href=\"https:\/\/www.wertfabrik.ch\/de\/team\/robert-f-carter\/\">Robert F. Carter<\/a><\/h2><p><p>Senior Consultant<br \/>\nLic. oec. publ.<br \/>\n&nbsp;<br \/>\n&nbsp;<\/p>\n<\/p><div class=\"social-section clear\"><a class=\"email\" href=\"mailto:robertfcarter@mail.ch\"><\/a><a class=\"detail\" href=\"https:\/\/www.wertfabrik.ch\/de\/team\/robert-f-carter\/\">Mehr<\/a><\/div><\/div><\/article><\/div><\/div>[\/vc_column][\/vc_row][vc_row full_width=&#8220;stretch_row&#8220; css=&#8220;.vc_custom_1500535691988{margin-bottom: 0px !important;}&#8220;][vc_column]<div class=\"newsletter-cta-container cta-big\"><div class=\"container clear\"><div class=\"icon-section clear\"><div class=\"icon\" style=\"background:url(https:\/\/www.wertfabrik.ch\/de\/wp-content\/themes\/wertfabrik\/img\/elements\/newsletter_icon.png)\"><img src=\"https:\/\/www.wertfabrik.ch\/de\/wp-content\/themes\/wertfabrik\/img\/elements\/newsletter_icon.png\" style=\"width:58px;height:auto;\"><\/div><\/div><div class=\"text-section\"><h2>Immer aktuell mit Wertnews<\/h2><hr><h1>Wir bedienen Sie mit Know-how<\/h1><p>Aktuell und zeitnah bringen wir Ihnen Know-how, Branchennews und Unternehmensinformationen ins Postfach. Wissenswertes, Hilfreiches und Kurzweiliges aus der Welt von Lean.<\/p><form action=\"\/de\/newsletter\/\"><a class=\"submit\" href=\"\/de\/newsletter\/\">Anmelden<\/a><\/form><\/div><\/div><\/div>[\/vc_column][\/vc_row]<\/p>\n","protected":false},"excerpt":{"rendered":"<p>[vc_row][vc_column][vc_row_inner][vc_column_inner width=&#8220;1\/2&#8243;][vc_column_text]Wir sind umsetzungsstarke Lean-Berater \u2013 Macher mit breiter Industrieerfahrung. Unsere Kompetenz schafft Mehrwert. &nbsp; Unsere Berater sind praxiserprobt, fundiert ausgebildet und methodisch sattelfest. Sie haben die \u00abLean-Denke\u00bb am eigenen Leib erlebt: Mit allen Stolpersteinen und H\u00f6henfl\u00fcgen.[\/vc_column_text][\/vc_column_inner][vc_column_inner width=&#8220;1\/2&#8243;][vc_column_text]Es sind Pers\u00f6nlichkeiten, die wissen, wovon sie reden, auf Augenh\u00f6he beraten und Massnahmen umsetzen. \u00dcberzeugen Sie sich selbst [&hellip;]<\/p>\n","protected":false},"author":13,"featured_media":0,"parent":8,"menu_order":0,"comment_status":"closed","ping_status":"closed","template":"","meta":[],"yoast_head":"<!-- This site is optimized with the Yoast SEO plugin v14.8.1 - https:\/\/yoast.com\/wordpress\/plugins\/seo\/ -->\n<meta name=\"robots\" content=\"index, follow\" \/>\n<meta name=\"googlebot\" content=\"index, follow, max-snippet:-1, max-image-preview:large, max-video-preview:-1\" \/>\n<meta name=\"bingbot\" content=\"index, follow, max-snippet:-1, max-image-preview:large, max-video-preview:-1\" \/>\n<link rel=\"canonical\" href=\"https:\/\/www.wertfabrik.ch\/de\/unternehmen\/team\/\" \/>\n<meta property=\"og:locale\" content=\"de_DE\" \/>\n<meta property=\"og:type\" content=\"article\" \/>\n<meta property=\"og:title\" content=\"Team - Wertfabrik\" \/>\n<meta property=\"og:description\" content=\"[vc_row][vc_column][vc_row_inner][vc_column_inner width=&#8220;1\/2&#8243;][vc_column_text]Wir sind umsetzungsstarke Lean-Berater \u2013 Macher mit breiter Industrieerfahrung. Unsere Kompetenz schafft Mehrwert. &nbsp; Unsere Berater sind praxiserprobt, fundiert ausgebildet und methodisch sattelfest. Sie haben die \u00abLean-Denke\u00bb am eigenen Leib erlebt: Mit allen Stolpersteinen und H\u00f6henfl\u00fcgen.[\/vc_column_text][\/vc_column_inner][vc_column_inner width=&#8220;1\/2&#8243;][vc_column_text]Es sind Pers\u00f6nlichkeiten, die wissen, wovon sie reden, auf Augenh\u00f6he beraten und Massnahmen umsetzen. \u00dcberzeugen Sie sich selbst [&hellip;]\" \/>\n<meta property=\"og:url\" content=\"https:\/\/www.wertfabrik.ch\/de\/unternehmen\/team\/\" \/>\n<meta property=\"og:site_name\" content=\"Wertfabrik\" \/>\n<meta property=\"article:modified_time\" content=\"2018-03-08T13:56:35+00:00\" \/>\n<meta name=\"twitter:card\" content=\"summary_large_image\" \/>\n<script type=\"application\/ld+json\" class=\"yoast-schema-graph\">{\"@context\":\"https:\/\/schema.org\",\"@graph\":[{\"@type\":\"WebSite\",\"@id\":\"https:\/\/www.wertfabrik.ch\/de\/#website\",\"url\":\"https:\/\/www.wertfabrik.ch\/de\/\",\"name\":\"Wertfabrik\",\"description\":\"\",\"potentialAction\":[{\"@type\":\"SearchAction\",\"target\":\"https:\/\/www.wertfabrik.ch\/de\/?s={search_term_string}\",\"query-input\":\"required name=search_term_string\"}],\"inLanguage\":\"de\"},{\"@type\":\"WebPage\",\"@id\":\"https:\/\/www.wertfabrik.ch\/de\/unternehmen\/team\/#webpage\",\"url\":\"https:\/\/www.wertfabrik.ch\/de\/unternehmen\/team\/\",\"name\":\"Team - Wertfabrik\",\"isPartOf\":{\"@id\":\"https:\/\/www.wertfabrik.ch\/de\/#website\"},\"datePublished\":\"2017-07-12T10:02:54+00:00\",\"dateModified\":\"2018-03-08T13:56:35+00:00\",\"inLanguage\":\"de\",\"potentialAction\":[{\"@type\":\"ReadAction\",\"target\":[\"https:\/\/www.wertfabrik.ch\/de\/unternehmen\/team\/\"]}]}]}<\/script>\n<!-- \/ Yoast SEO plugin. -->","_links":{"self":[{"href":"https:\/\/www.wertfabrik.ch\/de\/wp-json\/wp\/v2\/pages\/24"}],"collection":[{"href":"https:\/\/www.wertfabrik.ch\/de\/wp-json\/wp\/v2\/pages"}],"about":[{"href":"https:\/\/www.wertfabrik.ch\/de\/wp-json\/wp\/v2\/types\/page"}],"author":[{"embeddable":true,"href":"https:\/\/www.wertfabrik.ch\/de\/wp-json\/wp\/v2\/users\/13"}],"replies":[{"embeddable":true,"href":"https:\/\/www.wertfabrik.ch\/de\/wp-json\/wp\/v2\/comments?post=24"}],"version-history":[{"count":8,"href":"https:\/\/www.wertfabrik.ch\/de\/wp-json\/wp\/v2\/pages\/24\/revisions"}],"predecessor-version":[{"id":1166,"href":"https:\/\/www.wertfabrik.ch\/de\/wp-json\/wp\/v2\/pages\/24\/revisions\/1166"}],"up":[{"embeddable":true,"href":"https:\/\/www.wertfabrik.ch\/de\/wp-json\/wp\/v2\/pages\/8"}],"wp:attachment":[{"href":"https:\/\/www.wertfabrik.ch\/de\/wp-json\/wp\/v2\/media?parent=24"}],"curies":[{"name":"wp","href":"https:\/\/api.w.org\/{rel}","templated":true}]}}