{"id":245,"date":"2017-07-18T15:23:39","date_gmt":"2017-07-18T13:23:39","guid":{"rendered":"http:\/\/localhost\/wertfabrik.ch\/de\/?page_id=245"},"modified":"2017-12-06T14:23:28","modified_gmt":"2017-12-06T13:23:28","slug":"inhouse-seminare","status":"publish","type":"page","link":"https:\/\/www.wertfabrik.ch\/de\/wertakademie\/inhouse-seminare\/","title":{"rendered":"Inhouse-Seminare"},"content":{"rendered":"<p>[vc_row full_width=&#8220;stretch_row&#8220;][vc_column]<div data-mcat=\"wertakademie\" data-cnotin=\"inhouse-seminare\" class=\"overview-list-container referenzen-list\"><div class=\"container clear\"><div class=\"overview-list-controlling\"><h2>Unsere Inhouse-Seminare im \u00dcberblick<\/h2><hr><\/div><article data-postid=\"515\" data-cat=\"inhouse-seminare\" class=\"active item-1 item-d-1 item-t-1\"><div class=\"inner\"><h2><a href=\"https:\/\/www.wertfabrik.ch\/de\/veranstaltung\/schnelles-ruesten\">Schnelles R\u00fcsten mit Single Minute Exchange  of Die (SMED)<\/a><\/h2><p>Lernen Sie in diesem Seminar, wie Sie Ihre R\u00fcstzeiten markant verk\u00fcrzen. Wir zeigen Ihnen, wie das mithilfe des SMED-Ansatzes gelingt.<\/p><div class=\"meta-bottom clear\"><a class=\"detail\" href=\"https:\/\/www.wertfabrik.ch\/de\/veranstaltung\/schnelles-ruesten\">weiter<\/a><span class=\"cat\">Inhouse-Seminare<\/span><\/div><\/div><\/article><article data-postid=\"516\" data-cat=\"inhouse-seminare\" class=\"active item-2 item-d-2 item-t-2\"><div class=\"inner\"><h2><a href=\"https:\/\/www.wertfabrik.ch\/de\/veranstaltung\/roadmap-zur-lean-enterprise\">Roadmap zur Lean Enterprise<\/a><\/h2><p>Viele Unternehmen sind sich unsicher, wo sie mit der Umsetzung von Lean Management beginnen sollen. Ein strukturiertes und systematisches Erarbeiten der Lean Roadmap ist daher zwingend notwendig, um nicht am falschen Ort kostbare Zeit zu investieren. Lernen Sie, wie Sie ein solches erstellen.<\/p><div class=\"meta-bottom clear\"><a class=\"detail\" href=\"https:\/\/www.wertfabrik.ch\/de\/veranstaltung\/roadmap-zur-lean-enterprise\">weiter<\/a><span class=\"cat\">Inhouse-Seminare<\/span><\/div><\/div><\/article><article data-postid=\"517\" data-cat=\"inhouse-seminare\" class=\"active item-3 item-d-3 item-t-1\"><div class=\"inner\"><h2><a href=\"https:\/\/www.wertfabrik.ch\/de\/veranstaltung\/lean-basics\">Lean Basics<\/a><\/h2><p>Im Seminar zeigen die Mitarbeiter der Wertfabrik vor Ort bei Ihnen im Unternehmen was Lean eigentlich genau ist. Nach dem Seminar sind Sie in der Lage, Verschwendung in\u00a0Prozessen und Abl\u00e4ufen zu erkennen und zu eliminieren.<\/p><div class=\"meta-bottom clear\"><a class=\"detail\" href=\"https:\/\/www.wertfabrik.ch\/de\/veranstaltung\/lean-basics\">weiter<\/a><span class=\"cat\">Inhouse-Seminare<\/span><\/div><\/div><\/article><article data-postid=\"519\" data-cat=\"inhouse-seminare\" class=\"active item-4 item-d-1 item-t-2\"><div class=\"inner\"><h2><a href=\"https:\/\/www.wertfabrik.ch\/de\/veranstaltung\/wertstromanalyse\">Wertstromanalyse\u2009\/\u2009Wertstromdesign<\/a><\/h2><p>Die Wertstromanalyse ist eine effiziente Methode f\u00fcr die Analyse eines Prozesses. Lernen Sie in diesem Seminar, wie die Methode sowohl in der Produktion als auch in der Administration angewendet wird.<\/p><div class=\"meta-bottom clear\"><a class=\"detail\" href=\"https:\/\/www.wertfabrik.ch\/de\/veranstaltung\/wertstromanalyse\">weiter<\/a><span class=\"cat\">Inhouse-Seminare<\/span><\/div><\/div><\/article><article data-postid=\"521\" data-cat=\"inhouse-seminare\" class=\"active item-5 item-d-2 item-t-1\"><div class=\"inner\"><h2><a href=\"https:\/\/www.wertfabrik.ch\/de\/veranstaltung\/5s-methode\">5S-Methode<\/a><\/h2><p>Lernen Sie im Inhouse-Seminar zur 5S-Methode, was die 5S genau sind, wie die Methode angewendet wird und welchen Nutzen Sie und Ihr Unternehmen daraus ziehen.<\/p><div class=\"meta-bottom clear\"><a class=\"detail\" href=\"https:\/\/www.wertfabrik.ch\/de\/veranstaltung\/5s-methode\">weiter<\/a><span class=\"cat\">Inhouse-Seminare<\/span><\/div><\/div><\/article><article data-postid=\"522\" data-cat=\"inhouse-seminare\" class=\"active item-6 item-d-3 item-t-2\"><div class=\"inner\"><h2><a href=\"https:\/\/www.wertfabrik.ch\/de\/veranstaltung\/lean-maintenance\">Lean Maintenance (TPM)<\/a><\/h2><p>Kapitalintensive Anlagen und Maschinen m\u00fcssen aus wirtschaftlichen Gr\u00fcnden eine sehr hohe Zuverl\u00e4ssigkeit und Verf\u00fcgbarkeit aufweisen. Total Productive Maintenance (TPM) bildet eine umfassende Methode, um das Ziel der hohen Verf\u00fcgbarkeit zu erreichen. <\/p><div class=\"meta-bottom clear\"><a class=\"detail\" href=\"https:\/\/www.wertfabrik.ch\/de\/veranstaltung\/lean-maintenance\">weiter<\/a><span class=\"cat\">Inhouse-Seminare<\/span><\/div><\/div><\/article><article data-postid=\"523\" data-cat=\"inhouse-seminare\" class=\"active item-7 item-d-1 item-t-1\"><div class=\"inner\"><h2><a href=\"https:\/\/www.wertfabrik.ch\/de\/veranstaltung\/fuehrungskraefteschulung\">Lean Leadership F\u00fchrungskr\u00e4fteschulung<\/a><\/h2><p>Vielen F\u00fchrungskr\u00e4ften ist nicht bewusst, welches ihre wahren und wichtigen Aufgaben in einem schlanken Unternehmen sind. Oder sie wissen es, verf\u00fcgen aber nicht \u00fcber die notwendige Zeit, diese Aufgaben seri\u00f6s wahrzunehmen. Dadurch gehen den Unternehmen enorme Potentiale verloren. Lernen Sie diese Aufgaben seri\u00f6s wahrzunehmen.<\/p><div class=\"meta-bottom clear\"><a class=\"detail\" href=\"https:\/\/www.wertfabrik.ch\/de\/veranstaltung\/fuehrungskraefteschulung\">weiter<\/a><span class=\"cat\">Inhouse-Seminare<\/span><\/div><\/div><\/article><article data-postid=\"3430\" data-cat=\"inhouse-seminare\" class=\"active item-8 item-d-2 item-t-2\"><div class=\"inner\"><h2><a href=\"https:\/\/www.wertfabrik.ch\/de\/veranstaltung\/twi\">Training Within Industry (TWI)<\/a><\/h2><p>Wie werden ungelernte Mitarbeitende systematisch geschult, um eine T\u00e4tigkeit m\u00f6glichst rasch fehlerlos und effizient zu beherrschen? Lernen Sie es im Seminar Training Within Industry (TWI).<\/p><div class=\"meta-bottom clear\"><a class=\"detail\" href=\"https:\/\/www.wertfabrik.ch\/de\/veranstaltung\/twi\">weiter<\/a><span class=\"cat\">Inhouse-Seminare<\/span><\/div><\/div><\/article><article data-postid=\"7218\" data-cat=\"inhouse-seminare\" class=\"active item-9 item-d-3 item-t-1\"><div class=\"inner\"><h2><a href=\"https:\/\/www.wertfabrik.ch\/de\/veranstaltung\/qrm-management-day\">QRM Management Day<\/a><\/h2><p>Interessiert mehr \u00fcber QRM zu erfahren? In diesem eint\u00e4gigen Intensiv-Workshop lernen Sie die vier Kernelemente von QRM praktisch im Detail kennen.<\/p><div class=\"meta-bottom clear\"><a class=\"detail\" href=\"https:\/\/www.wertfabrik.ch\/de\/veranstaltung\/qrm-management-day\">weiter<\/a><span class=\"cat\">Inhouse-Seminare<\/span><\/div><\/div><\/article><div class=\"load-more-section\"><a class=\"load-more hide-button\" data-cat=\"all\" data-pcount=\"9\" href=\"#\">mehr laden<\/a><\/div><\/div><\/div>[\/vc_column][\/vc_row][vc_row full_width=&#8220;stretch_row&#8220; css=&#8220;.vc_custom_1500535115738{margin-bottom: 0px !important;}&#8220;][vc_column]<div class=\"newsletter-cta-container cta-big\"><div class=\"container clear\"><div class=\"icon-section clear\"><div class=\"icon\" style=\"background:url(https:\/\/www.wertfabrik.ch\/de\/wp-content\/themes\/wertfabrik\/img\/elements\/newsletter_icon.png)\"><img src=\"https:\/\/www.wertfabrik.ch\/de\/wp-content\/themes\/wertfabrik\/img\/elements\/newsletter_icon.png\" style=\"width:58px;height:auto;\"><\/div><\/div><div class=\"text-section\"><h2>Immer aktuell mit Wertnews<\/h2><hr><h1>Wir bedienen Sie mit Know-how<\/h1><p>Aktuell und zeitnah bringen wir Ihnen Know-how, Branchennews und Unternehmensinformationen ins Postfach. Wissenswertes, Hilfreiches und Kurzweiliges aus der Welt von Lean.<\/p><form action=\"\/de\/newsletter\/\"><a class=\"submit\" href=\"\/de\/newsletter\/\">Anmelden<\/a><\/form><\/div><\/div><\/div>[\/vc_column][\/vc_row]<\/p>\n","protected":false},"excerpt":{"rendered":"<p>[vc_row full_width=&#8220;stretch_row&#8220;][vc_column][\/vc_column][\/vc_row][vc_row full_width=&#8220;stretch_row&#8220; css=&#8220;.vc_custom_1500535115738{margin-bottom: 0px !important;}&#8220;][vc_column][\/vc_column][\/vc_row]<\/p>\n","protected":false},"author":13,"featured_media":0,"parent":18,"menu_order":0,"comment_status":"closed","ping_status":"closed","template":"","meta":[],"yoast_head":"<!-- This site is optimized with the Yoast SEO plugin v14.8.1 - https:\/\/yoast.com\/wordpress\/plugins\/seo\/ -->\n<meta name=\"robots\" content=\"index, follow\" \/>\n<meta name=\"googlebot\" content=\"index, follow, max-snippet:-1, max-image-preview:large, max-video-preview:-1\" \/>\n<meta name=\"bingbot\" content=\"index, follow, max-snippet:-1, max-image-preview:large, max-video-preview:-1\" \/>\n<link rel=\"canonical\" href=\"https:\/\/www.wertfabrik.ch\/de\/wertakademie\/inhouse-seminare\/\" \/>\n<meta property=\"og:locale\" content=\"de_DE\" \/>\n<meta property=\"og:type\" content=\"article\" \/>\n<meta property=\"og:title\" content=\"Inhouse-Seminare - Wertfabrik\" \/>\n<meta property=\"og:description\" content=\"[vc_row full_width=&#8220;stretch_row&#8220;][vc_column][\/vc_column][\/vc_row][vc_row full_width=&#8220;stretch_row&#8220; css=&#8220;.vc_custom_1500535115738{margin-bottom: 0px !important;}&#8220;][vc_column][\/vc_column][\/vc_row]\" \/>\n<meta property=\"og:url\" content=\"https:\/\/www.wertfabrik.ch\/de\/wertakademie\/inhouse-seminare\/\" \/>\n<meta property=\"og:site_name\" content=\"Wertfabrik\" \/>\n<meta property=\"article:modified_time\" content=\"2017-12-06T13:23:28+00:00\" \/>\n<meta name=\"twitter:card\" content=\"summary_large_image\" \/>\n<script type=\"application\/ld+json\" class=\"yoast-schema-graph\">{\"@context\":\"https:\/\/schema.org\",\"@graph\":[{\"@type\":\"WebSite\",\"@id\":\"https:\/\/www.wertfabrik.ch\/de\/#website\",\"url\":\"https:\/\/www.wertfabrik.ch\/de\/\",\"name\":\"Wertfabrik\",\"description\":\"\",\"potentialAction\":[{\"@type\":\"SearchAction\",\"target\":\"https:\/\/www.wertfabrik.ch\/de\/?s={search_term_string}\",\"query-input\":\"required name=search_term_string\"}],\"inLanguage\":\"de\"},{\"@type\":\"WebPage\",\"@id\":\"https:\/\/www.wertfabrik.ch\/de\/wertakademie\/inhouse-seminare\/#webpage\",\"url\":\"https:\/\/www.wertfabrik.ch\/de\/wertakademie\/inhouse-seminare\/\",\"name\":\"Inhouse-Seminare - Wertfabrik\",\"isPartOf\":{\"@id\":\"https:\/\/www.wertfabrik.ch\/de\/#website\"},\"datePublished\":\"2017-07-18T13:23:39+00:00\",\"dateModified\":\"2017-12-06T13:23:28+00:00\",\"inLanguage\":\"de\",\"potentialAction\":[{\"@type\":\"ReadAction\",\"target\":[\"https:\/\/www.wertfabrik.ch\/de\/wertakademie\/inhouse-seminare\/\"]}]}]}<\/script>\n<!-- \/ Yoast SEO plugin. -->","_links":{"self":[{"href":"https:\/\/www.wertfabrik.ch\/de\/wp-json\/wp\/v2\/pages\/245"}],"collection":[{"href":"https:\/\/www.wertfabrik.ch\/de\/wp-json\/wp\/v2\/pages"}],"about":[{"href":"https:\/\/www.wertfabrik.ch\/de\/wp-json\/wp\/v2\/types\/page"}],"author":[{"embeddable":true,"href":"https:\/\/www.wertfabrik.ch\/de\/wp-json\/wp\/v2\/users\/13"}],"replies":[{"embeddable":true,"href":"https:\/\/www.wertfabrik.ch\/de\/wp-json\/wp\/v2\/comments?post=245"}],"version-history":[{"count":5,"href":"https:\/\/www.wertfabrik.ch\/de\/wp-json\/wp\/v2\/pages\/245\/revisions"}],"predecessor-version":[{"id":966,"href":"https:\/\/www.wertfabrik.ch\/de\/wp-json\/wp\/v2\/pages\/245\/revisions\/966"}],"up":[{"embeddable":true,"href":"https:\/\/www.wertfabrik.ch\/de\/wp-json\/wp\/v2\/pages\/18"}],"wp:attachment":[{"href":"https:\/\/www.wertfabrik.ch\/de\/wp-json\/wp\/v2\/media?parent=245"}],"curies":[{"name":"wp","href":"https:\/\/api.w.org\/{rel}","templated":true}]}}