{"id":250,"date":"2017-07-19T07:48:58","date_gmt":"2017-07-19T05:48:58","guid":{"rendered":"http:\/\/localhost\/wertfabrik.ch\/de\/?page_id=250"},"modified":"2018-01-17T15:40:55","modified_gmt":"2018-01-17T14:40:55","slug":"literaturtipps","status":"publish","type":"page","link":"https:\/\/www.wertfabrik.ch\/de\/wissen\/literaturtipps\/","title":{"rendered":"Literaturtipps"},"content":{"rendered":"<p>[vc_row full_width=&#8220;stretch_row&#8220; css=&#8220;.vc_custom_1500458850731{margin-top: 0px !important;margin-bottom: 0px !important;}&#8220;][vc_column]<div class=\"header-overview-site\"><div class=\"container\"><h1>Literaturtipps<\/h1><\/div><div class=\"image-section\"><div class=\"background-img clear\" style=\"background:url(https:\/\/www.wertfabrik.ch\/de\/wp-content\/uploads\/2017\/07\/header_produktion.jpg) center -60px;\"><img src=\"https:\/\/www.wertfabrik.ch\/de\/wp-content\/uploads\/2017\/07\/header_produktion.jpg\" alt=\"Vorsprung durch Wissen\"><\/div><div class=\"header-box\"><h2>Lean-Wissen teilen<\/h2><h1>Vorsprung durch Wissen<\/h1><p>Fachliteratur\u00a0hilft dabei, auf dem neusten Wissensstand zu sein und sich dadurch\u00a0Wettbewerbsvorteile\u00a0zu er\u00f6ffnen. Unsere Literaturtipps\u00a0nennen Ihnen Fachpublikationen zu Lean, Change Management und Prozessabl\u00e4ufen.<\/p><\/div><\/div><\/div>[\/vc_column][\/vc_row][vc_row full_width=&#8220;stretch_row&#8220;][vc_column]<div class=\"overview-list-container referenzen-list\"><div class=\"container clear\"><div class=\"overview-list-controlling\"><h2>Unsere Literaturtipps im \u00dcberblick<\/h2><hr><\/div><article data-cat=\"\" class=\"active item-1 item-d-1 item-t-1\"><div class=\"inner\"><h3>Toyota Kata von Mike Rother<\/h3><h2><a href=\"https:\/\/www.wertfabrik.ch\/de\/literaturtipps\/toyota-kata-von-mike-rother\/\">Ein Blick unter die Motorhaube<\/a><\/h2><p>Die Welt schaut gerne auf Toyota, wenn es um die Verbesserung von Prozessen oder herausragende Ergebnisse geht.<\/p><div class=\"meta-bottom clear\"><a class=\"detail\" href=\"https:\/\/www.wertfabrik.ch\/de\/literaturtipps\/toyota-kata-von-mike-rother\/\">Weiter<\/a><span class=\"cat\"><\/span><\/div><\/div><\/article><article data-cat=\"\" class=\"active item-2 item-d-2 item-t-2\"><div class=\"inner\"><h3>Managing to Learn von John Shook<\/h3><h2><a href=\"https:\/\/www.wertfabrik.ch\/de\/literaturtipps\/managing-to-learn-von-john-shook\">F\u00fchrungskr\u00e4fte und Mitarbeitende f\u00f6rdern<\/a><\/h2><p>Der \u00abManaging to Learn\u00bb-Autor und \u00abLean-Guru\u00bb John Shook zeigt, wie Probleme strukturiert gel\u00f6st und \u2013 viel wichtiger \u2013 wie F\u00fchrungskr\u00e4fte und Mitarbeitende gef\u00f6rdert werden und sich entwickeln.<\/p><div class=\"meta-bottom clear\"><a class=\"detail\" href=\"https:\/\/www.wertfabrik.ch\/de\/literaturtipps\/managing-to-learn-von-john-shook\">Weiter<\/a><span class=\"cat\"><\/span><\/div><\/div><\/article><article data-cat=\"\" class=\"active item-3 item-d-3 item-t-1\"><div class=\"inner\"><h3>Das Ziel von Eliyahu M. Goldratt<\/h3><h2><a href=\"https:\/\/www.wertfabrik.ch\/de\/literaturtipps\/das-ziel-von-eliyahu-m-goldratt\/\">Ein Roman \u00fcber Prozessoptimierung<\/a><\/h2><p>Dem Manager Alex Rogo wird von der Firmenleitung ein Ultimatum gestellt. Entweder es gelingt ihm, seine Fabrik innerhalb von 3 Monaten deutlich profitabler zu machen, oder sie wird geschlossen.<\/p><div class=\"meta-bottom clear\"><a class=\"detail\" href=\"https:\/\/www.wertfabrik.ch\/de\/literaturtipps\/das-ziel-von-eliyahu-m-goldratt\/\">Weiter<\/a><span class=\"cat\"><\/span><\/div><\/div><\/article><article data-cat=\"\" class=\"active item-4 item-d-1 item-t-2\"><div class=\"inner\"><h3>The Lean Manager von Freddy Ball\u00e9, Michael Ball\u00e9 und Jeffrey Liker<\/h3><h2><a href=\"https:\/\/www.wertfabrik.ch\/de\/literaturtipps\/the-lean-manager-von-freddy-balle-michael-balle-und-jeffrey-liker\/\">A Novel of Lean Transformation<\/a><\/h2><p>In dieser wegweisenden Fortsetzung zu \u00abThe Gold Mine\u00bb pr\u00e4sentieren die Autoren Michael und Freddy Ball\u00e9 eine fesselnde Geschichte, die den Leser die wichtigste Lektion \u00fcberhaupt lehrt:<\/p><div class=\"meta-bottom clear\"><a class=\"detail\" href=\"https:\/\/www.wertfabrik.ch\/de\/literaturtipps\/the-lean-manager-von-freddy-balle-michael-balle-und-jeffrey-liker\/\">Weiter<\/a><span class=\"cat\"><\/span><\/div><\/div><\/article><article data-cat=\"\" class=\"active item-5 item-d-2 item-t-1\"><div class=\"inner\"><h3>The Lean Turnaround von Art Byrne<\/h3><h2><a href=\"https:\/\/www.wertfabrik.ch\/de\/literaturtipps\/the-lean-turnaround-von-art-byrne\/\">Eine Anleitung f\u00fcr CEOs<\/a><\/h2><p>The Lean Turnaround von Art Byrne ist eine Anleitung f\u00fcr CEOs, wie sie ihr Unternehmen \u00ablean\u00bb trimmen.<\/p><div class=\"meta-bottom clear\"><a class=\"detail\" href=\"https:\/\/www.wertfabrik.ch\/de\/literaturtipps\/the-lean-turnaround-von-art-byrne\/\">Weiter<\/a><span class=\"cat\"><\/span><\/div><\/div><\/article><article data-cat=\"\" class=\"active item-6 item-d-3 item-t-2\"><div class=\"inner\"><h3>The Toyota Product Development System<\/h3><h2><a href=\"https:\/\/www.wertfabrik.ch\/de\/literaturtipps\/the-toyota-product-development-system\/\">Die Integration von Menschen, Prozessen und Technologien<\/a><\/h2><p>Dieses Buch ist das erste Buch, das die Aspekte des Produktentwicklungsprozesses von Toyota detailliert beschreibt.<\/p><div class=\"meta-bottom clear\"><a class=\"detail\" href=\"https:\/\/www.wertfabrik.ch\/de\/literaturtipps\/the-toyota-product-development-system\/\">Weiter<\/a><span class=\"cat\"><\/span><\/div><\/div><\/article><article data-cat=\"\" class=\"active item-7 item-d-1 item-t-1\"><div class=\"inner\"><h3>Kanban \u2013 Evolution\u00e4res Change Management f\u00fcr IT-Organisationen<\/h3><h2><a href=\"https:\/\/www.wertfabrik.ch\/de\/literaturtipps\/kanban-evolutionaeres-change-management-fuer-it-organisationen\/\">Lean-Kultur in der Software-Entwicklung<\/a><\/h2><p>KANBAN ist ein System zur Steuerung des Materialflusses, urspr\u00fcnglich 1947 bei Toyota entwickelt.<\/p><div class=\"meta-bottom clear\"><a class=\"detail\" href=\"https:\/\/www.wertfabrik.ch\/de\/literaturtipps\/kanban-evolutionaeres-change-management-fuer-it-organisationen\/\">Weiter<\/a><span class=\"cat\"><\/span><\/div><\/div><\/article><article data-cat=\"\" class=\"active item-8 item-d-2 item-t-2\"><div class=\"inner\"><h3>The Lean Strategy von Ball\u00e9, Jones, Chaize und Fiume<\/h3><h2><a href=\"https:\/\/www.wertfabrik.ch\/de\/literaturtipps\/lean-strategy\/\">The Lean Strategy<\/a><\/h2><p>Die Autoren zeigen auf, dass Lean nicht aus einer Toolbox von Lean Methoden besteht, sondern als eigentliche Unternehmensstrategie angewendet zu grossem und nachhaltigem Erfolg f\u00fchrt.<\/p><div class=\"meta-bottom clear\"><a class=\"detail\" href=\"https:\/\/www.wertfabrik.ch\/de\/literaturtipps\/lean-strategy\/\">Weiter<\/a><span class=\"cat\"><\/span><\/div><\/div><\/article><\/div><\/div>[\/vc_column][\/vc_row][vc_row full_width=&#8220;stretch_row&#8220; css=&#8220;.vc_custom_1500534956594{margin-bottom: 0px !important;}&#8220;][vc_column]<div class=\"newsletter-cta-container cta-big\"><div class=\"container clear\"><div class=\"icon-section clear\"><div class=\"icon\" style=\"background:url(https:\/\/www.wertfabrik.ch\/de\/wp-content\/themes\/wertfabrik\/img\/elements\/newsletter_icon.png)\"><img src=\"https:\/\/www.wertfabrik.ch\/de\/wp-content\/themes\/wertfabrik\/img\/elements\/newsletter_icon.png\" style=\"width:58px;height:auto;\"><\/div><\/div><div class=\"text-section\"><h2>Immer aktuell mit Wertnews<\/h2><hr><h1>Wir bedienen Sie mit Know-how<\/h1><p>Aktuell und zeitnah bringen wir Ihnen Know-how, Branchennews und Unternehmensinformationen ins Postfach. Wissenswertes, Hilfreiches und Kurzweiliges aus der Welt von Lean.<\/p><form action=\"\/de\/newsletter\/\"><a class=\"submit\" href=\"\/de\/newsletter\/\">Anmelden<\/a><\/form><\/div><\/div><\/div>[\/vc_column][\/vc_row]<\/p>\n","protected":false},"excerpt":{"rendered":"<p>[vc_row full_width=&#8220;stretch_row&#8220; css=&#8220;.vc_custom_1500458850731{margin-top: 0px !important;margin-bottom: 0px !important;}&#8220;][vc_column][\/vc_column][\/vc_row][vc_row full_width=&#8220;stretch_row&#8220;][vc_column][\/vc_column][\/vc_row][vc_row full_width=&#8220;stretch_row&#8220; css=&#8220;.vc_custom_1500534956594{margin-bottom: 0px !important;}&#8220;][vc_column][\/vc_column][\/vc_row]<\/p>\n","protected":false},"author":13,"featured_media":0,"parent":16,"menu_order":10,"comment_status":"closed","ping_status":"closed","template":"","meta":[],"yoast_head":"<!-- This site is optimized with the Yoast SEO plugin v14.8.1 - https:\/\/yoast.com\/wordpress\/plugins\/seo\/ -->\n<meta name=\"robots\" content=\"index, follow\" \/>\n<meta name=\"googlebot\" content=\"index, follow, max-snippet:-1, max-image-preview:large, max-video-preview:-1\" \/>\n<meta name=\"bingbot\" content=\"index, follow, max-snippet:-1, max-image-preview:large, max-video-preview:-1\" \/>\n<link rel=\"canonical\" href=\"https:\/\/www.wertfabrik.ch\/de\/wissen\/literaturtipps\/\" \/>\n<meta property=\"og:locale\" content=\"de_DE\" \/>\n<meta property=\"og:type\" content=\"article\" \/>\n<meta property=\"og:title\" content=\"Literaturtipps - Wertfabrik\" \/>\n<meta property=\"og:description\" content=\"[vc_row full_width=&#8220;stretch_row&#8220; css=&#8220;.vc_custom_1500458850731{margin-top: 0px !important;margin-bottom: 0px !important;}&#8220;][vc_column][\/vc_column][\/vc_row][vc_row full_width=&#8220;stretch_row&#8220;][vc_column][\/vc_column][\/vc_row][vc_row full_width=&#8220;stretch_row&#8220; css=&#8220;.vc_custom_1500534956594{margin-bottom: 0px !important;}&#8220;][vc_column][\/vc_column][\/vc_row]\" \/>\n<meta property=\"og:url\" content=\"https:\/\/www.wertfabrik.ch\/de\/wissen\/literaturtipps\/\" \/>\n<meta property=\"og:site_name\" content=\"Wertfabrik\" \/>\n<meta property=\"article:modified_time\" content=\"2018-01-17T14:40:55+00:00\" \/>\n<meta name=\"twitter:card\" content=\"summary_large_image\" \/>\n<script type=\"application\/ld+json\" class=\"yoast-schema-graph\">{\"@context\":\"https:\/\/schema.org\",\"@graph\":[{\"@type\":\"WebSite\",\"@id\":\"https:\/\/www.wertfabrik.ch\/de\/#website\",\"url\":\"https:\/\/www.wertfabrik.ch\/de\/\",\"name\":\"Wertfabrik\",\"description\":\"\",\"potentialAction\":[{\"@type\":\"SearchAction\",\"target\":\"https:\/\/www.wertfabrik.ch\/de\/?s={search_term_string}\",\"query-input\":\"required name=search_term_string\"}],\"inLanguage\":\"de\"},{\"@type\":\"WebPage\",\"@id\":\"https:\/\/www.wertfabrik.ch\/de\/wissen\/literaturtipps\/#webpage\",\"url\":\"https:\/\/www.wertfabrik.ch\/de\/wissen\/literaturtipps\/\",\"name\":\"Literaturtipps - Wertfabrik\",\"isPartOf\":{\"@id\":\"https:\/\/www.wertfabrik.ch\/de\/#website\"},\"datePublished\":\"2017-07-19T05:48:58+00:00\",\"dateModified\":\"2018-01-17T14:40:55+00:00\",\"inLanguage\":\"de\",\"potentialAction\":[{\"@type\":\"ReadAction\",\"target\":[\"https:\/\/www.wertfabrik.ch\/de\/wissen\/literaturtipps\/\"]}]}]}<\/script>\n<!-- \/ Yoast SEO plugin. -->","_links":{"self":[{"href":"https:\/\/www.wertfabrik.ch\/de\/wp-json\/wp\/v2\/pages\/250"}],"collection":[{"href":"https:\/\/www.wertfabrik.ch\/de\/wp-json\/wp\/v2\/pages"}],"about":[{"href":"https:\/\/www.wertfabrik.ch\/de\/wp-json\/wp\/v2\/types\/page"}],"author":[{"embeddable":true,"href":"https:\/\/www.wertfabrik.ch\/de\/wp-json\/wp\/v2\/users\/13"}],"replies":[{"embeddable":true,"href":"https:\/\/www.wertfabrik.ch\/de\/wp-json\/wp\/v2\/comments?post=250"}],"version-history":[{"count":10,"href":"https:\/\/www.wertfabrik.ch\/de\/wp-json\/wp\/v2\/pages\/250\/revisions"}],"predecessor-version":[{"id":3492,"href":"https:\/\/www.wertfabrik.ch\/de\/wp-json\/wp\/v2\/pages\/250\/revisions\/3492"}],"up":[{"embeddable":true,"href":"https:\/\/www.wertfabrik.ch\/de\/wp-json\/wp\/v2\/pages\/16"}],"wp:attachment":[{"href":"https:\/\/www.wertfabrik.ch\/de\/wp-json\/wp\/v2\/media?parent=250"}],"curies":[{"name":"wp","href":"https:\/\/api.w.org\/{rel}","templated":true}]}}