{"id":34,"date":"2017-07-12T12:04:21","date_gmt":"2017-07-12T10:04:21","guid":{"rendered":"http:\/\/localhost\/wertfabrik.ch\/de\/?page_id=34"},"modified":"2018-10-23T14:40:24","modified_gmt":"2018-10-23T12:40:24","slug":"methoden","status":"publish","type":"page","link":"https:\/\/www.wertfabrik.ch\/de\/kompetenzen\/methoden\/","title":{"rendered":"Methoden"},"content":{"rendered":"<p>[vc_row][vc_column]<div class=\"site-intro\"><span>Mit uns zum schlanken und wettbewerbsf\u00e4higen Unternehmen<\/span><hr><h1>Klug in Takt bringen<\/h1><p>Sie wollen Ihre wertsch\u00f6pfenden Aktivit\u00e4ten klug in Takt bringen? Wir beraten nicht nur, sondern zeigen die Erfolgsfaktoren auf, die es braucht, um mit Ihnen ein \u00abschlankes Unternehmen\u00bb zu entwickeln. Ohne die Sicht Ihrer Kunden dabei aus dem Blick zu verlieren. Und wie? Wir durchleuchten alle Unternehmensbereiche und setzen dabei auf unsere einzigartige Methodik. Umsetzungsstarke Lean-Berater und eine Vielzahl von erfolgreichen Projekten in Schl\u00fcsselindustrien garantieren schnelle Ergebnisse und Mehrwert f\u00fcr morgen \u2013 das versprechen wir!<br \/>\n<\/p><\/div>[\/vc_column][\/vc_row][vc_row css=&#8220;.vc_custom_1506009407266{margin-bottom: 1em !important;}&#8220;][vc_column][vc_column_text]<\/p>\n<h3>Ihre Ziele sind unsere Ziele<\/h3>\n<p>[\/vc_column_text][\/vc_column][\/vc_row][vc_row][vc_column width=&#8220;1\/2&#8243;][vc_column_text]<\/p>\n<ul>\n<li>Ein schlankes und wettbewerbsf\u00e4higes Unternehmen.<\/li>\n<li>Schlanke und gut implementierte Prozesse und Strukturen entlang der Wertsch\u00f6pfungskette.<\/li>\n<li>Einen gemeinsamen Weg, prozessual gegliedert und methodisch vielf\u00e4ltig.<\/li>\n<\/ul>\n<p>[\/vc_column_text][\/vc_column][vc_column width=&#8220;1\/2&#8243;][vc_column_text]<\/p>\n<p>&nbsp;<\/p>\n<p>In der Unternehmensfunktion l\u00e4sst sich das Verst\u00e4ndnis von Wertsch\u00f6pfung und Verschwendung praktisch und schnell erlernen. Der Schl\u00fcssel zum Erfolg ist ein\u00a0harmonisches Zusammenspiel\u00a0innerhalb des Produktionssystems im Unternehmen und den einzelnen Mitarbeitenden.[\/vc_column_text][\/vc_column][\/vc_row][vc_row css=&#8220;.vc_custom_1506009407266{margin-bottom: 1em !important;}&#8220;][vc_column][vc_column_text]<\/p>\n<h3>Prozessoptimierung in sieben Schritten<\/h3>\n<p>[\/vc_column_text][\/vc_column][\/vc_row][vc_row][vc_column width=&#8220;1\/2&#8243;][vc_column_text]Takten Sie Ihre Abl\u00e4ufe neu. Ihr Mehrwert durch Prozessoptimierung wird\u00a0in sieben Schritten\u00a0vorbereitet und umgesetzt.<\/p>\n<p>&nbsp;<\/p>\n<ol>\n<li>Kick-off<\/li>\n<li>Schulungstag<\/li>\n<li>Analyse<\/li>\n<li>Prozessentwicklung<\/li>\n<li>Umsetzung<\/li>\n<li>Anpassungen<\/li>\n<li>Projektabschluss<\/li>\n<\/ol>\n<p>[\/vc_column_text][\/vc_column][vc_column width=&#8220;1\/2&#8243;][vc_column_text]Erfahren Sie alle Details \u00fcber die <a href=\"\/de\/wp-content\/uploads\/2017\/09\/wertfabrik-weg-prozess1.pdf\" target=\"_blank\" rel=\"noopener\">sieben Schritte der Wertfabrik-Methodik<\/a>.[\/vc_column_text][\/vc_column][\/vc_row][vc_row css=&#8220;.vc_custom_1506009407266{margin-bottom: 1em !important;}&#8220;][vc_column][vc_column_text]<\/p>\n<h3>Fit f\u00fcr den globalen Wettbewerb<\/h3>\n<p>[\/vc_column_text][\/vc_column][\/vc_row][vc_row][vc_column width=&#8220;1\/2&#8243;][vc_column_text]Unternehmen m\u00fcssen sich im globalen Wettbewerb permanent neuen Herausforderungen stellen. Diese bergen Risiken aber auch Chancen.<\/p>\n<p>&nbsp;<\/p>\n<p>Wir unterst\u00fctzen Ihr Unternehmen mit der Schaffung eines\u00a0ganzheitlichen Lean Management. Von der systematischen Analyse bis zum Serienentwicklungsprozess sind alle Elemente integriert. So bringen wir Ihren \u00abLean Stream\u00bb zum Fliessen.<\/p>\n<p>&nbsp;<\/p>\n<p>Die entscheidenden Faktoren f\u00fcr den\u00a0nachhaltigen Projekterfolg\u00a0sind:<\/p>\n<ul>\n<li>Ganzheitliche Identifizierung des F\u00fchrungs- und Projektteams<\/li>\n<li>Einbeziehung der direkt betroffenen Mitarbeitenden<\/li>\n<li>Strukturiertes Vorgehen<\/li>\n<li>Bef\u00e4higung des Kunden<\/li>\n<\/ul>\n<p>[\/vc_column_text][\/vc_column][vc_column width=&#8220;1\/2&#8243;][vc_column_text]Alles \u00fcber die vier Erfolgsfaktoren\u00a0f\u00fcr den nachhaltigen Projekterfolg erfahren Sie in unserem <a href=\"\/de\/wp-content\/uploads\/2017\/09\/wertfabrik_erfolgsfaktoren.pdf\" target=\"_blank\" rel=\"noopener\">detaillierten Dokument<\/a>.[\/vc_column_text][\/vc_column][\/vc_row]<\/p>\n","protected":false},"excerpt":{"rendered":"<p>[vc_row][vc_column][\/vc_column][\/vc_row][vc_row css=&#8220;.vc_custom_1506009407266{margin-bottom: 1em !important;}&#8220;][vc_column][vc_column_text] Ihre Ziele sind unsere Ziele [\/vc_column_text][\/vc_column][\/vc_row][vc_row][vc_column width=&#8220;1\/2&#8243;][vc_column_text] Ein schlankes und wettbewerbsf\u00e4higes Unternehmen. Schlanke und gut implementierte Prozesse und Strukturen entlang der Wertsch\u00f6pfungskette. Einen gemeinsamen Weg, prozessual gegliedert und methodisch vielf\u00e4ltig. [\/vc_column_text][\/vc_column][vc_column width=&#8220;1\/2&#8243;][vc_column_text] &nbsp; In der Unternehmensfunktion l\u00e4sst sich das Verst\u00e4ndnis von Wertsch\u00f6pfung und Verschwendung praktisch und schnell erlernen. Der Schl\u00fcssel zum [&hellip;]<\/p>\n","protected":false},"author":13,"featured_media":0,"parent":11,"menu_order":20,"comment_status":"closed","ping_status":"closed","template":"","meta":[],"yoast_head":"<!-- This site is optimized with the Yoast SEO plugin v14.8.1 - https:\/\/yoast.com\/wordpress\/plugins\/seo\/ -->\n<meta name=\"robots\" content=\"index, follow\" \/>\n<meta name=\"googlebot\" content=\"index, follow, max-snippet:-1, max-image-preview:large, max-video-preview:-1\" \/>\n<meta name=\"bingbot\" content=\"index, follow, max-snippet:-1, max-image-preview:large, max-video-preview:-1\" \/>\n<link rel=\"canonical\" href=\"https:\/\/www.wertfabrik.ch\/de\/kompetenzen\/methoden\/\" \/>\n<meta property=\"og:locale\" content=\"de_DE\" \/>\n<meta property=\"og:type\" content=\"article\" \/>\n<meta property=\"og:title\" content=\"Methoden - Wertfabrik\" \/>\n<meta property=\"og:description\" content=\"[vc_row][vc_column][\/vc_column][\/vc_row][vc_row css=&#8220;.vc_custom_1506009407266{margin-bottom: 1em !important;}&#8220;][vc_column][vc_column_text] Ihre Ziele sind unsere Ziele [\/vc_column_text][\/vc_column][\/vc_row][vc_row][vc_column width=&#8220;1\/2&#8243;][vc_column_text] Ein schlankes und wettbewerbsf\u00e4higes Unternehmen. Schlanke und gut implementierte Prozesse und Strukturen entlang der Wertsch\u00f6pfungskette. Einen gemeinsamen Weg, prozessual gegliedert und methodisch vielf\u00e4ltig. [\/vc_column_text][\/vc_column][vc_column width=&#8220;1\/2&#8243;][vc_column_text] &nbsp; In der Unternehmensfunktion l\u00e4sst sich das Verst\u00e4ndnis von Wertsch\u00f6pfung und Verschwendung praktisch und schnell erlernen. Der Schl\u00fcssel zum [&hellip;]\" \/>\n<meta property=\"og:url\" content=\"https:\/\/www.wertfabrik.ch\/de\/kompetenzen\/methoden\/\" \/>\n<meta property=\"og:site_name\" content=\"Wertfabrik\" \/>\n<meta property=\"article:modified_time\" content=\"2018-10-23T12:40:24+00:00\" \/>\n<meta name=\"twitter:card\" content=\"summary_large_image\" \/>\n<script type=\"application\/ld+json\" class=\"yoast-schema-graph\">{\"@context\":\"https:\/\/schema.org\",\"@graph\":[{\"@type\":\"WebSite\",\"@id\":\"https:\/\/www.wertfabrik.ch\/de\/#website\",\"url\":\"https:\/\/www.wertfabrik.ch\/de\/\",\"name\":\"Wertfabrik\",\"description\":\"\",\"potentialAction\":[{\"@type\":\"SearchAction\",\"target\":\"https:\/\/www.wertfabrik.ch\/de\/?s={search_term_string}\",\"query-input\":\"required name=search_term_string\"}],\"inLanguage\":\"de\"},{\"@type\":\"WebPage\",\"@id\":\"https:\/\/www.wertfabrik.ch\/de\/kompetenzen\/methoden\/#webpage\",\"url\":\"https:\/\/www.wertfabrik.ch\/de\/kompetenzen\/methoden\/\",\"name\":\"Methoden - Wertfabrik\",\"isPartOf\":{\"@id\":\"https:\/\/www.wertfabrik.ch\/de\/#website\"},\"datePublished\":\"2017-07-12T10:04:21+00:00\",\"dateModified\":\"2018-10-23T12:40:24+00:00\",\"inLanguage\":\"de\",\"potentialAction\":[{\"@type\":\"ReadAction\",\"target\":[\"https:\/\/www.wertfabrik.ch\/de\/kompetenzen\/methoden\/\"]}]}]}<\/script>\n<!-- \/ Yoast SEO plugin. -->","_links":{"self":[{"href":"https:\/\/www.wertfabrik.ch\/de\/wp-json\/wp\/v2\/pages\/34"}],"collection":[{"href":"https:\/\/www.wertfabrik.ch\/de\/wp-json\/wp\/v2\/pages"}],"about":[{"href":"https:\/\/www.wertfabrik.ch\/de\/wp-json\/wp\/v2\/types\/page"}],"author":[{"embeddable":true,"href":"https:\/\/www.wertfabrik.ch\/de\/wp-json\/wp\/v2\/users\/13"}],"replies":[{"embeddable":true,"href":"https:\/\/www.wertfabrik.ch\/de\/wp-json\/wp\/v2\/comments?post=34"}],"version-history":[{"count":12,"href":"https:\/\/www.wertfabrik.ch\/de\/wp-json\/wp\/v2\/pages\/34\/revisions"}],"predecessor-version":[{"id":1042,"href":"https:\/\/www.wertfabrik.ch\/de\/wp-json\/wp\/v2\/pages\/34\/revisions\/1042"}],"up":[{"embeddable":true,"href":"https:\/\/www.wertfabrik.ch\/de\/wp-json\/wp\/v2\/pages\/11"}],"wp:attachment":[{"href":"https:\/\/www.wertfabrik.ch\/de\/wp-json\/wp\/v2\/media?parent=34"}],"curies":[{"name":"wp","href":"https:\/\/api.w.org\/{rel}","templated":true}]}}