{"id":52,"date":"2017-07-12T13:16:15","date_gmt":"2017-07-12T11:16:15","guid":{"rendered":"http:\/\/localhost\/wertfabrik.ch\/de\/?page_id=52"},"modified":"2023-07-27T17:04:52","modified_gmt":"2023-07-27T15:04:52","slug":"newsletter","status":"publish","type":"page","link":"https:\/\/www.wertfabrik.ch\/de\/newsletter\/","title":{"rendered":"Newsletter"},"content":{"rendered":"<p>[vc_row][vc_column]<div class=\"site-intro\"><span>Anmeldung<\/span><hr><h1>Newsletter<\/h1><p><\/p><\/div>[\/vc_column][\/vc_row][vc_row][vc_column][vc_column_text]Bitte geben Sie Ihre Kontaktinformationen im Formular ein und best\u00e4tigen Sie mit der darauf folgenden E-Mail, dass wir Ihre Angaben f\u00fcr den Versand des Newsletters verwenden d\u00fcrfen. Vielen Dank![\/vc_column_text][\/vc_column][\/vc_row][vc_row][vc_column][vc_raw_html]JTNDc2NyaXB0JTIwc3JjJTNEJTI3aHR0cHMlM0ElMkYlMkZvbmxpbmU0LnN1cGVyb2ZmaWNlLmNvbSUyRkN1c3QyOTQ0NiUyRkNTJTJGc2NyaXB0cyUyRmN1c3RvbWVyLmZjZ2klM0ZhY3Rpb24lM0Rmb3JtJTI2aWQlM0RGLVMzZ1AwNVQxJTI3JTIwZGVmZXIlM0UlM0MlMkZzY3JpcHQlM0U=[\/vc_raw_html][\/vc_column][\/vc_row][vc_row][vc_column][vc_column_text]<strong>Nutzungsbedingungen<\/strong><\/p>\n<p>Wertfabrik AG wird die Kontaktangaben, die Sie in diesem Formular angeben, dazu verwenden um Ihnen vier- bis achtmal j\u00e4hrlich einen Newsletter mit Informationen zu senden.<\/p>\n<p>&nbsp;<\/p>\n<p>Wir werden Ihre Angaben ausschliesslich f\u00fcr den Versand des Newsletters verwenden. Weitere Informationen zu unseren Datenschutzpraktiken finden Sie im <a href=\"https:\/\/www.wertfabrik.ch\/de\/impressum\/\">Impressum<\/a> auf unserer Website. Sie k\u00f6nnen Ihre Meinung jederzeit \u00e4ndern, indem Sie auf den Abbestellungslink klicken, den Sie in der Fusszeile von jedem Newsletter finden, oder indem Sie uns unter <a href=\"mailto:info@wertfabrik.ch\">info@wertfabrik.ch<\/a> kontaktieren.[\/vc_column_text][\/vc_column][\/vc_row]<\/p>\n","protected":false},"excerpt":{"rendered":"<p>[vc_row][vc_column][\/vc_column][\/vc_row][vc_row][vc_column][vc_column_text]Bitte geben Sie Ihre Kontaktinformationen im Formular ein und best\u00e4tigen Sie mit der darauf folgenden E-Mail, dass wir Ihre Angaben f\u00fcr den Versand des Newsletters verwenden d\u00fcrfen. Vielen Dank![\/vc_column_text][\/vc_column][\/vc_row][vc_row][vc_column][vc_raw_html]JTNDc2NyaXB0JTIwc3JjJTNEJTI3aHR0cHMlM0ElMkYlMkZvbmxpbmU0LnN1cGVyb2ZmaWNlLmNvbSUyRkN1c3QyOTQ0NiUyRkNTJTJGc2NyaXB0cyUyRmN1c3RvbWVyLmZjZ2klM0ZhY3Rpb24lM0Rmb3JtJTI2aWQlM0RGLVMzZ1AwNVQxJTI3JTIwZGVmZXIlM0UlM0MlMkZzY3JpcHQlM0U=[\/vc_raw_html][\/vc_column][\/vc_row][vc_row][vc_column][vc_column_text]Nutzungsbedingungen Wertfabrik AG wird die Kontaktangaben, die Sie in diesem Formular angeben, dazu verwenden um Ihnen vier- bis achtmal j\u00e4hrlich einen Newsletter mit Informationen zu senden. &nbsp; [&hellip;]<\/p>\n","protected":false},"author":13,"featured_media":0,"parent":0,"menu_order":70,"comment_status":"closed","ping_status":"closed","template":"","meta":[],"yoast_head":"<!-- This site is optimized with the Yoast SEO plugin v14.8.1 - https:\/\/yoast.com\/wordpress\/plugins\/seo\/ -->\n<meta name=\"robots\" content=\"index, follow\" \/>\n<meta name=\"googlebot\" content=\"index, follow, max-snippet:-1, max-image-preview:large, max-video-preview:-1\" \/>\n<meta name=\"bingbot\" content=\"index, follow, max-snippet:-1, max-image-preview:large, max-video-preview:-1\" \/>\n<link rel=\"canonical\" href=\"https:\/\/www.wertfabrik.ch\/de\/newsletter\/\" \/>\n<meta property=\"og:locale\" content=\"de_DE\" \/>\n<meta property=\"og:type\" content=\"article\" \/>\n<meta property=\"og:title\" content=\"Newsletter - Wertfabrik\" \/>\n<meta property=\"og:description\" content=\"[vc_row][vc_column][\/vc_column][\/vc_row][vc_row][vc_column][vc_column_text]Bitte geben Sie Ihre Kontaktinformationen im Formular ein und best\u00e4tigen Sie mit der darauf folgenden E-Mail, dass wir Ihre Angaben f\u00fcr den Versand des Newsletters verwenden d\u00fcrfen. Vielen Dank![\/vc_column_text][\/vc_column][\/vc_row][vc_row][vc_column][vc_raw_html]JTNDc2NyaXB0JTIwc3JjJTNEJTI3aHR0cHMlM0ElMkYlMkZvbmxpbmU0LnN1cGVyb2ZmaWNlLmNvbSUyRkN1c3QyOTQ0NiUyRkNTJTJGc2NyaXB0cyUyRmN1c3RvbWVyLmZjZ2klM0ZhY3Rpb24lM0Rmb3JtJTI2aWQlM0RGLVMzZ1AwNVQxJTI3JTIwZGVmZXIlM0UlM0MlMkZzY3JpcHQlM0U=[\/vc_raw_html][\/vc_column][\/vc_row][vc_row][vc_column][vc_column_text]Nutzungsbedingungen Wertfabrik AG wird die Kontaktangaben, die Sie in diesem Formular angeben, dazu verwenden um Ihnen vier- bis achtmal j\u00e4hrlich einen Newsletter mit Informationen zu senden. &nbsp; [&hellip;]\" \/>\n<meta property=\"og:url\" content=\"https:\/\/www.wertfabrik.ch\/de\/newsletter\/\" \/>\n<meta property=\"og:site_name\" content=\"Wertfabrik\" \/>\n<meta property=\"article:modified_time\" content=\"2023-07-27T15:04:52+00:00\" \/>\n<meta name=\"twitter:card\" content=\"summary_large_image\" \/>\n<script type=\"application\/ld+json\" class=\"yoast-schema-graph\">{\"@context\":\"https:\/\/schema.org\",\"@graph\":[{\"@type\":\"WebSite\",\"@id\":\"https:\/\/www.wertfabrik.ch\/de\/#website\",\"url\":\"https:\/\/www.wertfabrik.ch\/de\/\",\"name\":\"Wertfabrik\",\"description\":\"\",\"potentialAction\":[{\"@type\":\"SearchAction\",\"target\":\"https:\/\/www.wertfabrik.ch\/de\/?s={search_term_string}\",\"query-input\":\"required name=search_term_string\"}],\"inLanguage\":\"de\"},{\"@type\":\"WebPage\",\"@id\":\"https:\/\/www.wertfabrik.ch\/de\/newsletter\/#webpage\",\"url\":\"https:\/\/www.wertfabrik.ch\/de\/newsletter\/\",\"name\":\"Newsletter - Wertfabrik\",\"isPartOf\":{\"@id\":\"https:\/\/www.wertfabrik.ch\/de\/#website\"},\"datePublished\":\"2017-07-12T11:16:15+00:00\",\"dateModified\":\"2023-07-27T15:04:52+00:00\",\"inLanguage\":\"de\",\"potentialAction\":[{\"@type\":\"ReadAction\",\"target\":[\"https:\/\/www.wertfabrik.ch\/de\/newsletter\/\"]}]}]}<\/script>\n<!-- \/ Yoast SEO plugin. -->","_links":{"self":[{"href":"https:\/\/www.wertfabrik.ch\/de\/wp-json\/wp\/v2\/pages\/52"}],"collection":[{"href":"https:\/\/www.wertfabrik.ch\/de\/wp-json\/wp\/v2\/pages"}],"about":[{"href":"https:\/\/www.wertfabrik.ch\/de\/wp-json\/wp\/v2\/types\/page"}],"author":[{"embeddable":true,"href":"https:\/\/www.wertfabrik.ch\/de\/wp-json\/wp\/v2\/users\/13"}],"replies":[{"embeddable":true,"href":"https:\/\/www.wertfabrik.ch\/de\/wp-json\/wp\/v2\/comments?post=52"}],"version-history":[{"count":27,"href":"https:\/\/www.wertfabrik.ch\/de\/wp-json\/wp\/v2\/pages\/52\/revisions"}],"predecessor-version":[{"id":7827,"href":"https:\/\/www.wertfabrik.ch\/de\/wp-json\/wp\/v2\/pages\/52\/revisions\/7827"}],"wp:attachment":[{"href":"https:\/\/www.wertfabrik.ch\/de\/wp-json\/wp\/v2\/media?parent=52"}],"curies":[{"name":"wp","href":"https:\/\/api.w.org\/{rel}","templated":true}]}}