{"id":544,"date":"2017-09-06T16:01:47","date_gmt":"2017-09-06T14:01:47","guid":{"rendered":"https:\/\/wertfabrik.ch\/de\/?page_id=544"},"modified":"2018-01-11T18:13:34","modified_gmt":"2018-01-11T17:13:34","slug":"cmc-zertifizierung","status":"publish","type":"page","link":"https:\/\/www.wertfabrik.ch\/de\/unternehmen\/cmc-zertifizierung\/","title":{"rendered":"CMC-Zertifizierung"},"content":{"rendered":"<p>[vc_row][vc_column]<div class=\"site-intro\"><span>G\u00fctesiegel f\u00fcr Unternehmensberater<\/span><hr><h1>Zertifizierung zum Certified Management Consultant (CMC)<\/h1><p>Die beiden Gesch\u00e4ftsf\u00fchrenden Partner der Wertfabrik David Moser und Robert Ulrich haben die strengen Zertifizierungsvorschriften des International Council of Management Consulting Institutes (ICMCI) erf\u00fcllt und tragen den Titel Certified Management Consultant (CMC).<\/p><\/div>[\/vc_column][\/vc_row][vc_row][vc_column][vc_column_text]Die CMC Zertifizierung ist das einzige weltweit anerkannte professionelle G\u00fctesiegel f\u00fcr Unternehmensberater. Berater mit diesem Siegel zeichnen sich durch besonders ethisches Verhalten aus. Integrit\u00e4t und Objektivit\u00e4t sind feste Bestandteile ihres Handelns. In der Schweiz wird der Titel durch die \u00abAssociation of Management Consultants Switzerland\u00bb (ASCO) vergeben.<\/p>\n<p>&nbsp;<\/p>\n<p>F\u00fcr die Titelvergabe m\u00fcssen folgende Voraussetzungen erf\u00fcllt werden:[\/vc_column_text][\/vc_column][\/vc_row][vc_row][vc_column width=&#8220;1\/2&#8243;][vc_column_text]<\/p>\n<ul>\n<li>Mindestens 5 Jahre Erfahrung als professioneller Unternehmensberater (mind. 1\u00b4000 Stunden aktive Unternehmensberatung pro Jahr). Kann teilweise durch eine langj\u00e4hrige Managementerfahrung kompensiert werden<\/li>\n<li>Abschluss einer Hochschule\/Fachhochschule. Kann durch zus\u00e4tzliche Erfahrung als Unternehmensberater oder Manager kompensiert werden.<\/li>\n<\/ul>\n<p>[\/vc_column_text][\/vc_column][vc_column width=&#8220;1\/2&#8243;][vc_column_text]<\/p>\n<ul>\n<li>Nachweis der hohen professionellen Qualifikation und Aktualit\u00e4t auf mindestens einem typischen Beratungsgebiet unter Ber\u00fccksichtigung einer ganzheitlichen Betrachtungsweise.<\/li>\n<li>Einhaltung des verbindlich zu vereinbarenden Verhaltenskodexes f\u00fcr zertifizierte Unternehmensberater \u00abCMC\u00bb.<\/li>\n<\/ul>\n<p>[\/vc_column_text][\/vc_column][\/vc_row][vc_row full_width=&#8220;stretch_row&#8220;][vc_column]<div class=\"zitat-container full\"><div class=\"container clear\"><div class=\"text-section\"><q>\u00abF\u00fcr uns z\u00e4hlt nicht nur der Projekterfolg, sondern auch ethisches Handeln in der Beratung. Wer mit uns zusammenarbeitet, kann sich dessen gewiss sein.\u00bb<\/q><span class=\"quote\">David Moser<\/span><\/div><\/div><\/div>[\/vc_column][\/vc_row][vc_row][vc_column][vc_column_text]Der Verhaltenskodex des ICMCI (International Council of Management Consulting Institutes) beinhaltet folgende neun Grunds\u00e4tze, die von den Beratern beachtet werden m\u00fcssen:[\/vc_column_text][\/vc_column][\/vc_row][vc_row][vc_column width=&#8220;1\/2&#8243;][vc_column_text]<\/p>\n<ol>\n<li><b>Vertraulichkeit<\/b><br \/>\nEin CMC behandelt Klienteninformationen vertraulich und nutzt sie weder zum eigenen Vorteil noch macht er sie Dritten zug\u00e4nglich.<\/li>\n<li><b>Unrealistische Erwartungen\u00a0<\/b><br \/>\nEin CMC weckt keine unrealistischen oder falschen Erwartungen und gibt kein Versprechen ab, dass der erwartete Nutzen aus spezifischen Beratungsleistungen mit Sicherheit anfallen wird.<\/li>\n<li><b>Kommissionen\/Finanzielle Interessen\u00a0<\/b><br \/>\nEin CMC nimmt weder Kommissionen, Entsch\u00e4digungen noch andere Vorteile seitens Dritter im Zusammenhang mit Empfehlungen an den Klienten ohne dessen Wissen und Einverst\u00e4ndnis an. Ebenso sind eigene finanzielle Interessen an G\u00fctern oder Dienstleistungen, die Teile einer solchen Empfehlung sind, offenzulegen.<\/li>\n<li><b>Auftr\u00e4ge\u00a0<\/b><br \/>\nEin CMC nimmt nur solche Mandate an, f\u00fcr die er \u00fcber Erfahrung und Wissen verf\u00fcgt.<\/li>\n<li><b>Unvertr\u00e4gliche Auftr\u00e4ge\u00a0<\/b><br \/>\nEin CMC vermeidet es, in potentiellen Konfliktsituationen zu agieren, ohne alle Parteien im Voraus davon in Kenntnis gesetzt zu haben.<\/li>\n<\/ol>\n<p>[\/vc_column_text][\/vc_column][vc_column width=&#8220;1\/2&#8243;][vc_column_text]<\/p>\n<ol start=\"6\">\n<li><b>Verhandlungen mit dem Klienten\u00a0\u00a0<\/b><br \/>\nEin CMC stellt sicher, dass vor der Annahme eines Mandates gegenseitiges Einvernehmen \u00fcber Ziele, Umfang, Arbeitsplan und Honorar besteht, und dass alle pers\u00f6nlichen, finanziellen oder anderen Interessen, die die Ausf\u00fchrung der Arbeit beeintr\u00e4chtigen k\u00f6nnten, offengelegt wurden.<\/li>\n<li><b>Rekrutierung\u00a0<\/b><br \/>\nOhne Einverst\u00e4ndnis des Klienten wirbt ein CMC keine Mitarbeiter des Klienten ab.<\/li>\n<li><b>Allgemeines Verhalten\u00a0<\/b><br \/>\nEin CMC zeigt sowohl im Umgang mit Klienten, als auch mit der \u00d6ffentlichkeit und anderen CMC\u2019s immer ein korrektes Gesch\u00e4ftsgebaren.<\/li>\n<li><b>Andere Unternehmensberater\u00a0<\/b><br \/>\nEin CMC stellt sicher, dass andere Berater, die f\u00fcr ihn arbeiten, mit dem \u00abVerhaltenskodex\u00bb vertraut sind und diesen befolgen.<\/li>\n<\/ol>\n<p>[\/vc_column_text][\/vc_column][\/vc_row][vc_row][vc_column]<div class=\"zitat-container full\"><div class=\"container clear\"><div class=\"text-section\"><q>\u00abWir freuen uns \u00fcber die Zertifizierung. Ethisches Handeln begleitet uns im Alltag, nun hat es ein sichtbares Label erhalten.\u00bb<\/q><span class=\"quote\">Robert Ulrich<\/span><\/div><\/div><\/div>[\/vc_column][\/vc_row]<\/p>\n","protected":false},"excerpt":{"rendered":"<p>[vc_row][vc_column][\/vc_column][\/vc_row][vc_row][vc_column][vc_column_text]Die CMC Zertifizierung ist das einzige weltweit anerkannte professionelle G\u00fctesiegel f\u00fcr Unternehmensberater. Berater mit diesem Siegel zeichnen sich durch besonders ethisches Verhalten aus. Integrit\u00e4t und Objektivit\u00e4t sind feste Bestandteile ihres Handelns. In der Schweiz wird der Titel durch die \u00abAssociation of Management Consultants Switzerland\u00bb (ASCO) vergeben. &nbsp; F\u00fcr die Titelvergabe m\u00fcssen folgende Voraussetzungen erf\u00fcllt werden:[\/vc_column_text][\/vc_column][\/vc_row][vc_row][vc_column [&hellip;]<\/p>\n","protected":false},"author":13,"featured_media":0,"parent":8,"menu_order":0,"comment_status":"closed","ping_status":"closed","template":"","meta":[],"yoast_head":"<!-- This site is optimized with the Yoast SEO plugin v14.8.1 - https:\/\/yoast.com\/wordpress\/plugins\/seo\/ -->\n<meta name=\"robots\" content=\"index, follow\" \/>\n<meta name=\"googlebot\" content=\"index, follow, max-snippet:-1, max-image-preview:large, max-video-preview:-1\" \/>\n<meta name=\"bingbot\" content=\"index, follow, max-snippet:-1, max-image-preview:large, max-video-preview:-1\" \/>\n<link rel=\"canonical\" href=\"https:\/\/www.wertfabrik.ch\/de\/unternehmen\/cmc-zertifizierung\/\" \/>\n<meta property=\"og:locale\" content=\"de_DE\" \/>\n<meta property=\"og:type\" content=\"article\" \/>\n<meta property=\"og:title\" content=\"CMC-Zertifizierung - Wertfabrik\" \/>\n<meta property=\"og:description\" content=\"[vc_row][vc_column][\/vc_column][\/vc_row][vc_row][vc_column][vc_column_text]Die CMC Zertifizierung ist das einzige weltweit anerkannte professionelle G\u00fctesiegel f\u00fcr Unternehmensberater. Berater mit diesem Siegel zeichnen sich durch besonders ethisches Verhalten aus. Integrit\u00e4t und Objektivit\u00e4t sind feste Bestandteile ihres Handelns. In der Schweiz wird der Titel durch die \u00abAssociation of Management Consultants Switzerland\u00bb (ASCO) vergeben. &nbsp; F\u00fcr die Titelvergabe m\u00fcssen folgende Voraussetzungen erf\u00fcllt werden:[\/vc_column_text][\/vc_column][\/vc_row][vc_row][vc_column [&hellip;]\" \/>\n<meta property=\"og:url\" content=\"https:\/\/www.wertfabrik.ch\/de\/unternehmen\/cmc-zertifizierung\/\" \/>\n<meta property=\"og:site_name\" content=\"Wertfabrik\" \/>\n<meta property=\"article:modified_time\" content=\"2018-01-11T17:13:34+00:00\" \/>\n<meta name=\"twitter:card\" content=\"summary_large_image\" \/>\n<script type=\"application\/ld+json\" class=\"yoast-schema-graph\">{\"@context\":\"https:\/\/schema.org\",\"@graph\":[{\"@type\":\"WebSite\",\"@id\":\"https:\/\/www.wertfabrik.ch\/de\/#website\",\"url\":\"https:\/\/www.wertfabrik.ch\/de\/\",\"name\":\"Wertfabrik\",\"description\":\"\",\"potentialAction\":[{\"@type\":\"SearchAction\",\"target\":\"https:\/\/www.wertfabrik.ch\/de\/?s={search_term_string}\",\"query-input\":\"required name=search_term_string\"}],\"inLanguage\":\"de\"},{\"@type\":\"WebPage\",\"@id\":\"https:\/\/www.wertfabrik.ch\/de\/unternehmen\/cmc-zertifizierung\/#webpage\",\"url\":\"https:\/\/www.wertfabrik.ch\/de\/unternehmen\/cmc-zertifizierung\/\",\"name\":\"CMC-Zertifizierung - Wertfabrik\",\"isPartOf\":{\"@id\":\"https:\/\/www.wertfabrik.ch\/de\/#website\"},\"datePublished\":\"2017-09-06T14:01:47+00:00\",\"dateModified\":\"2018-01-11T17:13:34+00:00\",\"inLanguage\":\"de\",\"potentialAction\":[{\"@type\":\"ReadAction\",\"target\":[\"https:\/\/www.wertfabrik.ch\/de\/unternehmen\/cmc-zertifizierung\/\"]}]}]}<\/script>\n<!-- \/ Yoast SEO plugin. -->","_links":{"self":[{"href":"https:\/\/www.wertfabrik.ch\/de\/wp-json\/wp\/v2\/pages\/544"}],"collection":[{"href":"https:\/\/www.wertfabrik.ch\/de\/wp-json\/wp\/v2\/pages"}],"about":[{"href":"https:\/\/www.wertfabrik.ch\/de\/wp-json\/wp\/v2\/types\/page"}],"author":[{"embeddable":true,"href":"https:\/\/www.wertfabrik.ch\/de\/wp-json\/wp\/v2\/users\/13"}],"replies":[{"embeddable":true,"href":"https:\/\/www.wertfabrik.ch\/de\/wp-json\/wp\/v2\/comments?post=544"}],"version-history":[{"count":10,"href":"https:\/\/www.wertfabrik.ch\/de\/wp-json\/wp\/v2\/pages\/544\/revisions"}],"predecessor-version":[{"id":3494,"href":"https:\/\/www.wertfabrik.ch\/de\/wp-json\/wp\/v2\/pages\/544\/revisions\/3494"}],"up":[{"embeddable":true,"href":"https:\/\/www.wertfabrik.ch\/de\/wp-json\/wp\/v2\/pages\/8"}],"wp:attachment":[{"href":"https:\/\/www.wertfabrik.ch\/de\/wp-json\/wp\/v2\/media?parent=544"}],"curies":[{"name":"wp","href":"https:\/\/api.w.org\/{rel}","templated":true}]}}