{"id":589,"date":"2017-09-07T13:36:26","date_gmt":"2017-09-07T11:36:26","guid":{"rendered":"https:\/\/wertfabrik.ch\/de\/?page_id=589"},"modified":"2018-10-01T10:48:55","modified_gmt":"2018-10-01T08:48:55","slug":"news","status":"publish","type":"page","link":"https:\/\/www.wertfabrik.ch\/de\/news\/","title":{"rendered":"News"},"content":{"rendered":"<p>[vc_row full_width=&#8220;stretch_row&#8220; css=&#8220;.vc_custom_1504784400054{margin-top: 0px !important;margin-bottom: 0px !important;}&#8220;][vc_column]<div class=\"header-overview-site\"><div class=\"container\"><h1>News<\/h1><\/div><div class=\"image-section\"><div class=\"background-img clear\" style=\"background:url(https:\/\/www.wertfabrik.ch\/de\/wp-content\/uploads\/2017\/07\/header_produktion.jpg) center -60px;\"><img src=\"https:\/\/www.wertfabrik.ch\/de\/wp-content\/uploads\/2017\/07\/header_produktion.jpg\" alt=\"Unser Wissen f\u00fcr Sie\"><\/div><div class=\"header-box\"><h2>News von der Wertfabrik<\/h2><h1>Unser Wissen f\u00fcr Sie<\/h1><p>Erfahren Sie hier alle Neuigkeiten rund um die Wertfabrik und Lean-Themen.<\/p><\/div><\/div><\/div>[\/vc_column][\/vc_row][vc_row full_width=&#8220;stretch_row&#8220; css=&#8220;.vc_custom_1504784317201{margin-top: 0px !important;}&#8220;][vc_column]<div data-mcat=\"post\" class=\"overview-list-container referenzen-list\"><div class=\"container clear\"><div class=\"overview-list-controlling\"><h2>News<\/h2><hr><\/div><article data-cat=\"allgemein\" class=\"active item-1 item-d-1 item-t-1\"><div class=\"inner\"><h3>28.11.2023<\/h3><h2><a href=\"https:\/\/www.wertfabrik.ch\/de\/seminare-2024\/\">Das Seminarprogramm 2024 ist online!<\/a><\/h2><p>Ab sofort ist die Anmeldung f\u00fcr unsere Seminare und LeanLive-Fachveranstaltungen m\u00f6glich.<\/p><div class=\"meta-bottom clear\"><a class=\"detail\" href=\"https:\/\/www.wertfabrik.ch\/de\/seminare-2024\/\">weiter<\/a><\/div><\/div><\/article><article data-cat=\"allgemein\" class=\"active item-2 item-d-2 item-t-2\"><div class=\"inner\"><h3>30.09.2023<\/h3><h2><a href=\"https:\/\/www.wertfabrik.ch\/de\/lean-experten\/\">Erfolgreiche neue Lean Experten<\/a><\/h2><p>Im September haben f\u00fcnf Teilnehmer das viert\u00e4gige Seminar \u00abGrundausbildung zum Lean Experten\u00bb erfolgreich abgeschlossen.<\/p><div class=\"meta-bottom clear\"><a class=\"detail\" href=\"https:\/\/www.wertfabrik.ch\/de\/lean-experten\/\">weiter<\/a><\/div><\/div><\/article><article data-cat=\"allgemein\" class=\"active item-3 item-d-3 item-t-1\"><div class=\"inner\"><h3>15.05.2023<\/h3><h2><a href=\"https:\/\/www.wertfabrik.ch\/de\/news\/lean_manager\/\">Erfolgreich abgeschlossene Zertifizierung zum Lean Manager<\/a><\/h2><p>Wir gratulieren sechs Teilnehmern zum erfolgreichen Abschluss als Lean Manager.<\/p><div class=\"meta-bottom clear\"><a class=\"detail\" href=\"https:\/\/www.wertfabrik.ch\/de\/news\/lean_manager\/\">weiter<\/a><\/div><\/div><\/article><article data-cat=\"allgemein\" class=\"active item-4 item-d-1 item-t-2\"><div class=\"inner\"><h3>02.04.2023<\/h3><h2><a href=\"https:\/\/www.wertfabrik.ch\/de\/news\/berater\/\">David Moser ist wieder zur\u00fcck in der Beratung<\/a><\/h2><p>Nach \u00fcber dreieinhalb Jahren als Interim Operations Leiter bei der Firma ancosys GmbH in Pliezhausen (Deutschland) ist David Moser nun wieder zur\u00fcck in der Schweiz und steht ab sofort wieder f\u00fcr Beratungsmandate f\u00fcr Lean und QRM zur Verf\u00fcgung.<\/p><div class=\"meta-bottom clear\"><a class=\"detail\" href=\"https:\/\/www.wertfabrik.ch\/de\/news\/berater\/\">weiter<\/a><\/div><\/div><\/article><article data-cat=\"allgemein\" class=\"active item-5 item-d-2 item-t-1\"><div class=\"inner\"><h3>24.06.2020<\/h3><h2><a href=\"https:\/\/www.wertfabrik.ch\/de\/smm-konferenz\/\">Lean Manufacturing an der SMM-Konferenz in Luzern<\/a><\/h2><p>Am 18. November 2020 findet die 8. SMM-Konferenz im Messe Forum Luzern statt. Das Thema dieses Mal \u00abLean Manufacturing: Mit schlanken Prozessen effizienter produzieren\u00bb. Wir freuen uns, als Hauptsponsoren und Referenten unser Wissen weitergeben zu k\u00f6nnen.<\/p><div class=\"meta-bottom clear\"><a class=\"detail\" href=\"https:\/\/www.wertfabrik.ch\/de\/smm-konferenz\/\">weiter<\/a><\/div><\/div><\/article><article data-cat=\"allgemein\" class=\"active item-6 item-d-3 item-t-2\"><div class=\"inner\"><h3>20.03.2020<\/h3><h2><a href=\"https:\/\/www.wertfabrik.ch\/de\/news\/messe-dormund\/\">\u00abmaintenance Dortmund 2020\u00bb \u2013 unser Messer\u00fcckblick<\/a><\/h2><p>Gemeinsam mit unserem Digitalisierungspartner KURZ DIGITAL waren wir an Deutschlands Leitmesse f\u00fcr die industrielle Instandhaltung. Wenn Sie die \u00abmaintenance Dortmund 2020\u00bb verpasst haben sollten, zeigen wir Ihnen diese L\u00f6sungen gerne bei Ihnen vor Ort.<\/p><div class=\"meta-bottom clear\"><a class=\"detail\" href=\"https:\/\/www.wertfabrik.ch\/de\/news\/messe-dormund\/\">weiter<\/a><\/div><\/div><\/article><article data-cat=\"allgemein\" class=\"inactive show-1 item-7 item-d-1 item-t-1\"><div class=\"inner\"><h3>20.03.2020<\/h3><h2><a href=\"https:\/\/www.wertfabrik.ch\/de\/news\/easy-service\/\">Nutzen Sie Ihr Potenzial? Machen Sie den Quickcheck.<\/a><\/h2><p>Vielleicht vermuten Sie es schon lange; in der Serviceabwicklung Ihres After Sales steckt noch viel unentdecktes Potenzial. Mit der Optimierung der Prozesse schonen Sie Ressourcen und steigern Ihre Servicequalit\u00e4t. Werden Sie effizienter und machen Sie den ersten Schritt \u2013 mit unserem Quickcheck.<\/p><div class=\"meta-bottom clear\"><a class=\"detail\" href=\"https:\/\/www.wertfabrik.ch\/de\/news\/easy-service\/\">weiter<\/a><\/div><\/div><\/article><article data-cat=\"allgemein\" class=\"inactive show-2 item-8 item-d-2 item-t-2\"><div class=\"inner\"><h3>20.03.2020<\/h3><h2><a href=\"https:\/\/www.wertfabrik.ch\/de\/news\/industrieforum2025\/\">Industrieforum 2025: Voll digital \u2013\u00a0als Webcast \u2013 Wertfabrik AG<\/a><\/h2><p>Die digitale Transformation bedeutet ein umfassender Wandel f\u00fcr jedes Unternehmen. In der Corona-Zeit macht sie es aber auch m\u00f6glich, f\u00fcr einmal auf die physische Durchf\u00fchrung des \u00abIndustrieforum 2025\u00bb zu verzichten. Das Forum findet online statt: Am 12. Mai mit einem verk\u00fcrzten Programm per Webcast. Wir sind als Partner dabei.<\/p><div class=\"meta-bottom clear\"><a class=\"detail\" href=\"https:\/\/www.wertfabrik.ch\/de\/news\/industrieforum2025\/\">weiter<\/a><\/div><\/div><\/article><article data-cat=\"allgemein\" class=\"inactive show-3 item-9 item-d-3 item-t-1\"><div class=\"inner\"><h3>20.11.2019<\/h3><h2><a href=\"https:\/\/www.wertfabrik.ch\/de\/fe-konferenz-ueberblick-ueber-aktuelle-forschungsaktivitaeten-4-0\/\">F&E-Konferenz mit Referaten zu Industrie 4.0<\/a><\/h2><p>Am 5. Februar 2020 findet die F&E-Konferenz der Initiative \u00abIndustrie 2025\u00bb statt. Spannende Vortr\u00e4ge rund um die Themen von Industrie 4.0 erwarten Sie. Wertfabrik unterst\u00fctzt diese Initiative als Partner. <\/p><div class=\"meta-bottom clear\"><a class=\"detail\" href=\"https:\/\/www.wertfabrik.ch\/de\/fe-konferenz-ueberblick-ueber-aktuelle-forschungsaktivitaeten-4-0\/\">weiter<\/a><\/div><\/div><\/article><article data-cat=\"allgemein\" class=\"inactive show-4 item-10 item-d-1 item-t-2\"><div class=\"inner\"><h3>01.10.2018<\/h3><h2><a href=\"https:\/\/www.wertfabrik.ch\/de\/kundenevent-2018\">Gemeinsam Z\u00fcrich entdeckt \u2013 R\u00fcckblick Kundenevent Wertfabrik<\/a><\/h2><p>Gemeinsam mit unseren treuen Kunden haben wir auf unserem j\u00e4hrlichen Kundenevent die Stadt Z\u00fcrich entdeckt: Auf dem Foxtrail standen Sightseeing, knifflige Aufgaben, Austausch und jede Menge Spass.<\/p><div class=\"meta-bottom clear\"><a class=\"detail\" href=\"https:\/\/www.wertfabrik.ch\/de\/kundenevent-2018\">weiter<\/a><\/div><\/div><\/article><article data-cat=\"allgemein\" class=\"inactive show-5 item-11 item-d-2 item-t-1\"><div class=\"inner\"><h3>26.06.2018<\/h3><h2><a href=\"https:\/\/www.wertfabrik.ch\/de\/leanlive-rieter-ag-rueckblick\/\">LeanLive @ Rieter AG \u2013 R\u00fcckblick<\/a><\/h2><p>Schlanke Logistikprozesse \u2013 Dieses Ziel setzte sich die Maschinenfabrik Rieter auf ihrer Lean-Reise. Vor kurzem liess das Unternehmen an der LeanLive Fachveranstaltung von Wertfabrik hinter die Kulissen seiner Produktion blicken.<\/p><div class=\"meta-bottom clear\"><a class=\"detail\" href=\"https:\/\/www.wertfabrik.ch\/de\/leanlive-rieter-ag-rueckblick\/\">weiter<\/a><\/div><\/div><\/article><article data-cat=\"allgemein\" class=\"inactive show-6 item-12 item-d-3 item-t-2\"><div class=\"inner\"><h3>14.05.2018<\/h3><h2><a href=\"https:\/\/www.wertfabrik.ch\/de\/was-unsere-kunden-sagen\/\">Was unsere Kunden sagen<\/a><\/h2><p> \u00abJeder Einsatz von Wertfabrik hat den Verbesserungen einen neuen Schub nach vorne gegeben.\u00bb \u2013 Wir haben typische Aussagen von unseren Kunden gesammelt.<\/p><div class=\"meta-bottom clear\"><a class=\"detail\" href=\"https:\/\/www.wertfabrik.ch\/de\/was-unsere-kunden-sagen\/\">weiter<\/a><\/div><\/div><\/article><article data-cat=\"allgemein\" class=\"inactive show-7 item-13 item-d-1 item-t-1\"><div class=\"inner\"><h3>29.08.2017<\/h3><h2><a href=\"https:\/\/www.wertfabrik.ch\/de\/interview-ian-bergman\/\">\u00abLean kann in jeder Branche eingesetzt werden\u00bb<\/a><\/h2><p>Ian Bergman ist seit Anfang September festangestellter Berater bei der Wertfabrik AG. Im Interview erz\u00e4hlt er, worauf er sich am meisten freut und welches f\u00fcr ihn die drei zentralsten Erfolgsfaktoren bei einer Lean-Einf\u00fchrung sind.<\/p><div class=\"meta-bottom clear\"><a class=\"detail\" href=\"https:\/\/www.wertfabrik.ch\/de\/interview-ian-bergman\/\">weiter<\/a><\/div><\/div><\/article><article data-cat=\"allgemein\" class=\"inactive show-8 item-14 item-d-2 item-t-2\"><div class=\"inner\"><h3>24.05.2017<\/h3><h2><a href=\"https:\/\/www.wertfabrik.ch\/de\/719-2\/\">CAS Lean Management<\/a><\/h2><p>Im Oktober 2017 startet der f\u00fcnfmonatige Studiengang \u00abCAS Lean Management f\u00fcr technische Fach- und F\u00fchrungskr\u00e4fte\u00bb. Lesen Sie hier das Interview von David Moser, Wertfabrik, und Stefan Dingerkus, ZHAW.<\/p><div class=\"meta-bottom clear\"><a class=\"detail\" href=\"https:\/\/www.wertfabrik.ch\/de\/719-2\/\">weiter<\/a><\/div><\/div><\/article><article data-cat=\"allgemein\" class=\"inactive show-9 item-15 item-d-3 item-t-1\"><div class=\"inner\"><h3>28.04.2017<\/h3><h2><a href=\"https:\/\/www.wertfabrik.ch\/de\/flexibilitaetssteigerung-dank-kurzen-durchlaufzeiten\/\">LeanLive @ H\u00e4rterei Gerster \u2013 R\u00fcckblick<\/a><\/h2><p>Seit \u00fcber 60 Jahren ist die H\u00e4rterei Gerster AG im solothurnischen Egerkingen im Bereich der H\u00e4rterei- und W\u00e4rmebehandlungstechnik t\u00e4tig. An unserer LeanLive Fachtagung am 30. M\u00e4rz erfuhren die Teilnehmenden, wie das Familienunternehmen seine Prozesse dank Lean-Massnahmen verbessern konnte.<\/p><div class=\"meta-bottom clear\"><a class=\"detail\" href=\"https:\/\/www.wertfabrik.ch\/de\/flexibilitaetssteigerung-dank-kurzen-durchlaufzeiten\/\">weiter<\/a><\/div><\/div><\/article><div class=\"load-more-section\"><a class=\"load-more\" data-cat=\"all\" data-pcount=\"15\" href=\"#\">mehr laden<\/a><\/div><\/div><\/div>[\/vc_column][\/vc_row][vc_row full_width=&#8220;stretch_row&#8220;][vc_column]<div class=\"newsletter-cta-container cta-big\"><div class=\"container clear\"><div class=\"icon-section clear\"><div class=\"icon\" style=\"background:url(https:\/\/www.wertfabrik.ch\/de\/wp-content\/themes\/wertfabrik\/img\/elements\/newsletter_icon.png)\"><img src=\"https:\/\/www.wertfabrik.ch\/de\/wp-content\/themes\/wertfabrik\/img\/elements\/newsletter_icon.png\" style=\"width:58px;height:auto;\"><\/div><\/div><div class=\"text-section\"><h2>Immer aktuell mit Wertnews<\/h2><hr><h1>Wir bedienen Sie mit Know-how<\/h1><p>Aktuell und zeitnah bringen wir Ihnen Know-how, Branchennews und Unternehmensinformationen ins Postfach. Wissenswertes, Hilfreiches und Kurzweiliges aus der Welt von Lean.<\/p><form action=\"\/de\/newsletter\/\"><a class=\"submit\" href=\"\/de\/newsletter\/\">Anmelden<\/a><\/form><\/div><\/div><\/div>[\/vc_column][\/vc_row]<\/p>\n","protected":false},"excerpt":{"rendered":"<p>[vc_row full_width=&#8220;stretch_row&#8220; css=&#8220;.vc_custom_1504784400054{margin-top: 0px !important;margin-bottom: 0px !important;}&#8220;][vc_column][\/vc_column][\/vc_row][vc_row full_width=&#8220;stretch_row&#8220; css=&#8220;.vc_custom_1504784317201{margin-top: 0px !important;}&#8220;][vc_column][\/vc_column][\/vc_row][vc_row full_width=&#8220;stretch_row&#8220;][vc_column][\/vc_column][\/vc_row]<\/p>\n","protected":false},"author":13,"featured_media":0,"parent":0,"menu_order":90,"comment_status":"closed","ping_status":"closed","template":"","meta":[],"yoast_head":"<!-- This site is optimized with the Yoast SEO plugin v14.8.1 - https:\/\/yoast.com\/wordpress\/plugins\/seo\/ -->\n<meta name=\"robots\" content=\"index, follow\" \/>\n<meta name=\"googlebot\" content=\"index, follow, max-snippet:-1, max-image-preview:large, max-video-preview:-1\" \/>\n<meta name=\"bingbot\" content=\"index, follow, max-snippet:-1, max-image-preview:large, max-video-preview:-1\" \/>\n<link rel=\"canonical\" href=\"https:\/\/www.wertfabrik.ch\/de\/news\/\" \/>\n<meta property=\"og:locale\" content=\"de_DE\" \/>\n<meta property=\"og:type\" content=\"article\" \/>\n<meta property=\"og:title\" content=\"News - Wertfabrik\" \/>\n<meta property=\"og:description\" content=\"[vc_row full_width=&#8220;stretch_row&#8220; css=&#8220;.vc_custom_1504784400054{margin-top: 0px !important;margin-bottom: 0px !important;}&#8220;][vc_column][\/vc_column][\/vc_row][vc_row full_width=&#8220;stretch_row&#8220; css=&#8220;.vc_custom_1504784317201{margin-top: 0px !important;}&#8220;][vc_column][\/vc_column][\/vc_row][vc_row full_width=&#8220;stretch_row&#8220;][vc_column][\/vc_column][\/vc_row]\" \/>\n<meta property=\"og:url\" content=\"https:\/\/www.wertfabrik.ch\/de\/news\/\" \/>\n<meta property=\"og:site_name\" content=\"Wertfabrik\" \/>\n<meta property=\"article:modified_time\" content=\"2018-10-01T08:48:55+00:00\" \/>\n<meta name=\"twitter:card\" content=\"summary_large_image\" \/>\n<script type=\"application\/ld+json\" class=\"yoast-schema-graph\">{\"@context\":\"https:\/\/schema.org\",\"@graph\":[{\"@type\":\"WebSite\",\"@id\":\"https:\/\/www.wertfabrik.ch\/de\/#website\",\"url\":\"https:\/\/www.wertfabrik.ch\/de\/\",\"name\":\"Wertfabrik\",\"description\":\"\",\"potentialAction\":[{\"@type\":\"SearchAction\",\"target\":\"https:\/\/www.wertfabrik.ch\/de\/?s={search_term_string}\",\"query-input\":\"required name=search_term_string\"}],\"inLanguage\":\"de\"},{\"@type\":\"WebPage\",\"@id\":\"https:\/\/www.wertfabrik.ch\/de\/news\/#webpage\",\"url\":\"https:\/\/www.wertfabrik.ch\/de\/news\/\",\"name\":\"News - Wertfabrik\",\"isPartOf\":{\"@id\":\"https:\/\/www.wertfabrik.ch\/de\/#website\"},\"datePublished\":\"2017-09-07T11:36:26+00:00\",\"dateModified\":\"2018-10-01T08:48:55+00:00\",\"inLanguage\":\"de\",\"potentialAction\":[{\"@type\":\"ReadAction\",\"target\":[\"https:\/\/www.wertfabrik.ch\/de\/news\/\"]}]}]}<\/script>\n<!-- \/ Yoast SEO plugin. -->","_links":{"self":[{"href":"https:\/\/www.wertfabrik.ch\/de\/wp-json\/wp\/v2\/pages\/589"}],"collection":[{"href":"https:\/\/www.wertfabrik.ch\/de\/wp-json\/wp\/v2\/pages"}],"about":[{"href":"https:\/\/www.wertfabrik.ch\/de\/wp-json\/wp\/v2\/types\/page"}],"author":[{"embeddable":true,"href":"https:\/\/www.wertfabrik.ch\/de\/wp-json\/wp\/v2\/users\/13"}],"replies":[{"embeddable":true,"href":"https:\/\/www.wertfabrik.ch\/de\/wp-json\/wp\/v2\/comments?post=589"}],"version-history":[{"count":13,"href":"https:\/\/www.wertfabrik.ch\/de\/wp-json\/wp\/v2\/pages\/589\/revisions"}],"predecessor-version":[{"id":3279,"href":"https:\/\/www.wertfabrik.ch\/de\/wp-json\/wp\/v2\/pages\/589\/revisions\/3279"}],"wp:attachment":[{"href":"https:\/\/www.wertfabrik.ch\/de\/wp-json\/wp\/v2\/media?parent=589"}],"curies":[{"name":"wp","href":"https:\/\/api.w.org\/{rel}","templated":true}]}}