{"id":8,"date":"2017-07-12T11:56:17","date_gmt":"2017-07-12T09:56:17","guid":{"rendered":"http:\/\/localhost\/wertfabrik.ch\/de\/?page_id=8"},"modified":"2025-03-31T14:17:41","modified_gmt":"2025-03-31T12:17:41","slug":"unternehmen","status":"publish","type":"page","link":"https:\/\/www.wertfabrik.ch\/de\/unternehmen\/","title":{"rendered":"Unternehmen"},"content":{"rendered":"<p>[vc_row][vc_column]<div class=\"site-intro\"><span>Was wir Ihnen versprechen<\/span><hr><h1>Erfahrene Berater mit hohen Qualit\u00e4tsanspr\u00fcchen<\/h1><p>Praxisnahe L\u00f6sungen mit ausgewiesenem Mehrwert von erfahrenen Beratern mit hohen Qualit\u00e4tsanspr\u00fcchen \u2013 daf\u00fcr steht die Wertfabrik.<\/p><\/div>[\/vc_column][\/vc_row][vc_row full_width=&#8220;stretch_row&#8220;][vc_column]<div class=\"zitat-container\"><div class=\"container clear\"><div class=\"image-section\"><div class=\"image clear\" style=\"background:url(https:\/\/www.wertfabrik.ch\/de\/wp-content\/uploads\/2017\/08\/referenz_ferrum_549x304.jpg);\"><img src=\"https:\/\/www.wertfabrik.ch\/de\/wp-content\/uploads\/2017\/08\/referenz_ferrum_549x304.jpg\" alt=\"Unternehmen\"><\/div><\/div><div class=\"text-section\"><q>In unserer Beraterfunktion sind wir \u00abtypische\u00bb Berater. Aber wir sind auch \u00abSchaffer\u00bb und \u00abArbeiter\u00bb. Wir wissen \u00fcber die Abl\u00e4ufe im Management ebenso Bescheid wie \u00fcber die in der Fertigung.<\/q><\/div><\/div><\/div>[\/vc_column][\/vc_row][vc_row][vc_column width=&#8220;1\/2&#8243;][vc_column_text]Wertsch\u00f6pfung durch weniger Verschwendung heisst in unserem Fall nicht, schneller arbeiten bis zur \u00dcberlast und Ersch\u00f6pfung. Vielmehr werden durch die Optimierung der Arbeitsabl\u00e4ufe die Produktionsprozesse gestrafft und der Zeit- und Produktionsverlust eliminiert. Wir versprechen Ihnen, dass wir dadurch Ihre Kennzahlen markant optimieren und Sie f\u00fcr die Zukunft (auf)r\u00fcsten.<\/p>\n<p>&nbsp;<\/p>\n<p>In unserer Beraterfunktion sind wir \u00abtypische\u00bb Berater und schaffen Werte. Aber wir sind auch \u00abSchaffer\u00bb und \u00abArbeiter\u00bb, wie man sie von herk\u00f6mmlichen Fabriken kennt. Wir wissen \u00fcber die Abl\u00e4ufe im Management ebenso Bescheid wie \u00fcber die in der Fertigung. Auf diesem Selbstverst\u00e4ndnis gr\u00fcndet auch der Name unseres Unternehmens: \u00abWert-Fabrik\u00bb.[\/vc_column_text][\/vc_column][vc_column width=&#8220;1\/2&#8243;][vc_column_text]Wir setzen auf offene Kommunikation und Teamarbeit \u2013 alle ziehen am gleichen Strang! Immer pers\u00f6nlich, immer menschlich. Ihr Anliegen gemeinschaftlich mit Ihnen umzusetzen \u2013 auf Augenh\u00f6he und mit der gleichen Sprache \u2013 ist unsere Vorgehensweise. Wir nehmen Sie ernst und liefern Ihnen den gew\u00fcnschten, messbaren Mehrwert.[\/vc_column_text][\/vc_column][\/vc_row][vc_row css=&#8220;.vc_custom_1504781590622{margin-bottom: 1em !important;}&#8220;][vc_column][vc_column_text]<\/p>\n<h3>F\u00fcr die Zukunft ger\u00fcstet<\/h3>\n<p>[\/vc_column_text][\/vc_column][\/vc_row][vc_row][vc_column width=&#8220;1\/2&#8243;][vc_column_text]Eine durchgehende Methodik und breit abgest\u00fctzte Ressourcen garantieren Erfolg in allen Wertsch\u00f6pfungsbereichen. Optimale und schlanke Prozesse sind unsere Kernkompetenz. Wir entwickeln mit Ihnen Strategien, damit Ihr Lean-Projekt zum langanhaltenden Erfolg wird.<\/p>\n<p>&nbsp;<\/p>\n<p>Wie geht Ihr Unternehmen in die Zukunft? Werden dort wirklich alle Potenziale ausgesch\u00f6pft? St\u00e4rken umf\u00e4nglich erkannt? Mitarbeitende gef\u00f6rdert und gefordert?<\/p>\n<p>&nbsp;<\/p>\n<p>Wir helfen Ihnen, diese Fragen zu beantworten. Auch versprechen wir, Ihre Kennzahlen zu optimieren und Sie f\u00fcr die Zukunft zu r\u00fcsten![\/vc_column_text][\/vc_column][vc_column width=&#8220;1\/2&#8243;][vc_column_text]Als ehrlicher Partner stehen wir Ihnen zur Seite und strukturieren und konzipieren Ihre Prozesse entlang der gesamten Wertsch\u00f6pfungskette neu. Wir sind f\u00fcr Sie da, wenn Sie die neuen Prozesse in die Arbeitsabl\u00e4ufe implementieren.<\/p>\n<p>&nbsp;<\/p>\n<p>Profitieren Sie von unserer Erfahrung. Mit unserer Lean-Beratung und unserem Lean-Training f\u00fchren wir Sie erfolgreich in die Zukunft!<\/p>\n<p>&nbsp;<\/p>\n<h3>Ihre Ansprechpartner<\/h3>\n<p><a href=\"\/de\/team\/robert-ulrich\/\">Robert Ulrich<\/a>, Gesch\u00e4ftsf\u00fchrender Partner<br \/>\n<a href=\"\/de\/team\/david-moser\/\">David Moser<\/a>, Gesch\u00e4ftsf\u00fchrender Partner[\/vc_column_text][\/vc_column][\/vc_row][vc_row css=&#8220;.vc_custom_1504781590622{margin-bottom: 1em !important;}&#8220;][vc_column][vc_column_text]<\/p>\n<h3>Goldauszeichnung f\u00fcr die Wertfabrik<\/h3>\n<p>[\/vc_column_text][\/vc_column][\/vc_row][vc_row][vc_column width=&#8220;1\/2&#8243;][vc_column_text]Gemeinsam mit der Firma <a href=\"https:\/\/www.kistler.com\/de\/\" target=\"_blank\" rel=\"noopener noreferrer\">Kistler Instrumente AG<\/a> hat Wertfabrik eine Goldauszeichnung beim ASCO Award 2015 erhalten.<\/p>\n<p>&nbsp;<\/p>\n<p>Alles \u00fcber diese gewinnbringende Partnerschaft erfahren Sie in unserem <a href=\"https:\/\/www.youtube.com\/watch?v=iU5e3jrOy54\" target=\"_blank\" rel=\"noopener noreferrer\">Video zur Auszeichnung<\/a>.[\/vc_column_text][\/vc_column][vc_column width=&#8220;1\/2&#8243;][vc_column_text]Die <a href=\"https:\/\/www.asco.ch\/\" target=\"_blank\" rel=\"noopener noreferrer\">ASCO Association of Management Consultants Switzerland<\/a> ist die Vereinigung der Managementberater in der Schweiz.[\/vc_column_text][\/vc_column][\/vc_row][vc_row][vc_column][vc_column_text]<\/p>\n<h3>Unternehmenspr\u00e4sentation<\/h3>\n<p>Lernen Sie unsere <a href=\"https:\/\/www.wertfabrik.ch\/de\/wp-content\/uploads\/2025\/03\/Wertfabrik_D_Firmenpraesentation.pdf\" target=\"_blank\" rel=\"noopener noreferrer\">Unternehmenspr\u00e4sentation<\/a> kennen.[\/vc_column_text][\/vc_column][\/vc_row][vc_row full_width=&#8220;stretch_row&#8220; css=&#8220;.vc_custom_1509975865828{margin-bottom: 0px !important;}&#8220;][vc_column]<div class=\"newsletter-cta-container cta-big\"><div class=\"container clear\"><div class=\"icon-section clear\"><div class=\"icon\" style=\"background:url(https:\/\/www.wertfabrik.ch\/de\/wp-content\/themes\/wertfabrik\/img\/elements\/newsletter_icon.png)\"><img src=\"https:\/\/www.wertfabrik.ch\/de\/wp-content\/themes\/wertfabrik\/img\/elements\/newsletter_icon.png\" style=\"width:58px;height:auto;\"><\/div><\/div><div class=\"text-section\"><h2>Immer aktuell mit Wertnews<\/h2><hr><h1>Wir bedienen Sie mit Know-how<\/h1><p>Aktuell und zeitnah bringen wir Ihnen Know-how, Branchennews und Unternehmensinformationen ins Postfach. Wissenswertes, Hilfreiches und Kurzweiliges aus der Welt von Lean.<\/p><form action=\"\/de\/newsletter\/\"><a class=\"submit\" href=\"\/de\/newsletter\/\">Anmelden<\/a><\/form><\/div><\/div><\/div>[\/vc_column][\/vc_row]<\/p>\n","protected":false},"excerpt":{"rendered":"<p>[vc_row][vc_column][\/vc_column][\/vc_row][vc_row full_width=&#8220;stretch_row&#8220;][vc_column][\/vc_column][\/vc_row][vc_row][vc_column width=&#8220;1\/2&#8243;][vc_column_text]Wertsch\u00f6pfung durch weniger Verschwendung heisst in unserem Fall nicht, schneller arbeiten bis zur \u00dcberlast und Ersch\u00f6pfung. Vielmehr werden durch die Optimierung der Arbeitsabl\u00e4ufe die Produktionsprozesse gestrafft und der Zeit- und Produktionsverlust eliminiert. Wir versprechen Ihnen, dass wir dadurch Ihre Kennzahlen markant optimieren und Sie f\u00fcr die Zukunft (auf)r\u00fcsten. &nbsp; In unserer Beraterfunktion sind [&hellip;]<\/p>\n","protected":false},"author":13,"featured_media":0,"parent":0,"menu_order":10,"comment_status":"closed","ping_status":"closed","template":"","meta":[],"yoast_head":"<!-- This site is optimized with the Yoast SEO plugin v14.8.1 - https:\/\/yoast.com\/wordpress\/plugins\/seo\/ -->\n<meta name=\"robots\" content=\"index, follow\" \/>\n<meta name=\"googlebot\" content=\"index, follow, max-snippet:-1, max-image-preview:large, max-video-preview:-1\" \/>\n<meta name=\"bingbot\" content=\"index, follow, max-snippet:-1, max-image-preview:large, max-video-preview:-1\" \/>\n<link rel=\"canonical\" href=\"https:\/\/www.wertfabrik.ch\/de\/unternehmen\/\" \/>\n<meta property=\"og:locale\" content=\"de_DE\" \/>\n<meta property=\"og:type\" content=\"article\" \/>\n<meta property=\"og:title\" content=\"Unternehmen - Wertfabrik\" \/>\n<meta property=\"og:description\" content=\"[vc_row][vc_column][\/vc_column][\/vc_row][vc_row full_width=&#8220;stretch_row&#8220;][vc_column][\/vc_column][\/vc_row][vc_row][vc_column width=&#8220;1\/2&#8243;][vc_column_text]Wertsch\u00f6pfung durch weniger Verschwendung heisst in unserem Fall nicht, schneller arbeiten bis zur \u00dcberlast und Ersch\u00f6pfung. Vielmehr werden durch die Optimierung der Arbeitsabl\u00e4ufe die Produktionsprozesse gestrafft und der Zeit- und Produktionsverlust eliminiert. Wir versprechen Ihnen, dass wir dadurch Ihre Kennzahlen markant optimieren und Sie f\u00fcr die Zukunft (auf)r\u00fcsten. &nbsp; In unserer Beraterfunktion sind [&hellip;]\" \/>\n<meta property=\"og:url\" content=\"https:\/\/www.wertfabrik.ch\/de\/unternehmen\/\" \/>\n<meta property=\"og:site_name\" content=\"Wertfabrik\" \/>\n<meta property=\"article:modified_time\" content=\"2025-03-31T12:17:41+00:00\" \/>\n<meta name=\"twitter:card\" content=\"summary_large_image\" \/>\n<script type=\"application\/ld+json\" class=\"yoast-schema-graph\">{\"@context\":\"https:\/\/schema.org\",\"@graph\":[{\"@type\":\"WebSite\",\"@id\":\"https:\/\/www.wertfabrik.ch\/de\/#website\",\"url\":\"https:\/\/www.wertfabrik.ch\/de\/\",\"name\":\"Wertfabrik\",\"description\":\"\",\"potentialAction\":[{\"@type\":\"SearchAction\",\"target\":\"https:\/\/www.wertfabrik.ch\/de\/?s={search_term_string}\",\"query-input\":\"required name=search_term_string\"}],\"inLanguage\":\"de\"},{\"@type\":\"WebPage\",\"@id\":\"https:\/\/www.wertfabrik.ch\/de\/unternehmen\/#webpage\",\"url\":\"https:\/\/www.wertfabrik.ch\/de\/unternehmen\/\",\"name\":\"Unternehmen - Wertfabrik\",\"isPartOf\":{\"@id\":\"https:\/\/www.wertfabrik.ch\/de\/#website\"},\"datePublished\":\"2017-07-12T09:56:17+00:00\",\"dateModified\":\"2025-03-31T12:17:41+00:00\",\"inLanguage\":\"de\",\"potentialAction\":[{\"@type\":\"ReadAction\",\"target\":[\"https:\/\/www.wertfabrik.ch\/de\/unternehmen\/\"]}]}]}<\/script>\n<!-- \/ Yoast SEO plugin. -->","_links":{"self":[{"href":"https:\/\/www.wertfabrik.ch\/de\/wp-json\/wp\/v2\/pages\/8"}],"collection":[{"href":"https:\/\/www.wertfabrik.ch\/de\/wp-json\/wp\/v2\/pages"}],"about":[{"href":"https:\/\/www.wertfabrik.ch\/de\/wp-json\/wp\/v2\/types\/page"}],"author":[{"embeddable":true,"href":"https:\/\/www.wertfabrik.ch\/de\/wp-json\/wp\/v2\/users\/13"}],"replies":[{"embeddable":true,"href":"https:\/\/www.wertfabrik.ch\/de\/wp-json\/wp\/v2\/comments?post=8"}],"version-history":[{"count":67,"href":"https:\/\/www.wertfabrik.ch\/de\/wp-json\/wp\/v2\/pages\/8\/revisions"}],"predecessor-version":[{"id":8530,"href":"https:\/\/www.wertfabrik.ch\/de\/wp-json\/wp\/v2\/pages\/8\/revisions\/8530"}],"wp:attachment":[{"href":"https:\/\/www.wertfabrik.ch\/de\/wp-json\/wp\/v2\/media?parent=8"}],"curies":[{"name":"wp","href":"https:\/\/api.w.org\/{rel}","templated":true}]}}