{"id":11,"date":"2017-07-12T11:57:36","date_gmt":"2017-07-12T09:57:36","guid":{"rendered":"http:\/\/localhost\/wertfabrik.ch\/de\/?page_id=11"},"modified":"2018-06-13T14:08:48","modified_gmt":"2018-06-13T12:08:48","slug":"competences","status":"publish","type":"page","link":"https:\/\/www.wertfabrik.ch\/fr\/competences\/","title":{"rendered":"Comp\u00e9tences"},"content":{"rendered":"<p>[vc_row full_width=\u00a0\u00bbstretch_row\u00a0\u00bb css=\u00a0\u00bb.vc_custom_1500458077897{margin-top: 0px !important;margin-bottom: 0px !important;}\u00a0\u00bb][vc_column]<div class=\"header-overview-site\"><div class=\"container\"><h1>Comp\u00e9tences<\/h1><\/div><div class=\"image-section\"><div class=\"background-img clear\" style=\"background:url(https:\/\/www.wertfabrik.ch\/fr\/wp-content\/uploads\/sites\/5\/2018\/01\/Comp\u00e9tences-\u2013-Wertfabrik-AG.jpg) center -60px;\"><img src=\"https:\/\/www.wertfabrik.ch\/fr\/wp-content\/uploads\/sites\/5\/2018\/01\/Comp\u00e9tences-\u2013-Wertfabrik-AG.jpg\" alt=\"Travailler ensemble pour atteindre des performances maximales\"><\/div><div class=\"header-box\"><h2> Lean Enterprise \u2013 Nous simplifions vos processus<\/h2><h1>Travailler ensemble pour atteindre des performances maximales<\/h1><p>Tirez pleinement profit des nombreuses prestations offertes tout au long de la cha\u00eene de cr\u00e9ation de valeur ajout\u00e9e. Nous faisons tout notre possible pour \u00e9laborer avec vous la\u00a0solution optimale\u00a0et atteindre ainsi des\u00a0performances maximales.<\/p><\/div><\/div><\/div>[\/vc_column][\/vc_row][vc_row full_width=\u00a0\u00bbstretch_row\u00a0\u00bb][vc_column]<div data-mcat=\"kompetenzen\" class=\"overview-list-container referenzen-list\"><div class=\"container clear\"><div class=\"overview-list-controlling\"><h2>Aper\u00e7u de nos comp\u00e9tences<\/h2><hr><div class=\"navigation clear\"><ul><li class=\"active\"><a href=\"#\" data-cat=\"all\">Tous<\/a><\/li><li><a href=\"#\" data-cat=\"conseil\">Conseil<\/a><\/li><li><a href=\"#\" data-cat=\"formation-lean\">Formation Lean<\/a><\/li><li><a href=\"#\" data-cat=\"management-interimaire\">Management int\u00e9rimaire<\/a><\/li><\/ul><\/div><\/div><article data-cat=\"management-interimaire\" class=\"active item-1 item-d-1 item-t-1\"><div class=\"inner\"><h3>Management int\u00e9rimaire<\/h3><h2><a href=\"https:\/\/www.wertfabrik.ch\/fr\/kompetenz\/management-interimaire\/\">Management int\u00e9rimaire \u00e0 dur\u00e9e variable<\/a><\/h2><p>Tous nos managers int\u00e9rim jouissent d'une grande exp\u00e9rience de direction dans l'industrie et de connaissances pouss\u00e9es dans le domaine du Lean. Ce faisant, ils s'av\u00e8rent \u00eatre les personnes id\u00e9ales pour lancer et mettre en place un processus de changement n\u00e9cessaire dans une entreprise.<\/p><div class=\"meta-bottom clear\"><a class=\"detail\" href=\"https:\/\/www.wertfabrik.ch\/fr\/kompetenz\/management-interimaire\/\">Plus<\/a><span class=\"cat\">Management int\u00e9rimaire<\/span><\/div><\/div><\/article><article data-cat=\"conseil\" class=\"active item-2 item-d-2 item-t-2\"><div class=\"inner\"><h3>Lean Management<\/h3><h2><a href=\"https:\/\/www.wertfabrik.ch\/fr\/kompetenz\/lean-management\/\">\u00ab Go & See \u00bb au lieu de \u00ab Meet & Mail \u00bb<\/a><\/h2><p>La notion de Lean Management englobe l'ensemble des activit\u00e9s Lean d'une entreprise, ainsi que l'art et la mani\u00e8re dont celle-ci est dirig\u00e9e.  \r\n<\/p><div class=\"meta-bottom clear\"><a class=\"detail\" href=\"https:\/\/www.wertfabrik.ch\/fr\/kompetenz\/lean-management\/\">Plus<\/a><span class=\"cat\">Conseil<\/span><\/div><\/div><\/article><article data-cat=\"conseil\" class=\"active item-3 item-d-3 item-t-1\"><div class=\"inner\"><h3>Lean Leadership<\/h3><h2><a href=\"https:\/\/www.wertfabrik.ch\/fr\/kompetenz\/lean-leadership\/\">Identifier rapidement les probl\u00e8mes et les r\u00e9soudre de fa\u00e7on durable<\/a><\/h2><p>La gestion d'atelier (Shopfloor Management) est un instrument permettant d'aider les dirigeants \u00e0 am\u00e9liorer leur performance en mati\u00e8re de direction. Les facteurs de concurrence fondamentaux que sont la qualit\u00e9, les co\u00fbts et la capacit\u00e9 de livraison (QCL) sont au c\u0153ur de toutes les activit\u00e9s.<\/p><div class=\"meta-bottom clear\"><a class=\"detail\" href=\"https:\/\/www.wertfabrik.ch\/fr\/kompetenz\/lean-leadership\/\">Plus<\/a><span class=\"cat\">Conseil<\/span><\/div><\/div><\/article><article data-cat=\"conseil\" class=\"active item-4 item-d-1 item-t-2\"><div class=\"inner\"><h3>Lean Sales<\/h3><h2><a href=\"https:\/\/www.wertfabrik.ch\/fr\/kompetenz\/lean-sales\/\">Levez le voile sur le potentiel cach\u00e9 du service des ventes<\/a><\/h2><p>Un chiffre de ventes plus \u00e9lev\u00e9 s'obtient gr\u00e2ce \u00e0 des volumes plus importants et \u00e0 une \u00ab productivit\u00e9 \u00bb optimis\u00e9e.<\/p><div class=\"meta-bottom clear\"><a class=\"detail\" href=\"https:\/\/www.wertfabrik.ch\/fr\/kompetenz\/lean-sales\/\">Plus<\/a><span class=\"cat\">Conseil<\/span><\/div><\/div><\/article><article data-cat=\"conseil\" class=\"active item-5 item-d-2 item-t-1\"><div class=\"inner\"><h3>Lean Development<\/h3><h2><a href=\"https:\/\/www.wertfabrik.ch\/fr\/kompetenz\/lean-development\/\">Pour un processus de d\u00e9veloppement simplifi\u00e9<\/a><\/h2><p>Gr\u00e2ce au Lean Development, les gaspillages durant le processus de d\u00e9veloppement sont \u00e9limin\u00e9s, et les projets de d\u00e9veloppement respectent les objectifs en termes de co\u00fbt, de d\u00e9lai et de qualit\u00e9.<\/p><div class=\"meta-bottom clear\"><a class=\"detail\" href=\"https:\/\/www.wertfabrik.ch\/fr\/kompetenz\/lean-development\/\">Plus<\/a><span class=\"cat\">Conseil<\/span><\/div><\/div><\/article><article data-cat=\"conseil\" class=\"active item-6 item-d-3 item-t-2\"><div class=\"inner\"><h3>Lean Supply Chain<\/h3><h2><a href=\"https:\/\/www.wertfabrik.ch\/fr\/kompetenz\/lean-supply-chain\/\">Essentielle au succ\u00e8s de l\u2019entreprise<\/a><\/h2><p>La Lean Supply Chain \u00e9tend ses efforts \u00e0 la logistique interne et externe, ainsi qu\u2019\u00e0 l\u2019achat et \u00e0 l\u2019approvisionnement.<\/p><div class=\"meta-bottom clear\"><a class=\"detail\" href=\"https:\/\/www.wertfabrik.ch\/fr\/kompetenz\/lean-supply-chain\/\">Plus<\/a><span class=\"cat\">Conseil<\/span><\/div><\/div><\/article><article data-cat=\"conseil\" class=\"active item-7 item-d-1 item-t-1\"><div class=\"inner\"><h3>Lean Production<\/h3><h2><a href=\"https:\/\/www.wertfabrik.ch\/fr\/kompetenz\/lean-production\/\">R\u00e9duire les d\u00e9lais d\u2019ex\u00e9cution, augmenter la productivit\u00e9<\/a><\/h2><p>Dans le cadre d'une production \u00e9pur\u00e9e, tout le gaspillage est continuellement r\u00e9duit, voire \u00e9limin\u00e9, de sorte que la part consacr\u00e9e aux activit\u00e9s cr\u00e9atrices de valeur ajout\u00e9e est maximis\u00e9e.<\/p><div class=\"meta-bottom clear\"><a class=\"detail\" href=\"https:\/\/www.wertfabrik.ch\/fr\/kompetenz\/lean-production\/\">Plus<\/a><span class=\"cat\">Conseil<\/span><\/div><\/div><\/article><article data-cat=\"conseil\" class=\"active item-8 item-d-2 item-t-2\"><div class=\"inner\"><h3>Lean Administration<\/h3><h2><a href=\"https:\/\/www.wertfabrik.ch\/fr\/kompetenz\/lean-administration\/\">Acc\u00e9l\u00e9rer les processus administratifs<\/a><\/h2><p>La Lean Administration \u2013 \u00e9galement appel\u00e9e Lean Office \u2013 s'appuie sur des m\u00e9thodes d'analyse \/ de conception des flux de valeurs dans le but d'identifier un tel potentiel et de l'am\u00e9liorer.<\/p><div class=\"meta-bottom clear\"><a class=\"detail\" href=\"https:\/\/www.wertfabrik.ch\/fr\/kompetenz\/lean-administration\/\">Plus<\/a><span class=\"cat\">Conseil<\/span><\/div><\/div><\/article><article data-cat=\"formation-lean\" class=\"active item-9 item-d-3 item-t-1\"><div class=\"inner\"><h3>Lean Training<\/h3><h2><a href=\"https:\/\/www.wertfabrik.ch\/fr\/kompetenz\/lean-training\/\">Travailler en vue de s'adapter aux d\u00e9veloppements actuels<\/a><\/h2><p>Le processus de transformation Lean ne porte ses fruits que si les connaissances, les capacit\u00e9s et les m\u00e9thodes dans l\u2019entreprise sont adapt\u00e9es aux d\u00e9veloppements actuels et v\u00e9rifi\u00e9es en permanence.<\/p><div class=\"meta-bottom clear\"><a class=\"detail\" href=\"https:\/\/www.wertfabrik.ch\/fr\/kompetenz\/lean-training\/\">Plus<\/a><span class=\"cat\">Formation Lean<\/span><\/div><\/div><\/article><article data-cat=\"conseil\" class=\"inactive show-1 item-10 item-d-1 item-t-2\"><div class=\"inner\"><h3>Lean Enterprise<\/h3><h2><a href=\"https:\/\/www.wertfabrik.ch\/fr\/kompetenz\/lean-enterprise\/\">Le conseiller Lean pour la Lean Entreprise<\/a><\/h2><p>Le conseil en gestion d'entreprise Wertfabrik est votre partenaire en mati\u00e8re de gestion des processus. Nous all\u00e9geons vos processus dans tous les domaines de votre entreprise. Transformez votre entreprise avec nous en une entreprise Lean. <\/p><div class=\"meta-bottom clear\"><a class=\"detail\" href=\"https:\/\/www.wertfabrik.ch\/fr\/kompetenz\/lean-enterprise\/\">Plus<\/a><span class=\"cat\">Conseil<\/span><\/div><\/div><\/article><div class=\"load-more-section\"><a class=\"load-more\" data-cat=\"all\" data-pcount=\"10\" href=\"#\">Afficher plus de r\u00e9sultats<\/a><\/div><\/div><\/div>[\/vc_column][\/vc_row]<\/p>\n","protected":false},"excerpt":{"rendered":"<p>[vc_row full_width=\u00a0\u00bbstretch_row\u00a0\u00bb css=\u00a0\u00bb.vc_custom_1500458077897{margin-top: 0px !important;margin-bottom: 0px !important;}\u00a0\u00bb][vc_column][\/vc_column][\/vc_row][vc_row full_width=\u00a0\u00bbstretch_row\u00a0\u00bb][vc_column][\/vc_column][\/vc_row]<\/p>\n","protected":false},"author":13,"featured_media":0,"parent":0,"menu_order":20,"comment_status":"closed","ping_status":"closed","template":"","meta":[],"yoast_head":"<!-- This site is optimized with the Yoast SEO plugin v14.8.1 - https:\/\/yoast.com\/wordpress\/plugins\/seo\/ -->\n<meta name=\"robots\" content=\"index, follow\" \/>\n<meta name=\"googlebot\" content=\"index, follow, max-snippet:-1, max-image-preview:large, max-video-preview:-1\" \/>\n<meta name=\"bingbot\" content=\"index, follow, max-snippet:-1, max-image-preview:large, max-video-preview:-1\" \/>\n<link rel=\"canonical\" href=\"https:\/\/www.wertfabrik.ch\/fr\/competences\/\" \/>\n<meta property=\"og:locale\" content=\"fr_FR\" \/>\n<meta property=\"og:type\" content=\"article\" \/>\n<meta property=\"og:title\" content=\"Comp\u00e9tences - Wertfabrik FR\" \/>\n<meta property=\"og:description\" content=\"[vc_row full_width=\u00a0\u00bbstretch_row\u00a0\u00bb css=\u00a0\u00bb.vc_custom_1500458077897{margin-top: 0px !important;margin-bottom: 0px !important;}\u00a0\u00bb][vc_column][\/vc_column][\/vc_row][vc_row full_width=\u00a0\u00bbstretch_row\u00a0\u00bb][vc_column][\/vc_column][\/vc_row]\" \/>\n<meta property=\"og:url\" content=\"https:\/\/www.wertfabrik.ch\/fr\/competences\/\" \/>\n<meta property=\"og:site_name\" content=\"Wertfabrik FR\" \/>\n<meta property=\"article:modified_time\" content=\"2018-06-13T12:08:48+00:00\" \/>\n<meta name=\"twitter:card\" content=\"summary_large_image\" \/>\n<script type=\"application\/ld+json\" class=\"yoast-schema-graph\">{\"@context\":\"https:\/\/schema.org\",\"@graph\":[{\"@type\":\"WebSite\",\"@id\":\"https:\/\/www.wertfabrik.ch\/fr\/#website\",\"url\":\"https:\/\/www.wertfabrik.ch\/fr\/\",\"name\":\"Wertfabrik FR\",\"description\":\"Eine weitere Wertfabrik Website\",\"potentialAction\":[{\"@type\":\"SearchAction\",\"target\":\"https:\/\/www.wertfabrik.ch\/fr\/?s={search_term_string}\",\"query-input\":\"required name=search_term_string\"}],\"inLanguage\":\"fr-FR\"},{\"@type\":\"WebPage\",\"@id\":\"https:\/\/www.wertfabrik.ch\/fr\/competences\/#webpage\",\"url\":\"https:\/\/www.wertfabrik.ch\/fr\/competences\/\",\"name\":\"Comp\\u00e9tences - Wertfabrik FR\",\"isPartOf\":{\"@id\":\"https:\/\/www.wertfabrik.ch\/fr\/#website\"},\"datePublished\":\"2017-07-12T09:57:36+00:00\",\"dateModified\":\"2018-06-13T12:08:48+00:00\",\"inLanguage\":\"fr-FR\",\"potentialAction\":[{\"@type\":\"ReadAction\",\"target\":[\"https:\/\/www.wertfabrik.ch\/fr\/competences\/\"]}]}]}<\/script>\n<!-- \/ Yoast SEO plugin. -->","_links":{"self":[{"href":"https:\/\/www.wertfabrik.ch\/fr\/wp-json\/wp\/v2\/pages\/11"}],"collection":[{"href":"https:\/\/www.wertfabrik.ch\/fr\/wp-json\/wp\/v2\/pages"}],"about":[{"href":"https:\/\/www.wertfabrik.ch\/fr\/wp-json\/wp\/v2\/types\/page"}],"author":[{"embeddable":true,"href":"https:\/\/www.wertfabrik.ch\/fr\/wp-json\/wp\/v2\/users\/13"}],"replies":[{"embeddable":true,"href":"https:\/\/www.wertfabrik.ch\/fr\/wp-json\/wp\/v2\/comments?post=11"}],"version-history":[{"count":20,"href":"https:\/\/www.wertfabrik.ch\/fr\/wp-json\/wp\/v2\/pages\/11\/revisions"}],"predecessor-version":[{"id":369,"href":"https:\/\/www.wertfabrik.ch\/fr\/wp-json\/wp\/v2\/pages\/11\/revisions\/369"}],"wp:attachment":[{"href":"https:\/\/www.wertfabrik.ch\/fr\/wp-json\/wp\/v2\/media?parent=11"}],"curies":[{"name":"wp","href":"https:\/\/api.w.org\/{rel}","templated":true}]}}