{"id":16,"date":"2017-07-12T12:00:54","date_gmt":"2017-07-12T10:00:54","guid":{"rendered":"http:\/\/localhost\/wertfabrik.ch\/de\/?page_id=16"},"modified":"2018-06-13T17:11:33","modified_gmt":"2018-06-13T15:11:33","slug":"savoir","status":"publish","type":"page","link":"https:\/\/www.wertfabrik.ch\/fr\/savoir\/","title":{"rendered":"Savoir"},"content":{"rendered":"<p>[vc_row][vc_column][\/vc_column][\/vc_row][vc_row css=\u00a0\u00bb.vc_custom_1502785565146{margin-top: 0px !important;}\u00a0\u00bb][vc_column]<div class=\"site-intro\"><span>Conseils et donn\u00e9es concernant le Lean<\/span><hr><h1>Acqu\u00e9rez tout le savoir-faire en mati\u00e8re de Lean<\/h1><p>La notion de Lean Management existe depuis plus d\u2019un demi-si\u00e8cle. Le concept Lean est d\u00e9sormais devenu une science \u00e0 part enti\u00e8re. De nombreux ouvrages sp\u00e9cialis\u00e9s s\u2019y int\u00e9ressent et apportent une aide pr\u00e9cieuse pour son application dans les activit\u00e9s quotidiennes.<\/p><\/div>[\/vc_column][\/vc_row][vc_row][vc_column width=\u00a0\u00bb1\/2&Prime;][vc_column_text]Parmi les ouvrages standard, citons les publications \u00ab\u00a0The Machine That Changed The World\u00a0\u00bb (1991) et \u00ab\u00a0Lean Thinking\u00a0\u00bb (2003) des deux ma\u00eetres \u00e0 penser du Lean\u00a0James P. Womack\u00a0et\u00a0Daniel T. Jones.[\/vc_column_text][\/vc_column][vc_column width=\u00a0\u00bb1\/2&Prime;][vc_column_text]De nombreux autres ouvrages traitent le th\u00e8me du Lean de mani\u00e8re approfondie. Consultez notre <a href=\"https:\/\/www.wertfabrik.ch\/fr\/news\/?select=blog\">blog<\/a>, nos\u00a0<a href=\"https:\/\/www.wertfabrik.ch\/fr\/savoir\/lectures-conseillees\/\">lectures conseill\u00e9es<\/a>\u00a0ou rendez-vous sur les\u00a0<a href=\"https:\/\/www.wertfabrik.ch\/fr\/savoir\/liens\/\">liens suivants<\/a>.[\/vc_column_text][\/vc_column][\/vc_row]<\/p>\n","protected":false},"excerpt":{"rendered":"<p>[vc_row][vc_column][\/vc_column][\/vc_row][vc_row css=\u00a0\u00bb.vc_custom_1502785565146{margin-top: 0px !important;}\u00a0\u00bb][vc_column][\/vc_column][\/vc_row][vc_row][vc_column width=\u00a0\u00bb1\/2&Prime;][vc_column_text]Parmi les ouvrages standard, citons les publications \u00ab\u00a0The Machine That Changed The World\u00a0\u00bb (1991) et \u00ab\u00a0Lean Thinking\u00a0\u00bb (2003) des deux ma\u00eetres \u00e0 penser du Lean\u00a0James P. Womack\u00a0et\u00a0Daniel T. Jones.[\/vc_column_text][\/vc_column][vc_column width=\u00a0\u00bb1\/2&Prime;][vc_column_text]De nombreux autres ouvrages traitent le th\u00e8me du Lean de mani\u00e8re approfondie. Consultez notre blog, nos\u00a0lectures conseill\u00e9es\u00a0ou rendez-vous sur les\u00a0liens suivants.[\/vc_column_text][\/vc_column][\/vc_row]<\/p>\n","protected":false},"author":13,"featured_media":0,"parent":0,"menu_order":40,"comment_status":"closed","ping_status":"closed","template":"","meta":[],"yoast_head":"<!-- This site is optimized with the Yoast SEO plugin v14.8.1 - https:\/\/yoast.com\/wordpress\/plugins\/seo\/ -->\n<meta name=\"robots\" content=\"index, follow\" \/>\n<meta name=\"googlebot\" content=\"index, follow, max-snippet:-1, max-image-preview:large, max-video-preview:-1\" \/>\n<meta name=\"bingbot\" content=\"index, follow, max-snippet:-1, max-image-preview:large, max-video-preview:-1\" \/>\n<link rel=\"canonical\" href=\"https:\/\/www.wertfabrik.ch\/fr\/savoir\/\" \/>\n<meta property=\"og:locale\" content=\"fr_FR\" \/>\n<meta property=\"og:type\" content=\"article\" \/>\n<meta property=\"og:title\" content=\"Savoir - Wertfabrik FR\" \/>\n<meta property=\"og:description\" content=\"[vc_row][vc_column][\/vc_column][\/vc_row][vc_row css=\u00a0\u00bb.vc_custom_1502785565146{margin-top: 0px !important;}\u00a0\u00bb][vc_column][\/vc_column][\/vc_row][vc_row][vc_column width=\u00a0\u00bb1\/2&Prime;][vc_column_text]Parmi les ouvrages standard, citons les publications \u00ab\u00a0The Machine That Changed The World\u00a0\u00bb (1991) et \u00ab\u00a0Lean Thinking\u00a0\u00bb (2003) des deux ma\u00eetres \u00e0 penser du Lean\u00a0James P. Womack\u00a0et\u00a0Daniel T. Jones.[\/vc_column_text][\/vc_column][vc_column width=\u00a0\u00bb1\/2&Prime;][vc_column_text]De nombreux autres ouvrages traitent le th\u00e8me du Lean de mani\u00e8re approfondie. Consultez notre blog, nos\u00a0lectures conseill\u00e9es\u00a0ou rendez-vous sur les\u00a0liens suivants.[\/vc_column_text][\/vc_column][\/vc_row]\" \/>\n<meta property=\"og:url\" content=\"https:\/\/www.wertfabrik.ch\/fr\/savoir\/\" \/>\n<meta property=\"og:site_name\" content=\"Wertfabrik FR\" \/>\n<meta property=\"article:modified_time\" content=\"2018-06-13T15:11:33+00:00\" \/>\n<meta name=\"twitter:card\" content=\"summary_large_image\" \/>\n<script type=\"application\/ld+json\" class=\"yoast-schema-graph\">{\"@context\":\"https:\/\/schema.org\",\"@graph\":[{\"@type\":\"WebSite\",\"@id\":\"https:\/\/www.wertfabrik.ch\/fr\/#website\",\"url\":\"https:\/\/www.wertfabrik.ch\/fr\/\",\"name\":\"Wertfabrik FR\",\"description\":\"Eine weitere Wertfabrik Website\",\"potentialAction\":[{\"@type\":\"SearchAction\",\"target\":\"https:\/\/www.wertfabrik.ch\/fr\/?s={search_term_string}\",\"query-input\":\"required name=search_term_string\"}],\"inLanguage\":\"fr-FR\"},{\"@type\":\"WebPage\",\"@id\":\"https:\/\/www.wertfabrik.ch\/fr\/savoir\/#webpage\",\"url\":\"https:\/\/www.wertfabrik.ch\/fr\/savoir\/\",\"name\":\"Savoir - Wertfabrik FR\",\"isPartOf\":{\"@id\":\"https:\/\/www.wertfabrik.ch\/fr\/#website\"},\"datePublished\":\"2017-07-12T10:00:54+00:00\",\"dateModified\":\"2018-06-13T15:11:33+00:00\",\"inLanguage\":\"fr-FR\",\"potentialAction\":[{\"@type\":\"ReadAction\",\"target\":[\"https:\/\/www.wertfabrik.ch\/fr\/savoir\/\"]}]}]}<\/script>\n<!-- \/ Yoast SEO plugin. -->","_links":{"self":[{"href":"https:\/\/www.wertfabrik.ch\/fr\/wp-json\/wp\/v2\/pages\/16"}],"collection":[{"href":"https:\/\/www.wertfabrik.ch\/fr\/wp-json\/wp\/v2\/pages"}],"about":[{"href":"https:\/\/www.wertfabrik.ch\/fr\/wp-json\/wp\/v2\/types\/page"}],"author":[{"embeddable":true,"href":"https:\/\/www.wertfabrik.ch\/fr\/wp-json\/wp\/v2\/users\/13"}],"replies":[{"embeddable":true,"href":"https:\/\/www.wertfabrik.ch\/fr\/wp-json\/wp\/v2\/comments?post=16"}],"version-history":[{"count":12,"href":"https:\/\/www.wertfabrik.ch\/fr\/wp-json\/wp\/v2\/pages\/16\/revisions"}],"predecessor-version":[{"id":1355,"href":"https:\/\/www.wertfabrik.ch\/fr\/wp-json\/wp\/v2\/pages\/16\/revisions\/1355"}],"wp:attachment":[{"href":"https:\/\/www.wertfabrik.ch\/fr\/wp-json\/wp\/v2\/media?parent=16"}],"curies":[{"name":"wp","href":"https:\/\/api.w.org\/{rel}","templated":true}]}}