{"id":24,"date":"2017-07-12T12:02:54","date_gmt":"2017-07-12T10:02:54","guid":{"rendered":"http:\/\/localhost\/wertfabrik.ch\/de\/?page_id=24"},"modified":"2018-06-13T17:12:45","modified_gmt":"2018-06-13T15:12:45","slug":"equipe","status":"publish","type":"page","link":"https:\/\/www.wertfabrik.ch\/fr\/entreprise\/equipe\/","title":{"rendered":"\u00c9quipe"},"content":{"rendered":"<p>[vc_row][vc_column]<div class=\"site-intro\"><span>Des conseillers Lean comp\u00e9tents pour vous<\/span><hr><h1>Nous cr\u00e9ons de la valeur ajout\u00e9e<\/h1><p><\/p><\/div>[vc_row_inner][vc_column_inner width=\u00a0\u00bb1\/2&Prime;][vc_column_text]Nous sommes des conseillers Lean dou\u00e9s d\u2019une grande capacit\u00e9 de mise en \u0153uvre.\u00a0Forts d\u2019une vaste exp\u00e9rience dans l\u2019industrie, nous faisons preuve de combativit\u00e9. Notre comp\u00e9tence g\u00e9n\u00e8re de la valeur ajout\u00e9e.<\/p>\n<p>&nbsp;<\/p>\n<p>Nos conseillers ont fait leurs preuves sur le terrain, ont suivi une formation pouss\u00e9e et poss\u00e8dent de solides connaissances m\u00e9thodologiques. Ils ont eux-m\u00eames exp\u00e9riment\u00e9 l\u2019\u00e9tat d\u2019esprit Lean avec toutes ses difficult\u00e9s et ses grands pr\u00e9ceptes.[\/vc_column_text][\/vc_column_inner][vc_column_inner width=\u00a0\u00bb1\/2&Prime;][vc_column_text]Ce sont des personnes qui savent de quoi elles parlent, prodiguent des conseils d\u2019\u00e9gal \u00e0 \u00e9gal et appliquent des mesures. Jugez par vous-m\u00eame de la qualit\u00e9 de nos\u00a0vastes profils de comp\u00e9tence\u00a0et de notre grande exp\u00e9rience.[\/vc_column_text][\/vc_column_inner][\/vc_row_inner][\/vc_column][\/vc_row][vc_row full_width=\u00a0\u00bbstretch_row\u00a0\u00bb][vc_column]<div class=\"overview-list-container team-list\"><div class=\"container clear\"><div class=\"overview-list-controlling\"><h2>Voici notre \u00e9quipe<\/h2><hr><\/div><article class=\"active item-1 item-d-1 item-t-1\"><div class=\"inner\"><div class=\"image-section clear\" style=\"background:url(https:\/\/www.wertfabrik.ch\/fr\/wp-content\/uploads\/sites\/5\/2018\/01\/Robert-Ulrich-Wertfabrik-quadratisch.jpg);background-size:100% 100%;background-repeat:no-repeat;width:107px;\"><a href=\"https:\/\/www.wertfabrik.ch\/fr\/team\/robert-ulrich\/\"><img src=\"https:\/\/www.wertfabrik.ch\/fr\/wp-content\/uploads\/sites\/5\/2018\/01\/Robert-Ulrich-Wertfabrik-quadratisch.jpg\" width=\"107\" alt=\"Robert Ulrich\"><\/a><\/div><h2><a href=\"https:\/\/www.wertfabrik.ch\/fr\/team\/robert-ulrich\/\">Robert Ulrich<\/a><\/h2><p><p>Partenaire g\u00e9rant<br \/>\nCertified Management Consultant (CMC)<br \/>\nIng\u00e9nieur dipl\u00f4m\u00e9 en m\u00e9canique ES<br \/>\nPost-dipl\u00f4m\u00e9 en gestion d\u2019entreprise ES<\/p>\n<\/p><div class=\"social-section clear\"><a class=\"email\" href=\"mailto:robert.ulrich@wertfabrik.ch\"><\/a><a class=\"xing\" target=\"_blank\" href=\"https:\/\/www.xing.com\/profile\/Robert_Ulrich6\"><\/a><a class=\"linkedin\" target=\"_blank\" href=\"https:\/\/ch.linkedin.com\/pub\/robert-ulrich\/66\/96b\/992\"><\/a><a class=\"detail\" href=\"https:\/\/www.wertfabrik.ch\/fr\/team\/robert-ulrich\/\">Plus<\/a><\/div><\/div><\/article><article class=\"active item-2 item-d-2 item-t-2\"><div class=\"inner\"><div class=\"image-section clear\" style=\"background:url(https:\/\/www.wertfabrik.ch\/fr\/wp-content\/uploads\/sites\/5\/2018\/01\/David-Moser-Wertfabrik-quadratisch.jpg);background-size:100% 100%;background-repeat:no-repeat;width:107px;\"><a href=\"https:\/\/www.wertfabrik.ch\/fr\/team\/david-moser\/\"><img src=\"https:\/\/www.wertfabrik.ch\/fr\/wp-content\/uploads\/sites\/5\/2018\/01\/David-Moser-Wertfabrik-quadratisch.jpg\" width=\"107\" alt=\"David Moser\"><\/a><\/div><h2><a href=\"https:\/\/www.wertfabrik.ch\/fr\/team\/david-moser\/\">David Moser<\/a><\/h2><p><p>Partenaire g\u00e9rant<br \/>\nCertified Management Consultant (CMC)<br \/>\nDocteur en sciences techniques<br \/>\nDipl\u00f4m\u00e9 en physique EPFZ<br \/>\nExec. MBA<\/p>\n<\/p><div class=\"social-section clear\"><a class=\"email\" href=\"mailto:david.moser@wertfabirk.ch\"><\/a><a class=\"xing\" target=\"_blank\" href=\"http:\/\/www.xing.com\/profile\/David_Moser5\"><\/a><a class=\"linkedin\" target=\"_blank\" href=\"http:\/\/ch.linkedin.com\/pub\/david-moser\/9\/50b\/226\"><\/a><a class=\"detail\" href=\"https:\/\/www.wertfabrik.ch\/fr\/team\/david-moser\/\">Plus<\/a><\/div><\/div><\/article><article class=\"active item-3 item-d-3 item-t-1\"><div class=\"inner\"><div class=\"image-section clear\" style=\"background:url(https:\/\/www.wertfabrik.ch\/fr\/wp-content\/uploads\/sites\/5\/2018\/01\/Ian-Bergman-Wertfabrik-quadratisch.jpg);background-size:100% 100%;background-repeat:no-repeat;width:107px;\"><a href=\"https:\/\/www.wertfabrik.ch\/fr\/team\/ian-bergman\/\"><img src=\"https:\/\/www.wertfabrik.ch\/fr\/wp-content\/uploads\/sites\/5\/2018\/01\/Ian-Bergman-Wertfabrik-quadratisch.jpg\" width=\"107\" alt=\"Ian Bergman\"><\/a><\/div><h2><a href=\"https:\/\/www.wertfabrik.ch\/fr\/team\/ian-bergman\/\">Ian Bergman<\/a><\/h2><p><p>Conseiller en chef<br \/>\nBachelor en sciences avec mention en g\u00e9nie civil<br \/>\nExec. MBA<br \/>\n&nbsp;<\/p>\n<\/p><div class=\"social-section clear\"><a class=\"email\" href=\"mailto:ian.bergmann@wertfabrik.ch\"><\/a><a class=\"xing\" target=\"_blank\" href=\"https:\/\/www.xing.com\/profile\/Ian_Bergman\"><\/a><a class=\"linkedin\" target=\"_blank\" href=\"https:\/\/www.linkedin.com\/in\/ian-bergman-a027b243\/?ppe=1\"><\/a><a class=\"detail\" href=\"https:\/\/www.wertfabrik.ch\/fr\/team\/ian-bergman\/\">Plus<\/a><\/div><\/div><\/article><article class=\"active item-4 item-d-1 item-t-2\"><div class=\"inner\"><div class=\"image-section clear\" style=\"background:url(https:\/\/www.wertfabrik.ch\/fr\/wp-content\/uploads\/sites\/5\/2017\/07\/Richard-Krueger-Wertfabrik-214x214.jpg);background-size:100% 100%;background-repeat:no-repeat;width:107px;\"><a href=\"https:\/\/www.wertfabrik.ch\/fr\/team\/richard-krueger\/\"><img src=\"https:\/\/www.wertfabrik.ch\/fr\/wp-content\/uploads\/sites\/5\/2017\/07\/Richard-Krueger-Wertfabrik-214x214.jpg\" width=\"107\" alt=\"Richard Kr\u00fcger\"><\/a><\/div><h2><a href=\"https:\/\/www.wertfabrik.ch\/fr\/team\/richard-krueger\/\">Richard Kr\u00fcger<\/a><\/h2><p><p>Conseiller en chef<br \/>\nOrganisateur dipl\u00f4m\u00e9 f\u00e9d\u00e9ral ES,<br \/>\nsp\u00e9cialiste d'exploitation dipl\u00f4m\u00e9 f\u00e9d\u00e9ral ES<br \/>\n&nbsp;<\/p>\n<\/p><div class=\"social-section clear\"><a class=\"email\" href=\"mailto:richard.krueger@wertfabrik.ch\"><\/a><a class=\"xing\" target=\"_blank\" href=\"http:\/\/www.xing.com\/profile\/Richard_Krueger4\"><\/a><a class=\"detail\" href=\"https:\/\/www.wertfabrik.ch\/fr\/team\/richard-krueger\/\">Plus<\/a><\/div><\/div><\/article><article class=\"active item-5 item-d-2 item-t-1\"><div class=\"inner\"><div class=\"image-section clear\" style=\"background:url(https:\/\/www.wertfabrik.ch\/fr\/wp-content\/uploads\/sites\/5\/2017\/07\/Bruno-Portmann-Wertfabrik-214x214.jpg);background-size:100% 100%;background-repeat:no-repeat;width:107px;\"><a href=\"https:\/\/www.wertfabrik.ch\/fr\/team\/bruno-portmann\/\"><img src=\"https:\/\/www.wertfabrik.ch\/fr\/wp-content\/uploads\/sites\/5\/2017\/07\/Bruno-Portmann-Wertfabrik-214x214.jpg\" width=\"107\" alt=\"Bruno Portmann\"><\/a><\/div><h2><a href=\"https:\/\/www.wertfabrik.ch\/fr\/team\/bruno-portmann\/\">Bruno Portmann<\/a><\/h2><p><p>Conseiller en chef<br \/>\nIng\u00e9nieur \u00e9lectricien dipl\u00f4m\u00e9 HES<br \/>\nExec. MBA HSG<br \/>\n&nbsp;<\/p>\n<\/p><div class=\"social-section clear\"><a class=\"email\" href=\"mailto:bruno.portmann@wertfabrik.ch\"><\/a><a class=\"detail\" href=\"https:\/\/www.wertfabrik.ch\/fr\/team\/bruno-portmann\/\">Plus<\/a><\/div><\/div><\/article><article class=\"active item-6 item-d-3 item-t-2\"><div class=\"inner\"><div class=\"image-section clear\" style=\"background:url(https:\/\/www.wertfabrik.ch\/fr\/wp-content\/uploads\/sites\/5\/2017\/07\/Stefan-Bankwitz-Wertfabrik-214x214.jpg);background-size:100% 100%;background-repeat:no-repeat;width:107px;\"><a href=\"https:\/\/www.wertfabrik.ch\/fr\/team\/stephan-bankwitz\/\"><img src=\"https:\/\/www.wertfabrik.ch\/fr\/wp-content\/uploads\/sites\/5\/2017\/07\/Stefan-Bankwitz-Wertfabrik-214x214.jpg\" width=\"107\" alt=\"Stephan Bankwitz\"><\/a><\/div><h2><a href=\"https:\/\/www.wertfabrik.ch\/fr\/team\/stephan-bankwitz\/\">Stephan Bankwitz<\/a><\/h2><p><p>Conseiller en chef<br \/>\nIng. en m\u00e9canique dipl. de l'universit\u00e9 de Karlsruhe<br \/>\nSix Sigma Black Belt<br \/>\n&nbsp;<\/p>\n<\/p><div class=\"social-section clear\"><a class=\"email\" href=\"mailto:stephan.bankwitz@wertfabirk.ch\"><\/a><a class=\"xing\" target=\"_blank\" href=\"https:\/\/www.xing.com\/profiles\/Stephan_Bankwitz\"><\/a><a class=\"linkedin\" target=\"_blank\" href=\"http:\/\/www.linkedin.com\/pub\/stephan-bankwitz\/73\/477\/2a3\"><\/a><a class=\"detail\" href=\"https:\/\/www.wertfabrik.ch\/fr\/team\/stephan-bankwitz\/\">Plus<\/a><\/div><\/div><\/article><article class=\"active item-7 item-d-1 item-t-1\"><div class=\"inner\"><div class=\"image-section clear\" style=\"background:url(https:\/\/www.wertfabrik.ch\/fr\/wp-content\/uploads\/sites\/5\/2017\/07\/Holger-Heckel-Wertfabrik-214x214.jpg);background-size:100% 100%;background-repeat:no-repeat;width:107px;\"><a href=\"https:\/\/www.wertfabrik.ch\/fr\/team\/holger-heckel\/\"><img src=\"https:\/\/www.wertfabrik.ch\/fr\/wp-content\/uploads\/sites\/5\/2017\/07\/Holger-Heckel-Wertfabrik-214x214.jpg\" width=\"107\" alt=\"Holger Heckel\"><\/a><\/div><h2><a href=\"https:\/\/www.wertfabrik.ch\/fr\/team\/holger-heckel\/\">Holger Heckel<\/a><\/h2><p><p>Conseiller en chef<br \/>\nIng\u00e9nieur en \u00e9conomie dipl\u00f4m\u00e9 FH<br \/>\n&nbsp;<br \/>\n&nbsp;<\/p>\n<\/p><div class=\"social-section clear\"><a class=\"email\" href=\"mailto:holger.heckel@wertfabrik.ch\"><\/a><a class=\"detail\" href=\"https:\/\/www.wertfabrik.ch\/fr\/team\/holger-heckel\/\">Plus<\/a><\/div><\/div><\/article><\/div><\/div>[\/vc_column][\/vc_row][vc_row full_width=\u00a0\u00bbstretch_row\u00a0\u00bb disable_element=\u00a0\u00bbyes\u00a0\u00bb css=\u00a0\u00bb.vc_custom_1528902762464{margin-bottom: 0px !important;}\u00a0\u00bb][vc_column]<div class=\"newsletter-cta-container cta-big\"><div class=\"container clear\"><div class=\"icon-section clear\"><div class=\"icon\" style=\"background:url(https:\/\/www.wertfabrik.ch\/fr\/wp-content\/themes\/wertfabrik\/img\/elements\/newsletter_icon.png)\"><img src=\"https:\/\/www.wertfabrik.ch\/fr\/wp-content\/themes\/wertfabrik\/img\/elements\/newsletter_icon.png\" style=\"width:58px;height:auto;\"><\/div><\/div><div class=\"text-section\"><h2>Restez toujours \u00e0 la page gr\u00e2ce aux actualit\u00e9s Wertfabrik<\/h2><hr><h1>Nous mettons notre expertise et nos informations \u00e0 votre service<\/h1><p>Nous partageons avec vous par e-mail notre savoir-faire, les actualit\u00e9s du secteurs et des informations sur l'entreprise r\u00e9guli\u00e8rement et \u00e0 point nomm\u00e9. Tout ce qu'il faut savoir, des astuces et des infos divertissantes sur l'univers du Lean.<\/p><form action=\"\/fr\/newsletter\/\"><a class=\"submit\" href=\"\/fr\/newsletter\/\">S\u2019inscrire<\/a><\/form><\/div><\/div><\/div>[\/vc_column][\/vc_row]<\/p>\n","protected":false},"excerpt":{"rendered":"<p>[vc_row][vc_column][vc_row_inner][vc_column_inner width=\u00a0\u00bb1\/2&Prime;][vc_column_text]Nous sommes des conseillers Lean dou\u00e9s d\u2019une grande capacit\u00e9 de mise en \u0153uvre.\u00a0Forts d\u2019une vaste exp\u00e9rience dans l\u2019industrie, nous faisons preuve de combativit\u00e9. Notre comp\u00e9tence g\u00e9n\u00e8re de la valeur ajout\u00e9e. &nbsp; Nos conseillers ont fait leurs preuves sur le terrain, ont suivi une formation pouss\u00e9e et poss\u00e8dent de solides connaissances m\u00e9thodologiques. Ils ont eux-m\u00eames [&hellip;]<\/p>\n","protected":false},"author":13,"featured_media":0,"parent":8,"menu_order":0,"comment_status":"closed","ping_status":"closed","template":"","meta":[],"yoast_head":"<!-- This site is optimized with the Yoast SEO plugin v14.8.1 - https:\/\/yoast.com\/wordpress\/plugins\/seo\/ -->\n<meta name=\"robots\" content=\"index, follow\" \/>\n<meta name=\"googlebot\" content=\"index, follow, max-snippet:-1, max-image-preview:large, max-video-preview:-1\" \/>\n<meta name=\"bingbot\" content=\"index, follow, max-snippet:-1, max-image-preview:large, max-video-preview:-1\" \/>\n<link rel=\"canonical\" href=\"https:\/\/www.wertfabrik.ch\/fr\/entreprise\/equipe\/\" \/>\n<meta property=\"og:locale\" content=\"fr_FR\" \/>\n<meta property=\"og:type\" content=\"article\" \/>\n<meta property=\"og:title\" content=\"\u00c9quipe - Wertfabrik FR\" \/>\n<meta property=\"og:description\" content=\"[vc_row][vc_column][vc_row_inner][vc_column_inner width=\u00a0\u00bb1\/2&Prime;][vc_column_text]Nous sommes des conseillers Lean dou\u00e9s d\u2019une grande capacit\u00e9 de mise en \u0153uvre.\u00a0Forts d\u2019une vaste exp\u00e9rience dans l\u2019industrie, nous faisons preuve de combativit\u00e9. Notre comp\u00e9tence g\u00e9n\u00e8re de la valeur ajout\u00e9e. &nbsp; Nos conseillers ont fait leurs preuves sur le terrain, ont suivi une formation pouss\u00e9e et poss\u00e8dent de solides connaissances m\u00e9thodologiques. Ils ont eux-m\u00eames [&hellip;]\" \/>\n<meta property=\"og:url\" content=\"https:\/\/www.wertfabrik.ch\/fr\/entreprise\/equipe\/\" \/>\n<meta property=\"og:site_name\" content=\"Wertfabrik FR\" \/>\n<meta property=\"article:modified_time\" content=\"2018-06-13T15:12:45+00:00\" \/>\n<meta name=\"twitter:card\" content=\"summary_large_image\" \/>\n<script type=\"application\/ld+json\" class=\"yoast-schema-graph\">{\"@context\":\"https:\/\/schema.org\",\"@graph\":[{\"@type\":\"WebSite\",\"@id\":\"https:\/\/www.wertfabrik.ch\/fr\/#website\",\"url\":\"https:\/\/www.wertfabrik.ch\/fr\/\",\"name\":\"Wertfabrik FR\",\"description\":\"Eine weitere Wertfabrik Website\",\"potentialAction\":[{\"@type\":\"SearchAction\",\"target\":\"https:\/\/www.wertfabrik.ch\/fr\/?s={search_term_string}\",\"query-input\":\"required name=search_term_string\"}],\"inLanguage\":\"fr-FR\"},{\"@type\":\"WebPage\",\"@id\":\"https:\/\/www.wertfabrik.ch\/fr\/entreprise\/equipe\/#webpage\",\"url\":\"https:\/\/www.wertfabrik.ch\/fr\/entreprise\/equipe\/\",\"name\":\"\\u00c9quipe - Wertfabrik FR\",\"isPartOf\":{\"@id\":\"https:\/\/www.wertfabrik.ch\/fr\/#website\"},\"datePublished\":\"2017-07-12T10:02:54+00:00\",\"dateModified\":\"2018-06-13T15:12:45+00:00\",\"inLanguage\":\"fr-FR\",\"potentialAction\":[{\"@type\":\"ReadAction\",\"target\":[\"https:\/\/www.wertfabrik.ch\/fr\/entreprise\/equipe\/\"]}]}]}<\/script>\n<!-- \/ Yoast SEO plugin. -->","_links":{"self":[{"href":"https:\/\/www.wertfabrik.ch\/fr\/wp-json\/wp\/v2\/pages\/24"}],"collection":[{"href":"https:\/\/www.wertfabrik.ch\/fr\/wp-json\/wp\/v2\/pages"}],"about":[{"href":"https:\/\/www.wertfabrik.ch\/fr\/wp-json\/wp\/v2\/types\/page"}],"author":[{"embeddable":true,"href":"https:\/\/www.wertfabrik.ch\/fr\/wp-json\/wp\/v2\/users\/13"}],"replies":[{"embeddable":true,"href":"https:\/\/www.wertfabrik.ch\/fr\/wp-json\/wp\/v2\/comments?post=24"}],"version-history":[{"count":14,"href":"https:\/\/www.wertfabrik.ch\/fr\/wp-json\/wp\/v2\/pages\/24\/revisions"}],"predecessor-version":[{"id":1357,"href":"https:\/\/www.wertfabrik.ch\/fr\/wp-json\/wp\/v2\/pages\/24\/revisions\/1357"}],"up":[{"embeddable":true,"href":"https:\/\/www.wertfabrik.ch\/fr\/wp-json\/wp\/v2\/pages\/8"}],"wp:attachment":[{"href":"https:\/\/www.wertfabrik.ch\/fr\/wp-json\/wp\/v2\/media?parent=24"}],"curies":[{"name":"wp","href":"https:\/\/api.w.org\/{rel}","templated":true}]}}