{"id":250,"date":"2017-07-19T07:48:58","date_gmt":"2017-07-19T05:48:58","guid":{"rendered":"http:\/\/localhost\/wertfabrik.ch\/de\/?page_id=250"},"modified":"2018-06-13T17:15:39","modified_gmt":"2018-06-13T15:15:39","slug":"lectures-conseillees","status":"publish","type":"page","link":"https:\/\/www.wertfabrik.ch\/fr\/savoir\/lectures-conseillees\/","title":{"rendered":"Lectures conseill\u00e9es"},"content":{"rendered":"<p>[vc_row full_width=\u00a0\u00bbstretch_row\u00a0\u00bb css=\u00a0\u00bb.vc_custom_1500458850731{margin-top: 0px !important;margin-bottom: 0px !important;}\u00a0\u00bb][vc_column]<div class=\"header-overview-site\"><div class=\"container\"><h1>Lectures conseill\u00e9es<\/h1><\/div><div class=\"image-section\"><div class=\"background-img clear\" style=\"background:url(https:\/\/www.wertfabrik.ch\/fr\/wp-content\/uploads\/sites\/5\/2017\/07\/header_produktion.jpg) center -60px;\"><img src=\"https:\/\/www.wertfabrik.ch\/fr\/wp-content\/uploads\/sites\/5\/2017\/07\/header_produktion.jpg\" alt=\"Des connaissances synonymes de progr\u00e8s\"><\/div><div class=\"header-box\"><h2>Partager ses connaissances en mati\u00e8re de Lean<\/h2><h1>Des connaissances synonymes de progr\u00e8s<\/h1><p>La\u00a0litt\u00e9rature sp\u00e9cialis\u00e9e\u00a0permet d&rsquo;\u00eatre parfaitement inform\u00e9 et ainsi de disposer d&rsquo;avantages comp\u00e9titifs. Dans nos lectures conseill\u00e9es, nous vous indiquons des publications sp\u00e9cialis\u00e9es concernant le Lean, le Change Management (gestion du changement) et le d\u00e9roulement des processus.<\/p><\/div><\/div><\/div>[\/vc_column][\/vc_row][vc_row full_width=\u00a0\u00bbstretch_row\u00a0\u00bb][vc_column]<div class=\"overview-list-container referenzen-list\"><div class=\"container clear\"><div class=\"overview-list-controlling\"><h2>Aper\u00e7u de nos lectures conseill\u00e9es<\/h2><hr><\/div><article data-cat=\"\" class=\"active item-1 item-d-1 item-t-1\"><div class=\"inner\"><h3>Toyota Kata de Mike Rother<\/h3><h2><a href=\"https:\/\/www.wertfabrik.ch\/fr\/literaturtipps\/toyota-kata-von-mike-rother\/\">Un regard sous le capot<\/a><\/h2><p>Le monde se tourne volontiers vers Toyota quand il s\u2019agit d\u2019am\u00e9liorer des processus ou d\u2019obtenir des r\u00e9sultats exceptionnels.<\/p><div class=\"meta-bottom clear\"><a class=\"detail\" href=\"https:\/\/www.wertfabrik.ch\/fr\/literaturtipps\/toyota-kata-von-mike-rother\/\">En savoir plus<\/a><span class=\"cat\"><\/span><\/div><\/div><\/article><article data-cat=\"\" class=\"active item-2 item-d-2 item-t-2\"><div class=\"inner\"><h3>Managing to Learn de John Shook<\/h3><h2><a href=\"https:\/\/www.wertfabrik.ch\/fr\/literaturtipps\/managing-to-learn\/\">Encourager les dirigeants et les collaborateurs<\/a><\/h2><p>John Shook, auteur de l\u2019ouvrage \u00ab Managing to Learn \u00bb et ma\u00eetre \u00e0 penser du Lean, montre comment r\u00e9soudre les probl\u00e8mes de mani\u00e8re structur\u00e9e et, chose encore plus importante, comment encourager et faire \u00e9voluer les dirigeants et les collaborateurs.<\/p><div class=\"meta-bottom clear\"><a class=\"detail\" href=\"https:\/\/www.wertfabrik.ch\/fr\/literaturtipps\/managing-to-learn\/\">En savoir plus<\/a><span class=\"cat\"><\/span><\/div><\/div><\/article><article data-cat=\"\" class=\"active item-3 item-d-3 item-t-1\"><div class=\"inner\"><h3>Le But d\u2019Eliyahu M. Goldratt<\/h3><h2><a href=\"https:\/\/www.wertfabrik.ch\/fr\/literaturtipps\/le-but\/\">Un roman sur l\u2019optimisation des processus<\/a><\/h2><p>La direction a lanc\u00e9 un ultimatum au manager Alex Rogo : soit il parvient \u00e0 accro\u00eetre nettement la rentabilit\u00e9 de son usine en 3 mois, soit celle-ci ferme. <\/p><div class=\"meta-bottom clear\"><a class=\"detail\" href=\"https:\/\/www.wertfabrik.ch\/fr\/literaturtipps\/le-but\/\">En savoir plus<\/a><span class=\"cat\"><\/span><\/div><\/div><\/article><article data-cat=\"\" class=\"active item-4 item-d-1 item-t-2\"><div class=\"inner\"><h3>The Lean Manager de Freddy Ball\u00e9, Michael Ball\u00e9 et Jeffrey Liker<\/h3><h2><a href=\"https:\/\/www.wertfabrik.ch\/fr\/literaturtipps\/the-lean-manager\/\">A Novel of Lean Transformation<\/a><\/h2><p>Dans cette suite porteuse d\u2019avenir de l\u2019ouvrage \u00ab The Gold Mine \u00bb, les auteurs Michael et Freddy Ball\u00e9 pr\u00e9sentent une histoire passionnante qui enseigne au lecteur la le\u00e7on la plus importante.<\/p><div class=\"meta-bottom clear\"><a class=\"detail\" href=\"https:\/\/www.wertfabrik.ch\/fr\/literaturtipps\/the-lean-manager\/\">En savoir plus<\/a><span class=\"cat\"><\/span><\/div><\/div><\/article><article data-cat=\"\" class=\"active item-5 item-d-2 item-t-1\"><div class=\"inner\"><h3>The Lean Turnaround de Art Byrne<\/h3><h2><a href=\"https:\/\/www.wertfabrik.ch\/fr\/literaturtipps\/the-lean-turnaround\/\">Instructions destin\u00e9es aux chefs d\u2019entreprise<\/a><\/h2><p>L\u2019ouvrage \u00ab The Lean Turnaround \u00bb d\u2019Art Byrne fournit des instructions aux chefs d\u2019entreprise pour pr\u00e9parer leur soci\u00e9t\u00e9 \u00e0 passer au Lean.<\/p><div class=\"meta-bottom clear\"><a class=\"detail\" href=\"https:\/\/www.wertfabrik.ch\/fr\/literaturtipps\/the-lean-turnaround\/\">En savoir plus<\/a><span class=\"cat\"><\/span><\/div><\/div><\/article><article data-cat=\"\" class=\"active item-6 item-d-3 item-t-2\"><div class=\"inner\"><h3>The Toyota Product Development System<\/h3><h2><a href=\"https:\/\/www.wertfabrik.ch\/fr\/literaturtipps\/the-toyota-product-development-system\/\">L\u2019int\u00e9gration des personnes, des processus et des technologies<\/a><\/h2><p>Ce livre est le premier ouvrage d\u00e9crivant en d\u00e9tail les aspects du processus de d\u00e9veloppement produit chez Toyota.<\/p><div class=\"meta-bottom clear\"><a class=\"detail\" href=\"https:\/\/www.wertfabrik.ch\/fr\/literaturtipps\/the-toyota-product-development-system\/\">En savoir plus<\/a><span class=\"cat\"><\/span><\/div><\/div><\/article><article data-cat=\"\" class=\"active item-7 item-d-1 item-t-1\"><div class=\"inner\"><h3>Kanban \u2013 enclenchez le moteur d&rsquo;am\u00e9lioration continue de votre IT<\/h3><h2><a href=\"https:\/\/www.wertfabrik.ch\/fr\/literaturtipps\/kanban\/\">La culture Lean dans le secteur du d\u00e9veloppement de logiciels<\/a><\/h2><p>Le KANBAN est un syst\u00e8me de gestion du flux de mat\u00e9riel, \u00e9labor\u00e9 en 1947 par la soci\u00e9t\u00e9 Toyota. <\/p><div class=\"meta-bottom clear\"><a class=\"detail\" href=\"https:\/\/www.wertfabrik.ch\/fr\/literaturtipps\/kanban\/\">En savoir plus<\/a><span class=\"cat\"><\/span><\/div><\/div><\/article><article data-cat=\"\" class=\"active item-8 item-d-2 item-t-2\"><div class=\"inner\"><h3>The Lean Strategy<\/h3><h2><a href=\"https:\/\/www.wertfabrik.ch\/fr\/literaturtipps\/the-lean-strategy\/\">La d\u00e9marche Lean, une strat\u00e9gie d\u2019entreprise<\/a><\/h2><p>Les auteurs expliquent que le Lean n\u2019est pas une simple bo\u00eete \u00e0 outils de m\u00e9thodes all\u00e9g\u00e9es mais une strat\u00e9gie d\u2019entreprise \u00e0 part enti\u00e8re qui permet d\u2019aboutir \u00e0 une grande r\u00e9ussite sur le long terme.<\/p><div class=\"meta-bottom clear\"><a class=\"detail\" href=\"https:\/\/www.wertfabrik.ch\/fr\/literaturtipps\/the-lean-strategy\/\">En savoir plus<\/a><span class=\"cat\"><\/span><\/div><\/div><\/article><\/div><\/div>[\/vc_column][\/vc_row]<\/p>\n","protected":false},"excerpt":{"rendered":"<p>[vc_row full_width=\u00a0\u00bbstretch_row\u00a0\u00bb css=\u00a0\u00bb.vc_custom_1500458850731{margin-top: 0px !important;margin-bottom: 0px !important;}\u00a0\u00bb][vc_column][\/vc_column][\/vc_row][vc_row full_width=\u00a0\u00bbstretch_row\u00a0\u00bb][vc_column][\/vc_column][\/vc_row]<\/p>\n","protected":false},"author":13,"featured_media":0,"parent":16,"menu_order":10,"comment_status":"closed","ping_status":"closed","template":"","meta":[],"yoast_head":"<!-- This site is optimized with the Yoast SEO plugin v14.8.1 - https:\/\/yoast.com\/wordpress\/plugins\/seo\/ -->\n<meta name=\"robots\" content=\"index, follow\" \/>\n<meta name=\"googlebot\" content=\"index, follow, max-snippet:-1, max-image-preview:large, max-video-preview:-1\" \/>\n<meta name=\"bingbot\" content=\"index, follow, max-snippet:-1, max-image-preview:large, max-video-preview:-1\" \/>\n<link rel=\"canonical\" href=\"https:\/\/www.wertfabrik.ch\/fr\/savoir\/lectures-conseillees\/\" \/>\n<meta property=\"og:locale\" content=\"fr_FR\" \/>\n<meta property=\"og:type\" content=\"article\" \/>\n<meta property=\"og:title\" content=\"Lectures conseill\u00e9es - Wertfabrik FR\" \/>\n<meta property=\"og:description\" content=\"[vc_row full_width=\u00a0\u00bbstretch_row\u00a0\u00bb css=\u00a0\u00bb.vc_custom_1500458850731{margin-top: 0px !important;margin-bottom: 0px !important;}\u00a0\u00bb][vc_column][\/vc_column][\/vc_row][vc_row full_width=\u00a0\u00bbstretch_row\u00a0\u00bb][vc_column][\/vc_column][\/vc_row]\" \/>\n<meta property=\"og:url\" content=\"https:\/\/www.wertfabrik.ch\/fr\/savoir\/lectures-conseillees\/\" \/>\n<meta property=\"og:site_name\" content=\"Wertfabrik FR\" \/>\n<meta property=\"article:modified_time\" content=\"2018-06-13T15:15:39+00:00\" \/>\n<meta name=\"twitter:card\" content=\"summary_large_image\" \/>\n<script type=\"application\/ld+json\" class=\"yoast-schema-graph\">{\"@context\":\"https:\/\/schema.org\",\"@graph\":[{\"@type\":\"WebSite\",\"@id\":\"https:\/\/www.wertfabrik.ch\/fr\/#website\",\"url\":\"https:\/\/www.wertfabrik.ch\/fr\/\",\"name\":\"Wertfabrik FR\",\"description\":\"Eine weitere Wertfabrik Website\",\"potentialAction\":[{\"@type\":\"SearchAction\",\"target\":\"https:\/\/www.wertfabrik.ch\/fr\/?s={search_term_string}\",\"query-input\":\"required name=search_term_string\"}],\"inLanguage\":\"fr-FR\"},{\"@type\":\"WebPage\",\"@id\":\"https:\/\/www.wertfabrik.ch\/fr\/savoir\/lectures-conseillees\/#webpage\",\"url\":\"https:\/\/www.wertfabrik.ch\/fr\/savoir\/lectures-conseillees\/\",\"name\":\"Lectures conseill\\u00e9es - Wertfabrik FR\",\"isPartOf\":{\"@id\":\"https:\/\/www.wertfabrik.ch\/fr\/#website\"},\"datePublished\":\"2017-07-19T05:48:58+00:00\",\"dateModified\":\"2018-06-13T15:15:39+00:00\",\"inLanguage\":\"fr-FR\",\"potentialAction\":[{\"@type\":\"ReadAction\",\"target\":[\"https:\/\/www.wertfabrik.ch\/fr\/savoir\/lectures-conseillees\/\"]}]}]}<\/script>\n<!-- \/ Yoast SEO plugin. -->","_links":{"self":[{"href":"https:\/\/www.wertfabrik.ch\/fr\/wp-json\/wp\/v2\/pages\/250"}],"collection":[{"href":"https:\/\/www.wertfabrik.ch\/fr\/wp-json\/wp\/v2\/pages"}],"about":[{"href":"https:\/\/www.wertfabrik.ch\/fr\/wp-json\/wp\/v2\/types\/page"}],"author":[{"embeddable":true,"href":"https:\/\/www.wertfabrik.ch\/fr\/wp-json\/wp\/v2\/users\/13"}],"replies":[{"embeddable":true,"href":"https:\/\/www.wertfabrik.ch\/fr\/wp-json\/wp\/v2\/comments?post=250"}],"version-history":[{"count":12,"href":"https:\/\/www.wertfabrik.ch\/fr\/wp-json\/wp\/v2\/pages\/250\/revisions"}],"predecessor-version":[{"id":1363,"href":"https:\/\/www.wertfabrik.ch\/fr\/wp-json\/wp\/v2\/pages\/250\/revisions\/1363"}],"up":[{"embeddable":true,"href":"https:\/\/www.wertfabrik.ch\/fr\/wp-json\/wp\/v2\/pages\/16"}],"wp:attachment":[{"href":"https:\/\/www.wertfabrik.ch\/fr\/wp-json\/wp\/v2\/media?parent=250"}],"curies":[{"name":"wp","href":"https:\/\/api.w.org\/{rel}","templated":true}]}}