{"id":26,"date":"2017-07-12T12:03:09","date_gmt":"2017-07-12T10:03:09","guid":{"rendered":"http:\/\/localhost\/wertfabrik.ch\/de\/?page_id=26"},"modified":"2018-06-13T17:14:01","modified_gmt":"2018-06-13T15:14:01","slug":"partenaires","status":"publish","type":"page","link":"https:\/\/www.wertfabrik.ch\/fr\/entreprise\/partenaires\/","title":{"rendered":"Partenaires"},"content":{"rendered":"<p>[vc_row full_width=\u00a0\u00bbstretch_row\u00a0\u00bb css=\u00a0\u00bb.vc_custom_1502785877831{margin-top: 0px !important;margin-bottom: 0px !important;}\u00a0\u00bb][vc_column]<div class=\"header-overview-site\"><div class=\"container\"><h1>Partenaires<\/h1><\/div><div class=\"image-section\"><div class=\"background-img clear\" style=\"background:url(https:\/\/www.wertfabrik.ch\/fr\/wp-content\/uploads\/sites\/5\/2017\/07\/header_produktion.jpg) center -60px;\"><img src=\"https:\/\/www.wertfabrik.ch\/fr\/wp-content\/uploads\/sites\/5\/2017\/07\/header_produktion.jpg\" alt=\"Ensemble pour des performances exceptionnelles.\"><\/div><div class=\"header-box\"><h2>NOS PARTENAIRES EN UN CLIC<\/h2><h1>Ensemble pour des performances exceptionnelles.<\/h1><p>En collaboration avec ces partenaires, nous d\u00e9veloppons nos solutions et fournissons des performances exceptionnelles:<\/p><\/div><\/div><\/div>[\/vc_column][\/vc_row][vc_row full_width=\u00a0\u00bbstretch_row\u00a0\u00bb][vc_column]<div class=\"overview-list-container referenzen-list\"><div class=\"container clear\"><div class=\"overview-list-controlling\"><h2>Nos partenaires<\/h2><hr><\/div><article class=\"active item-1 item-d-1 item-t-1\"><div class=\"inner\"><h3>Eugen Seitz AG<\/h3><h2><a href=\"https:\/\/www.wertfabrik.ch\/fr\/partner\/eugen-seitz-ag\/\"><\/a><\/h2><p>Nous avons la chance depuis plusieurs ann\u00e9es de pouvoir compter sur une collaboration fructueuse avec notre partenaire en bonnes pratiques, Eugen Seitz AG de Wetzikon (Zurich).<\/p><div class=\"meta-bottom clear\"><a class=\"detail\" href=\"https:\/\/www.wertfabrik.ch\/fr\/partner\/eugen-seitz-ag\/\">Plus<\/a><span class=\"cat\"><\/span><\/div><\/div><\/article><article class=\"active item-2 item-d-2 item-t-2\"><div class=\"inner\"><h3>GDELS-Mowag GmbH<\/h3><h2><a href=\"https:\/\/www.wertfabrik.ch\/fr\/partner\/gdels-mowag\/\"><\/a><\/h2><p>\u00c0 compter de 2018, nous proposons les s\u00e9minaires Shopfloor Management et R\u00e9solution des probl\u00e8mes avec le rapport A3 chez GDELS-Mowag.<\/p><div class=\"meta-bottom clear\"><a class=\"detail\" href=\"https:\/\/www.wertfabrik.ch\/fr\/partner\/gdels-mowag\/\">Plus<\/a><span class=\"cat\"><\/span><\/div><\/div><\/article><article class=\"active item-3 item-d-3 item-t-1\"><div class=\"inner\"><h3>Kernbrand<\/h3><h2><a href=\"https:\/\/www.wertfabrik.ch\/fr\/partner\/kernbrand\/\"><\/a><\/h2><p>Main dans la main d\u00e8s les premi\u00e8res heures: voil\u00e0 qui d\u00e9crit bien la collaboration entre Kernbrand et Wertfabrik. Les cerveaux de Kernbrand faisaient d\u00e9j\u00e0 partie de l\u2019aventure lors du choix de notre nom. Le slogan \u00abDes processus bien cadenc\u00e9s\u00bb refl\u00e8te encore aujourd\u2019hui \u00e0 la perfection ce en quoi consiste l\u2019activit\u00e9 au c\u0153ur de Wertfabrik: l\u2019optimisation des processus dans l\u2019ensemble des secteurs d'une entreprise.<\/p><div class=\"meta-bottom clear\"><a class=\"detail\" href=\"https:\/\/www.wertfabrik.ch\/fr\/partner\/kernbrand\/\">Plus<\/a><span class=\"cat\"><\/span><\/div><\/div><\/article><article class=\"active item-4 item-d-1 item-t-2\"><div class=\"inner\"><h3>Kistler Instrumente AG<\/h3><h2><a href=\"https:\/\/www.wertfabrik.ch\/fr\/partner\/kistler-instrumente-ag\/\"><\/a><\/h2><p>\u00c0 partir de 2018, nous organiserons en collaboration avec notre client de longue date Kistler Instrumente AG le s\u00e9minaire Shopfloor Management.<\/p><div class=\"meta-bottom clear\"><a class=\"detail\" href=\"https:\/\/www.wertfabrik.ch\/fr\/partner\/kistler-instrumente-ag\/\">Plus<\/a><span class=\"cat\"><\/span><\/div><\/div><\/article><article class=\"active item-5 item-d-2 item-t-1\"><div class=\"inner\"><h3>KMU SWISS AG<\/h3><h2><a href=\"https:\/\/www.wertfabrik.ch\/fr\/partner\/kmu-swiss-ag\/\"><\/a><\/h2><p>Wertfabrik organise r\u00e9guli\u00e8rement des \u00e9v\u00e8nements sur le th\u00e8me du Lean en collaboration avec KMU SWISS AG.<\/p><div class=\"meta-bottom clear\"><a class=\"detail\" href=\"https:\/\/www.wertfabrik.ch\/fr\/partner\/kmu-swiss-ag\/\">Plus<\/a><span class=\"cat\"><\/span><\/div><\/div><\/article><article class=\"active item-6 item-d-3 item-t-2\"><div class=\"inner\"><h3>ZHAW<\/h3><h2><a href=\"https:\/\/www.wertfabrik.ch\/fr\/partner\/zhaw\/\"><\/a><\/h2><p>En collaboration avec l\u2019Universit\u00e9 des sciences appliqu\u00e9es de Zurich (ZHAW), nous organisons d\u00e8s 2018 le CAS Lean Management pour cadres dirigeants et sp\u00e9cialistes techniques.<\/p><div class=\"meta-bottom clear\"><a class=\"detail\" href=\"https:\/\/www.wertfabrik.ch\/fr\/partner\/zhaw\/\">Plus<\/a><span class=\"cat\"><\/span><\/div><\/div><\/article><\/div><\/div>[\/vc_column][\/vc_row][vc_row disable_element=\u00a0\u00bbyes\u00a0\u00bb][vc_column]<div class=\"newsletter-cta-container cta-big\"><div class=\"container clear\"><div class=\"icon-section clear\"><div class=\"icon\" style=\"background:url(https:\/\/www.wertfabrik.ch\/fr\/wp-content\/themes\/wertfabrik\/img\/elements\/newsletter_icon.png)\"><img src=\"https:\/\/www.wertfabrik.ch\/fr\/wp-content\/themes\/wertfabrik\/img\/elements\/newsletter_icon.png\" style=\"width:58px;height:auto;\"><\/div><\/div><div class=\"text-section\"><h2>Restez toujours \u00e0 la page gr\u00e2ce aux actualit\u00e9s Wertfabrik<\/h2><hr><h1>Nous mettons notre expertise et nos informations \u00e0 votre service<\/h1><p>Nous partageons avec vous par e-mail notre savoir-faire, les actualit\u00e9s du secteurs et des informations sur l'entreprise r\u00e9guli\u00e8rement et \u00e0 point nomm\u00e9. Tout ce qu'il faut savoir, des astuces et des infos divertissantes sur l'univers du Lean.<\/p><form action=\"\/fr\/newsletter\/\"><a class=\"submit\" href=\"\/fr\/newsletter\/\">S\u2019inscrire<\/a><\/form><\/div><\/div><\/div>[\/vc_column][\/vc_row]<\/p>\n","protected":false},"excerpt":{"rendered":"<p>[vc_row full_width=\u00a0\u00bbstretch_row\u00a0\u00bb css=\u00a0\u00bb.vc_custom_1502785877831{margin-top: 0px !important;margin-bottom: 0px !important;}\u00a0\u00bb][vc_column][\/vc_column][\/vc_row][vc_row full_width=\u00a0\u00bbstretch_row\u00a0\u00bb][vc_column][\/vc_column][\/vc_row][vc_row disable_element=\u00a0\u00bbyes\u00a0\u00bb][vc_column][\/vc_column][\/vc_row]<\/p>\n","protected":false},"author":13,"featured_media":0,"parent":8,"menu_order":10,"comment_status":"closed","ping_status":"closed","template":"","meta":[],"yoast_head":"<!-- This site is optimized with the Yoast SEO plugin v14.8.1 - https:\/\/yoast.com\/wordpress\/plugins\/seo\/ -->\n<meta name=\"robots\" content=\"index, follow\" \/>\n<meta name=\"googlebot\" content=\"index, follow, max-snippet:-1, max-image-preview:large, max-video-preview:-1\" \/>\n<meta name=\"bingbot\" content=\"index, follow, max-snippet:-1, max-image-preview:large, max-video-preview:-1\" \/>\n<link rel=\"canonical\" href=\"https:\/\/www.wertfabrik.ch\/fr\/entreprise\/partenaires\/\" \/>\n<meta property=\"og:locale\" content=\"fr_FR\" \/>\n<meta property=\"og:type\" content=\"article\" \/>\n<meta property=\"og:title\" content=\"Partenaires - Wertfabrik FR\" \/>\n<meta property=\"og:description\" content=\"[vc_row full_width=\u00a0\u00bbstretch_row\u00a0\u00bb css=\u00a0\u00bb.vc_custom_1502785877831{margin-top: 0px !important;margin-bottom: 0px !important;}\u00a0\u00bb][vc_column][\/vc_column][\/vc_row][vc_row full_width=\u00a0\u00bbstretch_row\u00a0\u00bb][vc_column][\/vc_column][\/vc_row][vc_row disable_element=\u00a0\u00bbyes\u00a0\u00bb][vc_column][\/vc_column][\/vc_row]\" \/>\n<meta property=\"og:url\" content=\"https:\/\/www.wertfabrik.ch\/fr\/entreprise\/partenaires\/\" \/>\n<meta property=\"og:site_name\" content=\"Wertfabrik FR\" \/>\n<meta property=\"article:modified_time\" content=\"2018-06-13T15:14:01+00:00\" \/>\n<meta name=\"twitter:card\" content=\"summary_large_image\" \/>\n<script type=\"application\/ld+json\" class=\"yoast-schema-graph\">{\"@context\":\"https:\/\/schema.org\",\"@graph\":[{\"@type\":\"WebSite\",\"@id\":\"https:\/\/www.wertfabrik.ch\/fr\/#website\",\"url\":\"https:\/\/www.wertfabrik.ch\/fr\/\",\"name\":\"Wertfabrik FR\",\"description\":\"Eine weitere Wertfabrik Website\",\"potentialAction\":[{\"@type\":\"SearchAction\",\"target\":\"https:\/\/www.wertfabrik.ch\/fr\/?s={search_term_string}\",\"query-input\":\"required name=search_term_string\"}],\"inLanguage\":\"fr-FR\"},{\"@type\":\"WebPage\",\"@id\":\"https:\/\/www.wertfabrik.ch\/fr\/entreprise\/partenaires\/#webpage\",\"url\":\"https:\/\/www.wertfabrik.ch\/fr\/entreprise\/partenaires\/\",\"name\":\"Partenaires - Wertfabrik FR\",\"isPartOf\":{\"@id\":\"https:\/\/www.wertfabrik.ch\/fr\/#website\"},\"datePublished\":\"2017-07-12T10:03:09+00:00\",\"dateModified\":\"2018-06-13T15:14:01+00:00\",\"inLanguage\":\"fr-FR\",\"potentialAction\":[{\"@type\":\"ReadAction\",\"target\":[\"https:\/\/www.wertfabrik.ch\/fr\/entreprise\/partenaires\/\"]}]}]}<\/script>\n<!-- \/ Yoast SEO plugin. -->","_links":{"self":[{"href":"https:\/\/www.wertfabrik.ch\/fr\/wp-json\/wp\/v2\/pages\/26"}],"collection":[{"href":"https:\/\/www.wertfabrik.ch\/fr\/wp-json\/wp\/v2\/pages"}],"about":[{"href":"https:\/\/www.wertfabrik.ch\/fr\/wp-json\/wp\/v2\/types\/page"}],"author":[{"embeddable":true,"href":"https:\/\/www.wertfabrik.ch\/fr\/wp-json\/wp\/v2\/users\/13"}],"replies":[{"embeddable":true,"href":"https:\/\/www.wertfabrik.ch\/fr\/wp-json\/wp\/v2\/comments?post=26"}],"version-history":[{"count":10,"href":"https:\/\/www.wertfabrik.ch\/fr\/wp-json\/wp\/v2\/pages\/26\/revisions"}],"predecessor-version":[{"id":1011,"href":"https:\/\/www.wertfabrik.ch\/fr\/wp-json\/wp\/v2\/pages\/26\/revisions\/1011"}],"up":[{"embeddable":true,"href":"https:\/\/www.wertfabrik.ch\/fr\/wp-json\/wp\/v2\/pages\/8"}],"wp:attachment":[{"href":"https:\/\/www.wertfabrik.ch\/fr\/wp-json\/wp\/v2\/media?parent=26"}],"curies":[{"name":"wp","href":"https:\/\/api.w.org\/{rel}","templated":true}]}}