{"id":34,"date":"2017-07-12T12:04:21","date_gmt":"2017-07-12T10:04:21","guid":{"rendered":"http:\/\/localhost\/wertfabrik.ch\/de\/?page_id=34"},"modified":"2018-06-13T17:15:08","modified_gmt":"2018-06-13T15:15:08","slug":"methodes","status":"publish","type":"page","link":"https:\/\/www.wertfabrik.ch\/fr\/competences\/methodes\/","title":{"rendered":"M\u00e9thodes"},"content":{"rendered":"<p>[vc_row][vc_column]<div class=\"site-intro\"><span>D\u00e9velopper avec nous une entreprise Lean comp\u00e9titive<\/span><hr><h1>Cadencer intelligemment<\/h1><p>Si vous souhaitez cadencer intelligemment vos activit\u00e9s cr\u00e9atrices de valeur, non seulement nous vous conseillons, mais nous vous indiquons \u00e9galement les facteurs de r\u00e9ussite n\u00e9cessaires pour d\u00e9velopper avec vous une \u00ab entreprise Lean \u00bb, et ce sans perdre de vue la vision de vos clients.<\/p>\n<p>Voici comment nous proc\u00e9dons : nous passons au crible tous les secteurs de l'entreprise et misons sur notre m\u00e9thodologie unique. Des conseillers Lean faisant preuve d'une grande capacit\u00e9 de mise en \u0153uvre et une multitude de projets r\u00e9ussis dans des industries cl\u00e9s garantissent des r\u00e9sultats rapides et une valeur ajout\u00e9e pour demain ; nous vous en faisons la promesse !<\/p><\/div>[\/vc_column][\/vc_row][vc_row css=\u00a0\u00bb.vc_custom_1506009407266{margin-bottom: 1em !important;}\u00a0\u00bb][vc_column][vc_column_text]<\/p>\n<h3>Vos objectifs sont nos objectifs<\/h3>\n<p>[\/vc_column_text][\/vc_column][\/vc_row][vc_row][vc_column width=\u00a0\u00bb1\/2&Prime;][vc_column_text]<\/p>\n<ul>\n<li>Une entreprise Lean comp\u00e9titive.<\/li>\n<li>Des processus et structures simplifi\u00e9s et bien impl\u00e9ment\u00e9s tout au long de la cha\u00eene de cr\u00e9ation de valeur ajout\u00e9e.<\/li>\n<li>Une fa\u00e7on de proc\u00e9der commune, r\u00e9partie en processus et aux m\u00e9thodes vari\u00e9es.<\/li>\n<\/ul>\n<p>[\/vc_column_text][\/vc_column][vc_column width=\u00a0\u00bb1\/2&Prime;][vc_column_text]La compr\u00e9hension de la cr\u00e9ation de valeur et du gaspillage s\u2019apprend de mani\u00e8re pratique et rapide dans la fonction d\u2019entreprise. L\u2019interaction harmonieuse\u00a0entre le syst\u00e8me de production de l\u2019entreprise et les diff\u00e9rents collaborateurs est la cl\u00e9 du succ\u00e8s.[\/vc_column_text][\/vc_column][\/vc_row][vc_row css=\u00a0\u00bb.vc_custom_1506009407266{margin-bottom: 1em !important;}\u00a0\u00bb][vc_column][vc_column_text]<\/p>\n<h3>L\u2019optimisation des processus en sept \u00e9tapes<\/h3>\n<p>[\/vc_column_text][\/vc_column][\/vc_row][vc_row][vc_column width=\u00a0\u00bb1\/2&Prime;][vc_column_text]Donnez une nouvelle cadence \u00e0 vos processus. Votre valeur ajout\u00e9e apport\u00e9e par une optimisation des processus est \u00e9labor\u00e9e et mise en \u0153uvre\u00a0<b>en sept \u00e9tapes<\/b>.<\/p>\n<ol>\n<li>Lancement<\/li>\n<li>Journ\u00e9e de formation<\/li>\n<li>Analyse<\/li>\n<li>D\u00e9veloppement des processus<\/li>\n<li>Mise en \u0153uvre<\/li>\n<li>Ajustements<\/li>\n<li>Ach\u00e8vement du projet<\/li>\n<\/ol>\n<p>[\/vc_column_text][\/vc_column][vc_column width=\u00a0\u00bb1\/2&Prime;][vc_column_text]En savoir plus sur <a href=\"http:\/\/www.wertfabrik.ch\/fr\/wp-content\/uploads\/sites\/5\/2017\/12\/Wertfabrik-Les-sept-phases-de-processus.pdf\" target=\"_blank\" rel=\"noopener\">les sept phases de processus.<\/a>[\/vc_column_text][\/vc_column][\/vc_row][vc_row css=\u00a0\u00bb.vc_custom_1506009407266{margin-bottom: 1em !important;}\u00a0\u00bb][vc_column][vc_column_text]<\/p>\n<h3>Avoir les armes pour affronter la concurrence mondiale<\/h3>\n<p>[\/vc_column_text][\/vc_column][\/vc_row][vc_row][vc_column width=\u00a0\u00bb1\/2&Prime;][vc_column_text]Les entreprises doivent sans cesse relever de nouveaux d\u00e9fis pour faire face \u00e0 la concurrence mondiale. Ceux-ci comportent des risques, mais aussi des opportunit\u00e9s.<\/p>\n<p>&nbsp;<\/p>\n<p>Nous soutenons votre entreprise en cr\u00e9ant un\u00a0concept global de Lean Management. Tous les \u00e9l\u00e9ments sont int\u00e9gr\u00e9s\u00a0: de l\u2019analyse m\u00e9thodique au processus de d\u00e9veloppement en s\u00e9rie. Nous contribuons ainsi \u00e0 l\u2019\u00e9coulement fluide de votre \u00ab\u00a0Lean Stream\u00a0\u00bb.<\/p>\n<p>&nbsp;<\/p>\n<p>Facteurs d\u00e9cisifs pour la\u00a0r\u00e9ussite durable d\u2019un projet\u00a0:<\/p>\n<ul>\n<li>Identification globale de l\u2019\u00e9quipe de direction et de projet<\/li>\n<li>Int\u00e9gration des collaborateurs directement concern\u00e9s<\/li>\n<li>Proc\u00e9dure structur\u00e9e<\/li>\n<li>Qualification du client<\/li>\n<\/ul>\n<p>[\/vc_column_text][\/vc_column][vc_column width=\u00a0\u00bb1\/2&Prime;][vc_column_text]D\u00e9tail des <a href=\"http:\/\/www.wertfabrik.ch\/fr\/wp-content\/uploads\/sites\/5\/2017\/12\/Wertfabrik-quatre-facteurs-de-r\u00e9ussite.pdf\" target=\"_blank\" rel=\"noopener\">quatre facteurs de r\u00e9ussite<\/a>.[\/vc_column_text][\/vc_column][\/vc_row]<\/p>\n","protected":false},"excerpt":{"rendered":"<p>[vc_row][vc_column][\/vc_column][\/vc_row][vc_row css=\u00a0\u00bb.vc_custom_1506009407266{margin-bottom: 1em !important;}\u00a0\u00bb][vc_column][vc_column_text] Vos objectifs sont nos objectifs [\/vc_column_text][\/vc_column][\/vc_row][vc_row][vc_column width=\u00a0\u00bb1\/2&Prime;][vc_column_text] Une entreprise Lean comp\u00e9titive. Des processus et structures simplifi\u00e9s et bien impl\u00e9ment\u00e9s tout au long de la cha\u00eene de cr\u00e9ation de valeur ajout\u00e9e. Une fa\u00e7on de proc\u00e9der commune, r\u00e9partie en processus et aux m\u00e9thodes vari\u00e9es. [\/vc_column_text][\/vc_column][vc_column width=\u00a0\u00bb1\/2&Prime;][vc_column_text]La compr\u00e9hension de la cr\u00e9ation de valeur et [&hellip;]<\/p>\n","protected":false},"author":13,"featured_media":0,"parent":11,"menu_order":20,"comment_status":"closed","ping_status":"closed","template":"","meta":[],"yoast_head":"<!-- This site is optimized with the Yoast SEO plugin v14.8.1 - https:\/\/yoast.com\/wordpress\/plugins\/seo\/ -->\n<meta name=\"robots\" content=\"index, follow\" \/>\n<meta name=\"googlebot\" content=\"index, follow, max-snippet:-1, max-image-preview:large, max-video-preview:-1\" \/>\n<meta name=\"bingbot\" content=\"index, follow, max-snippet:-1, max-image-preview:large, max-video-preview:-1\" \/>\n<link rel=\"canonical\" href=\"https:\/\/www.wertfabrik.ch\/fr\/competences\/methodes\/\" \/>\n<meta property=\"og:locale\" content=\"fr_FR\" \/>\n<meta property=\"og:type\" content=\"article\" \/>\n<meta property=\"og:title\" content=\"M\u00e9thodes - Wertfabrik FR\" \/>\n<meta property=\"og:description\" content=\"[vc_row][vc_column][\/vc_column][\/vc_row][vc_row css=\u00a0\u00bb.vc_custom_1506009407266{margin-bottom: 1em !important;}\u00a0\u00bb][vc_column][vc_column_text] Vos objectifs sont nos objectifs [\/vc_column_text][\/vc_column][\/vc_row][vc_row][vc_column width=\u00a0\u00bb1\/2&Prime;][vc_column_text] Une entreprise Lean comp\u00e9titive. Des processus et structures simplifi\u00e9s et bien impl\u00e9ment\u00e9s tout au long de la cha\u00eene de cr\u00e9ation de valeur ajout\u00e9e. Une fa\u00e7on de proc\u00e9der commune, r\u00e9partie en processus et aux m\u00e9thodes vari\u00e9es. [\/vc_column_text][\/vc_column][vc_column width=\u00a0\u00bb1\/2&Prime;][vc_column_text]La compr\u00e9hension de la cr\u00e9ation de valeur et [&hellip;]\" \/>\n<meta property=\"og:url\" content=\"https:\/\/www.wertfabrik.ch\/fr\/competences\/methodes\/\" \/>\n<meta property=\"og:site_name\" content=\"Wertfabrik FR\" \/>\n<meta property=\"article:modified_time\" content=\"2018-06-13T15:15:08+00:00\" \/>\n<meta name=\"twitter:card\" content=\"summary_large_image\" \/>\n<script type=\"application\/ld+json\" class=\"yoast-schema-graph\">{\"@context\":\"https:\/\/schema.org\",\"@graph\":[{\"@type\":\"WebSite\",\"@id\":\"https:\/\/www.wertfabrik.ch\/fr\/#website\",\"url\":\"https:\/\/www.wertfabrik.ch\/fr\/\",\"name\":\"Wertfabrik FR\",\"description\":\"Eine weitere Wertfabrik Website\",\"potentialAction\":[{\"@type\":\"SearchAction\",\"target\":\"https:\/\/www.wertfabrik.ch\/fr\/?s={search_term_string}\",\"query-input\":\"required name=search_term_string\"}],\"inLanguage\":\"fr-FR\"},{\"@type\":\"WebPage\",\"@id\":\"https:\/\/www.wertfabrik.ch\/fr\/competences\/methodes\/#webpage\",\"url\":\"https:\/\/www.wertfabrik.ch\/fr\/competences\/methodes\/\",\"name\":\"M\\u00e9thodes - Wertfabrik FR\",\"isPartOf\":{\"@id\":\"https:\/\/www.wertfabrik.ch\/fr\/#website\"},\"datePublished\":\"2017-07-12T10:04:21+00:00\",\"dateModified\":\"2018-06-13T15:15:08+00:00\",\"inLanguage\":\"fr-FR\",\"potentialAction\":[{\"@type\":\"ReadAction\",\"target\":[\"https:\/\/www.wertfabrik.ch\/fr\/competences\/methodes\/\"]}]}]}<\/script>\n<!-- \/ Yoast SEO plugin. -->","_links":{"self":[{"href":"https:\/\/www.wertfabrik.ch\/fr\/wp-json\/wp\/v2\/pages\/34"}],"collection":[{"href":"https:\/\/www.wertfabrik.ch\/fr\/wp-json\/wp\/v2\/pages"}],"about":[{"href":"https:\/\/www.wertfabrik.ch\/fr\/wp-json\/wp\/v2\/types\/page"}],"author":[{"embeddable":true,"href":"https:\/\/www.wertfabrik.ch\/fr\/wp-json\/wp\/v2\/users\/13"}],"replies":[{"embeddable":true,"href":"https:\/\/www.wertfabrik.ch\/fr\/wp-json\/wp\/v2\/comments?post=34"}],"version-history":[{"count":12,"href":"https:\/\/www.wertfabrik.ch\/fr\/wp-json\/wp\/v2\/pages\/34\/revisions"}],"predecessor-version":[{"id":1360,"href":"https:\/\/www.wertfabrik.ch\/fr\/wp-json\/wp\/v2\/pages\/34\/revisions\/1360"}],"up":[{"embeddable":true,"href":"https:\/\/www.wertfabrik.ch\/fr\/wp-json\/wp\/v2\/pages\/11"}],"wp:attachment":[{"href":"https:\/\/www.wertfabrik.ch\/fr\/wp-json\/wp\/v2\/media?parent=34"}],"curies":[{"name":"wp","href":"https:\/\/api.w.org\/{rel}","templated":true}]}}