{"id":54,"date":"2017-07-12T13:16:27","date_gmt":"2017-07-12T11:16:27","guid":{"rendered":"http:\/\/localhost\/wertfabrik.ch\/de\/?page_id=54"},"modified":"2023-07-31T16:46:52","modified_gmt":"2023-07-31T14:46:52","slug":"mentions-legales","status":"publish","type":"page","link":"https:\/\/www.wertfabrik.ch\/fr\/mentions-legales\/","title":{"rendered":"Mentions l\u00e9gales\/Protection des donn\u00e9es"},"content":{"rendered":"<p>[vc_row][vc_column]<div class=\"site-intro\"><span>Les concepteurs du site<\/span><hr><h1>Mentions l\u00e9gales\/Protection des donn\u00e9es<\/h1><p><\/p><\/div>[\/vc_column][\/vc_row][vc_row][vc_column][vc_column_text]<\/p>\n<h3><\/h3>\n<p>Wertfabrik AG<\/p>\n<p>David Moser und Robert Ulrich<\/p>\n<p>Birchstrasse 2<\/p>\n<p>CH-8472 Seuzach<\/p>\n<p>T +41 52 335 55 00<\/p>\n<p>F +41 52 335 55 09<\/p>\n<p><a href=\"mailto:info@wertfabrik.ch\">info@wertfabrik.ch<br \/>\n<\/a><\/p>\n<p>&nbsp;<\/p>\n<p>Inscrit sur le registre du commerce du canton de Zurich: CHE-187.586.376<\/p>\n<p>&nbsp;<\/p>\n<p><strong>Exclusion de garantie<\/strong><br \/>\nL\u2019auteur n\u2019assume aucune garantie en ce qui concerne la justesse, l\u2019exactitude, l\u2019actualit\u00e9, la fiabilit\u00e9 et l\u2019int\u00e9gralit\u00e9 des informations. Les droits \u00e0 r\u00e9paration envers l\u2019auteur contre les dommages mat\u00e9riels ou immat\u00e9riels, d\u00e9coulant de l\u2019acc\u00e8s ou de l\u2019utilisation ou la non-utilisation des informations publi\u00e9es, par le mauvais usage de la connexion ou par des probl\u00e8mes techniques, sont exclus. Toutes les offres sont sans engagement. L\u2019auteur se r\u00e9serve express\u00e9ment le droit de modifier, compl\u00e9ter, effacer certaines parties des pages ou l\u2019ensemble de l\u2019offre ou cesser la publication provisoirement ou d\u00e9finitivement sans pr\u00e9avis.<\/p>\n<p>&nbsp;<\/p>\n<p><strong>Responsabilit\u00e9 pour les liens<\/strong><br \/>\nLes renvois et les liens vers les sites Internet des tiers ne rel\u00e8vent pas de notre responsabilit\u00e9.. Toute responsabilit\u00e9 pour de tels site Internet sera d\u00e9clin\u00e9e. L\u2019acc\u00e8s et l\u2019utilisation de tels sites Internet se font aux risques de l\u2019utilisateur et de l\u2019utilisatrice.<\/p>\n<p>&nbsp;<\/p>\n<p><strong>Droits d\u2019auteur<\/strong><br \/>\nLes droits d\u2019auteur et tous les autres droits sur les contenus, images, photos ou autres fichiers figurant sur le site Internet appartiennent exclusivement au propri\u00e9taire de la page ou aux titulaires de droits sp\u00e9cifiquement mentionn\u00e9s. Un accord \u00e9crit pr\u00e9alable des d\u00e9tenteurs des droits d\u2019auteur est n\u00e9cessaire pour toute reproduction des \u00e9l\u00e9ments.<\/p>\n<p>&nbsp;<\/p>\n<p><strong>Protection des donn\u00e9es<\/strong><br \/>\nChaque personne a le droit \u00e0 la protection de sa vie priv\u00e9e ainsi qu\u2019\u00e0 la protection contre l\u2019abus de ses donn\u00e9es personnelles sur la base de l\u2019article 13 de la Constitution f\u00e9d\u00e9rale suisse et des dispositions f\u00e9d\u00e9rales en mati\u00e8re de protection des donn\u00e9es (loi sur la protection des donn\u00e9es, LPD). Nous observons ces dispositions. Les informations personnelles sont trait\u00e9es de fa\u00e7on strictement confidentielle et ne sont pas vendues \u00e0 des tiers ni diffus\u00e9es. En \u00e9troite coop\u00e9ration avec nos fournisseurs d&rsquo;h\u00e9bergement, nous nous effor\u00e7ons de prot\u00e9ger au mieux les bases de donn\u00e9es contre des intrusions ext\u00e9rieures, pertes, abus ou falsifications. Les donn\u00e9es suivantes sont enregistr\u00e9es dans les fichiers log lors de l\u2019acc\u00e8s \u00e0 nos pages internet: adresse IP, date, heure, requ\u00eate de navigateur et informations g\u00e9n\u00e9ralement transmises sur le syst\u00e8me d\u2019exploitation ou le navigateur. Ces donn\u00e9es d\u2019utilisation constituent la base pour des \u00e9valuations statistiques anonymes afin de conna\u00eetre la tendance nous permettant d\u2019am\u00e9liorer nos offres en cons\u00e9quence.<\/p>\n<p>&nbsp;<\/p>\n<p><strong>Cookies<\/strong><\/p>\n<p>Les cookies aident \u00e0 rendre la consultation de nos pages Internet plus simple, plus agr\u00e9able et plus utile pour vous. Les cookies sont des fichiers d\u2019information que votre navigateur Internet enregistre automatiquement lorsque vous consultez notre site Internet et utilisez notre offre.<\/p>\n<p>Vous pouvez g\u00e9rer par vous-m\u00eame vos r\u00e9glages de s\u00e9curit\u00e9 dans le navigateur et bloquer ou d\u00e9sactiver ainsi les cookies plac\u00e9s par nous, en sachant que certains services de Wertfabrik AG ne pourront plus \u00e9ventuellement \u00eatre utilis\u00e9s (pleinement).<\/p>\n<p><strong><br \/>\nOutils de suivi et d\u2019analyse \/ m\u00e9dia sociaux<\/strong><\/p>\n<p>L\u2019utilisation de nos offres num\u00e9riques est mesur\u00e9e et \u00e9valu\u00e9e au moyen de diff\u00e9rents syst\u00e8mes techniques, pour la plupart des fournisseurs tiers, comme par exemple Google Analytics. Ces mesures peuvent \u00eatre effectu\u00e9es aussi bien de fa\u00e7on anonyme que personnelle. \u00c0 ce sujet, il est possible que les donn\u00e9es collect\u00e9es soient transmises par nous ou les fournisseurs tiers de tels syst\u00e8mes techniques pour le traitement \u00e0 des tiers ou \u00e0 l\u2019\u00e9tranger. L\u2019outil d\u2019analyse le plus connu et le plus souvent utilis\u00e9 est Google Analytics, un service de Google Inc. Dans ce cadre, les donn\u00e9es collect\u00e9es peuvent en principe \u00eatre transmises \u00e0 un serveur de Google aux \u00c9tats-Unis. Du reste, Wertfabrik AG n\u2019a pas de connaissances d\u00e9taill\u00e9es sur les donn\u00e9es transmises aux fournisseurs tiers, ni sur leur destination, ni si elles sont anonymis\u00e9es.<\/p>\n<p><strong><br \/>\nInt\u00e9gration des offres des tiers \/ m\u00e9dias sociaux<\/strong><\/p>\n<p>Nos offres num\u00e9riques sont reli\u00e9es de multiples fa\u00e7ons aux fonctions et syst\u00e8mes des tiers, notamment par l\u2019int\u00e9gration des plug-ins des r\u00e9seaux sociaux des tiers, comme en particulier Facebook, Twitter, etc. Si vous avez un compte aupr\u00e8s de ces tiers, ils peuvent aussi le cas \u00e9ch\u00e9ant mesurer et \u00e9valuer votre utilisation de nos offres num\u00e9riques. \u00c0 cet effet, d\u2019autres donn\u00e9es personnelles, comme l\u2019adresse IP, les param\u00e8tres du navigateur et autres, peuvent \u00eatre transmises \u00e0 ces tiers et y \u00eatre enregistr\u00e9es. Nous n\u2019avons aucun contr\u00f4le sur l\u2019utilisation des donn\u00e9es \u00e0 caract\u00e8re personnel collect\u00e9es ainsi par des tiers et n\u2019en assumons aucune responsabilit\u00e9. Du reste, Wertfabrik AG n\u2019a pas de connaissances d\u00e9taill\u00e9es sur les donn\u00e9es transmises aux fournisseurs tiers, ni sur leur destination, ni si elles sont anonymis\u00e9es.<\/p>\n<p><strong><br \/>\nCommunication par e-mail (newsletter, etc.)<\/strong><\/p>\n<p>Avec les indications suivantes, nous vous informons sur les contenus de notre newsletter et le proc\u00e9d\u00e9 d\u2019abonnement, d\u2019envoi et d\u2019\u00e9valuation statistique ainsi que vos droits d\u2019opposition. En vous abonnant \u00e0 notre newsletter, vous acceptez la r\u00e9ception et le proc\u00e9d\u00e9 d\u00e9crit.<\/p>\n<p>&nbsp;<\/p>\n<ol>\n<li>a) Contenu de la newsletter<\/li>\n<\/ol>\n<p>Nous envoyons la newsletter, des e-mails et d\u2019autres notifications \u00e9lectroniques avec des informations publicitaires (ci-apr\u00e8s \u00abnewsletter\u00bb) uniquement avec le consentement du destinataire ou en vertu d\u2019une autorisation l\u00e9gale.<\/p>\n<p>&nbsp;<\/p>\n<ol>\n<li>b) Abonnement<\/li>\n<\/ol>\n<p>L\u2019abonnement \u00e0 notre newsletter s\u2019effectue dans un proc\u00e9d\u00e9 dit double opt-in. C.-\u00e0-d., apr\u00e8s l\u2019abonnement, vous recevez un e-mail avec demande de confirmer votre abonnement. Cette confirmation est n\u00e9cessaire pour emp\u00eacher que quelqu\u2019un s\u2019abonne avec de fausses adresses e-mail.<\/p>\n<p>Un abonnement \u00e0 la newsletter est archiv\u00e9 pour pouvoir prouver le processus d\u2019abonnement conform\u00e9ment aux exigences l\u00e9gales. Cela englobe l\u2019enregistrement de l\u2019heure d\u2019abonnement et de confirmation, ainsi que de l\u2019adresse IP.<\/p>\n<p>&nbsp;<\/p>\n<ol>\n<li>c) Donn\u00e9es d\u2019abonnement<\/li>\n<\/ol>\n<p>Il suffit d\u2019indiquer votre adresse e-mail pour vous abonner \u00e0 la newsletter. D\u2019autres indications sont volontaires et servent \u00e0 personnaliser la newsletter.<\/p>\n<p>&nbsp;<\/p>\n<ol>\n<li>d) Analyses statistiques<\/li>\n<\/ol>\n<p>Les newsletters contiennent un \u00abweb-beacon\u00bb qui est consult\u00e9 \u00e0 partir de notre serveur lors de l\u2019ouverture de la newsletter. Dans le cadre de cette consultation, sont d\u2019abord collect\u00e9es les informations techniques, comme les informations sur le navigateur et votre syst\u00e8me, ainsi que votre adresse IP et l&rsquo;heure de la consultation. Ces informations servent \u00e0 l\u2019am\u00e9lioration technique des services \u00e0 l\u2019aide des donn\u00e9es techniques ou des groupes cibles et de leurs habitudes de lecture sur la base de leurs lieux de consultation (d\u00e9terminables \u00e0 l\u2019aide de l\u2019adresse IP) et les temps d\u2019acc\u00e8s.<\/p>\n<p>Fait \u00e9galement partie des relev\u00e9s statistiques la d\u00e9termination du fait si les newsletters sont ouvertes, du moment de leur ouverture et des liens activ\u00e9s. Bien que, pour des raisons techniques, ces donn\u00e9es puissent \u00eatre attribu\u00e9es aux destinataires de newsletter individuels, ce n\u2019est pas notre intention de surveiller des utilisateurs individuels. Nous nous servons plut\u00f4t des \u00e9valuations pour identifier les habitudes de lecture de nos utilisateurs et pour y adapter nos contenus ou pour envoyer des contenus diff\u00e9rents en fonction des int\u00e9r\u00eats de nos utilisateurs.<\/p>\n<p>&nbsp;<\/p>\n<ol>\n<li>e) D\u00e9sabonnement \/ r\u00e9vocation<\/li>\n<\/ol>\n<p>Vous pouvez \u00e0 tout moment vous d\u00e9sabonner de notre newsletter, c.-\u00e0-d. r\u00e9voquer vos consentements. \u00c0 la fin de chaque newsletter, vous trouverez un lien vers le d\u00e9sabonnement de la newsletter.<\/p>\n<p>&nbsp;<\/p>\n<ol>\n<li>f) Bases juridiques R\u00e8glement g\u00e9n\u00e9ral sur la protection des donn\u00e9es<\/li>\n<\/ol>\n<p>Conform\u00e9ment aux dispositions du R\u00e8glement g\u00e9n\u00e9ral sur la protection des donn\u00e9es (RGPD) en vigueur depuis le 25 mars 2018, nous vous informons que les consentements \u00e0 l\u2019envoi des adresses e-mail a lieu sur la base de l\u2019article 6, paragraphe 1, point a, 7 RGPD ainsi que le \u00a7 7, alin\u00e9a 2, n\u00b0 3 et alin\u00e9a 3 LCD. Les relev\u00e9s et analyses statistiques ainsi que l\u2019archivage de la proc\u00e9dure d\u2019abonnement sont r\u00e9alis\u00e9s sur la base de nos int\u00e9r\u00eats l\u00e9gitimes, conform\u00e9ment \u00e0 l\u2019art. 6, paragraphe 1, point f RGPD. Nous sommes int\u00e9ress\u00e9s par l\u2019utilisation d\u2019un syst\u00e8me de newsletter facile \u00e0 utiliser et s\u00fbr qui sert \u00e0 nos int\u00e9r\u00eats commerciaux tout en r\u00e9pondant aux attentes de l\u2019utilisateur.<\/p>\n<p>Nous vous signalons en outre que vous pouvez \u00e0 tout moment vous opposer au traitement futur de vos donn\u00e9es \u00e0 caract\u00e8re personnel, conform\u00e9ment \u00e0 l\u2019article 21 RGPD. L\u2019opposition peut notamment \u00eatre faite contre le traitement \u00e0 des fins de publicit\u00e9 directe.<\/p>\n<p>&nbsp;<\/p>\n<p><strong>D\u00e9claration de confidentialit\u00e9 pour l\u2019utilisation des plug-ins de Facebook (bouton \u00abJ\u2019aime\u00bb)<\/strong><br \/>\nLes plug-ins du r\u00e9seau social Facebook, 1601 South California Avenue, Palo Alto, CA 94304, \u00c9tats-Unis sont int\u00e9gr\u00e9s \u00e0 nos pages.. Les plug-ins de Facebook sont reconnaissables par le logo de Facebook ou le bouton \u00abJ\u2019aime\u00bb sur notre site. Vous trouverez ici un aper\u00e7u de plug-ins de Facebook: http:\/\/developers.facebook.com\/docs\/plugins\/. Lorsque vous consultez nos pages, le plug-in \u00e9tablit une connexion directe entre votre navigateur et le serveur de Facebook. De cette mani\u00e8re, Facebook apprend que vous avez consult\u00e9 notre site avec votre adresse IP. Si vous cliquez sur le bouton \u00abJ\u2019aime\u00bb de Facebook en \u00e9tant connect\u00e9 \u00e0 votre compte de Facebook, vous pouvez cr\u00e9er un lien vers les contenus de nos pages sur votre profil Facebook. Cela permet \u00e0 Facebook d\u2019attribuer la consultation de nos pages \u00e0 votre compte d\u2019utilisateur. Nous signalons que nous, en tant que fournisseurs, n\u2019avons aucune connaissance du contenu des donn\u00e9es transf\u00e9r\u00e9es ni de leur utilisation par Facebook. Vous trouverez des informations compl\u00e9mentaires sur ce sujet dans la d\u00e9claration de confidentialit\u00e9 de Facebook sur https:\/\/www.facebook.com\/about\/privacy\/. Si vous ne souhaitez pas que Facebook puisse attribuer la consultation de nos pages \u00e0 votre compte d\u2019utilisateur de Facebook, veuillez vous d\u00e9connecter de votre compte d\u2019utilisateur de Facebook.<\/p>\n<p>&nbsp;<\/p>\n<p><strong>D\u00e9claration de confidentialit\u00e9 pour l\u2019utilisation de Twitter<\/strong><br \/>\nDes fonctions du service Twitter sont int\u00e9gr\u00e9es \u00e0 nos pages. Ces fonctions sont propos\u00e9es par Twitter Inc., 795 Folsom St., Suite 600, San Francisco, CA 94107, \u00c9tats-Unis. L\u2019utilisation de Twitter et de la fonction \u00abRe-Tweet\u00bb permet de lier \u00e0 votre compte Twitter les sites Internet que vous avez visit\u00e9s et de les partager avec d\u2019autres utilisateurs. \u00c0 cette occasion, certaines donn\u00e9es, comme l\u2019adresse IP, le type de navigateur, les domaines et les pages consult\u00e9s, l\u2019op\u00e9rateur de t\u00e9l\u00e9phonie mobile, les identificateurs des appareils et des applications et termes de recherche, sont transmises \u00e0 Twitter. Nous signalons que nous, en tant que fournisseurs, n\u2019avons aucune connaissance du contenu des donn\u00e9es transf\u00e9r\u00e9es ni de leur utilisation par Twitter. Sur la base de la mise \u00e0 jour constante de la d\u00e9claration de confidentialit\u00e9 de Twitter, nous vous signalons la derni\u00e8re version sur (http:\/\/twitter.com\/privacy). Vous pouvez modifier vos param\u00e8tres de protection des donn\u00e9es dans les param\u00e8tres de votre compte \u00e0 l&rsquo;adresse suivante http:\/\/twitter.com\/account\/settings. En cas de questions, adressez-vous \u00e0 privacy@twitter.com.<\/p>\n<p>&nbsp;<\/p>\n<p><strong>D\u00e9claration de confidentialit\u00e9 pour l\u2019utilisation de Google Analytics<\/strong><br \/>\nCe site Internet utilise Google Analytics, un service d\u2019analyse de l\u2019Internet de Google Inc. (\u00abGoogle\u00bb). Google Analytics utilise des \u00abcookies\u00bb, des fichiers texte qui sont enregistr\u00e9s dans votre navigateur Internet et qui permettent d\u2019analyser votre utilisation du site Internet. Les informations g\u00e9n\u00e9r\u00e9es par le cookie concernant votre utilisation de ce site Internet sont en g\u00e9n\u00e9ral transmises \u00e0 un serveur de Google aux \u00c9tats-Unis pour y \u00eatre sauvegard\u00e9es. Cependant, en cas d\u2019activation de l\u2019anonymisation de l\u2019adresse IP sur ce site Internet, votre adresse IP sera pr\u00e9alablement raccourcie par Google au sein des pays membres de l\u2019Union europ\u00e9enne ou dans d\u2019autres \u00c9tats-parties \u00e0 l\u2019Accord sur l\u2019Espace \u00e9conomique europ\u00e9en. Ce n\u2019est qu\u2019exceptionnellement que l\u2019adresse IP compl\u00e8te est transmise \u00e0 un serveur de Google aux \u00c9tats-Unis pour y \u00eatre raccourcie. Google utilisera cette information pour \u00e9valuer votre utilisation du site Internet, pour compiler des rapports sur les activit\u00e9s sur les sites Internet pour les exploitants des sites Internet et pour fournir d\u2019autres prestations li\u00e9es \u00e0 l\u2019utilisation des sites Internet et de l\u2019Internet. Google transmet \u00e9galement le cas \u00e9ch\u00e9ant ces donn\u00e9es \u00e0 des tiers si c\u2019est pr\u00e9vu par la loi et dans la mesure o\u00f9 des tiers traitent ces donn\u00e9es pour le compte de Google. L\u2019adresse IP communiqu\u00e9e par votre navigateur dans le cadre de Google Analytics ne sera par fusionn\u00e9e par Google avec d\u2019autres donn\u00e9es. Vous pouvez emp\u00eacher l\u2019installation des cookies au moyen d\u2019un r\u00e9glage correspondant de votre logiciel de navigateur; nous vous signalons pourtant que, dans ce cas, vous ne pourrez pas utiliser toutes les fonctions de ce site Internet dans leur int\u00e9gralit\u00e9. En acceptant nos cookies, vous consentez \u00e0 l\u2019utilisation de vos donn\u00e9es. Si vous n\u2019y consentez pas, vous pouvez <a class=\"gaoo-opt-out google-analytics-opt-out\" href=\"javascript:gaoop_analytics_optout();\">d\u00e9sactiver le tra\u00e7age<\/a>. En cas d\u2019utilisation du site Internet sans acceptation et sans d\u00e9sactivation du tra\u00e7age, ce dernier a lieu tout de m\u00eame.<\/p>\n<p>&nbsp;<\/p>\n<p>&nbsp;<\/p>\n<p>Mis \u00e0 jour: Juillet 2023[\/vc_column_text][\/vc_column][\/vc_row][vc_row][vc_column][vc_column_text]<strong>Concept, mise en page, programmation, contenu<\/strong><\/p>\n<p><a class=\"external-link-new-window\" href=\"http:\/\/www.kernbrand.ch\/\" target=\"_blank\" rel=\"noopener noreferrer\" data-htmlarea-external=\"1\">Kernbrand AG<\/a><\/p>\n<p>Christoph Ottiger<br \/>\nTeufener Strasse 11<br \/>\n9000 St.Gallen[\/vc_column_text][\/vc_column][\/vc_row]<\/p>\n","protected":false},"excerpt":{"rendered":"<p>[vc_row][vc_column][\/vc_column][\/vc_row][vc_row][vc_column][vc_column_text] Wertfabrik AG David Moser und Robert Ulrich Birchstrasse 2 CH-8472 Seuzach T +41 52 335 55 00 F +41 52 335 55 09 info@wertfabrik.ch &nbsp; Inscrit sur le registre du commerce du canton de Zurich: CHE-187.586.376 &nbsp; Exclusion de garantie L\u2019auteur n\u2019assume aucune garantie en ce qui concerne la justesse, l\u2019exactitude, l\u2019actualit\u00e9, la fiabilit\u00e9 [&hellip;]<\/p>\n","protected":false},"author":13,"featured_media":0,"parent":0,"menu_order":80,"comment_status":"closed","ping_status":"closed","template":"","meta":[],"yoast_head":"<!-- This site is optimized with the Yoast SEO plugin v14.8.1 - https:\/\/yoast.com\/wordpress\/plugins\/seo\/ -->\n<meta name=\"robots\" content=\"index, follow\" \/>\n<meta name=\"googlebot\" content=\"index, follow, max-snippet:-1, max-image-preview:large, max-video-preview:-1\" \/>\n<meta name=\"bingbot\" content=\"index, follow, max-snippet:-1, max-image-preview:large, max-video-preview:-1\" \/>\n<link rel=\"canonical\" href=\"https:\/\/www.wertfabrik.ch\/fr\/mentions-legales\/\" \/>\n<meta property=\"og:locale\" content=\"fr_FR\" \/>\n<meta property=\"og:type\" content=\"article\" \/>\n<meta property=\"og:title\" content=\"Mentions l\u00e9gales\/Protection des donn\u00e9es - Wertfabrik FR\" \/>\n<meta property=\"og:description\" content=\"[vc_row][vc_column][\/vc_column][\/vc_row][vc_row][vc_column][vc_column_text] Wertfabrik AG David Moser und Robert Ulrich Birchstrasse 2 CH-8472 Seuzach T +41 52 335 55 00 F +41 52 335 55 09 info@wertfabrik.ch &nbsp; Inscrit sur le registre du commerce du canton de Zurich: CHE-187.586.376 &nbsp; Exclusion de garantie L\u2019auteur n\u2019assume aucune garantie en ce qui concerne la justesse, l\u2019exactitude, l\u2019actualit\u00e9, la fiabilit\u00e9 [&hellip;]\" \/>\n<meta property=\"og:url\" content=\"https:\/\/www.wertfabrik.ch\/fr\/mentions-legales\/\" \/>\n<meta property=\"og:site_name\" content=\"Wertfabrik FR\" \/>\n<meta property=\"article:modified_time\" content=\"2023-07-31T14:46:52+00:00\" \/>\n<meta name=\"twitter:card\" content=\"summary_large_image\" \/>\n<script type=\"application\/ld+json\" class=\"yoast-schema-graph\">{\"@context\":\"https:\/\/schema.org\",\"@graph\":[{\"@type\":\"WebSite\",\"@id\":\"https:\/\/www.wertfabrik.ch\/fr\/#website\",\"url\":\"https:\/\/www.wertfabrik.ch\/fr\/\",\"name\":\"Wertfabrik FR\",\"description\":\"Eine weitere Wertfabrik Website\",\"potentialAction\":[{\"@type\":\"SearchAction\",\"target\":\"https:\/\/www.wertfabrik.ch\/fr\/?s={search_term_string}\",\"query-input\":\"required name=search_term_string\"}],\"inLanguage\":\"fr-FR\"},{\"@type\":\"WebPage\",\"@id\":\"https:\/\/www.wertfabrik.ch\/fr\/mentions-legales\/#webpage\",\"url\":\"https:\/\/www.wertfabrik.ch\/fr\/mentions-legales\/\",\"name\":\"Mentions l\\u00e9gales\/Protection des donn\\u00e9es - Wertfabrik FR\",\"isPartOf\":{\"@id\":\"https:\/\/www.wertfabrik.ch\/fr\/#website\"},\"datePublished\":\"2017-07-12T11:16:27+00:00\",\"dateModified\":\"2023-07-31T14:46:52+00:00\",\"inLanguage\":\"fr-FR\",\"potentialAction\":[{\"@type\":\"ReadAction\",\"target\":[\"https:\/\/www.wertfabrik.ch\/fr\/mentions-legales\/\"]}]}]}<\/script>\n<!-- \/ Yoast SEO plugin. -->","_links":{"self":[{"href":"https:\/\/www.wertfabrik.ch\/fr\/wp-json\/wp\/v2\/pages\/54"}],"collection":[{"href":"https:\/\/www.wertfabrik.ch\/fr\/wp-json\/wp\/v2\/pages"}],"about":[{"href":"https:\/\/www.wertfabrik.ch\/fr\/wp-json\/wp\/v2\/types\/page"}],"author":[{"embeddable":true,"href":"https:\/\/www.wertfabrik.ch\/fr\/wp-json\/wp\/v2\/users\/13"}],"replies":[{"embeddable":true,"href":"https:\/\/www.wertfabrik.ch\/fr\/wp-json\/wp\/v2\/comments?post=54"}],"version-history":[{"count":8,"href":"https:\/\/www.wertfabrik.ch\/fr\/wp-json\/wp\/v2\/pages\/54\/revisions"}],"predecessor-version":[{"id":1447,"href":"https:\/\/www.wertfabrik.ch\/fr\/wp-json\/wp\/v2\/pages\/54\/revisions\/1447"}],"wp:attachment":[{"href":"https:\/\/www.wertfabrik.ch\/fr\/wp-json\/wp\/v2\/media?parent=54"}],"curies":[{"name":"wp","href":"https:\/\/api.w.org\/{rel}","templated":true}]}}