{"id":544,"date":"2017-09-06T16:01:47","date_gmt":"2017-09-06T14:01:47","guid":{"rendered":"https:\/\/new.wertfabrik.ch\/de\/?page_id=544"},"modified":"2018-06-13T17:14:46","modified_gmt":"2018-06-13T15:14:46","slug":"certification-cmc","status":"publish","type":"page","link":"https:\/\/www.wertfabrik.ch\/fr\/entreprise\/certification-cmc\/","title":{"rendered":"Certification CMC"},"content":{"rendered":"<p>[vc_row][vc_column]<div class=\"site-intro\"><span>Label de qualit\u00e9 pour les consultants d'entreprise<\/span><hr><h1>Certification de Certified Management Consultant (CMC)<\/h1><p>Les deux partenaires g\u00e9rants de Wertfabrik David Moser et Robert Ulrich ont satisfait aux directives de certification s\u00e9v\u00e8res du International Council of Management Consulting Institutes (ICMCI) et portent le titre de Certified Management Consultant (CMC).<\/p><\/div>[\/vc_column][\/vc_row][vc_row][vc_column][vc_column_text]La certification CMC est le seul label de qualit\u00e9 professionnel reconnu dans le monde entier pour les consultants d\u2019entreprise. Les conseillers ayant ce label se distinguent par un comportement particuli\u00e8rement \u00e9thique. L\u2019int\u00e9grit\u00e9 et l\u2019objectivit\u00e9 sont les composants solides de leur mani\u00e8re d&rsquo;agir. En Suisse, le titre est remis par \u00ab l&rsquo;Association of Management Consultants Switzerland \u00bb (ASCO).<\/p>\n<p>&nbsp;<\/p>\n<p>Les conditions suivantes doivent \u00eatre satisfaites afin de recevoir le titre :[\/vc_column_text][\/vc_column][\/vc_row][vc_row][vc_column width=\u00a0\u00bb1\/2&Prime;][vc_column_text]<\/p>\n<ul>\n<li>Au moins 5 ann\u00e9es d\u2019exp\u00e9rience en tant que consultant professionnel d&rsquo;entreprise (au minimum 1\u00a0000 heures de conseil actif d\u2019entreprise par an). Peut \u00eatre en partie compens\u00e9 par une longue exp\u00e9rience en gestion.<\/li>\n<li>\u00catre dipl\u00f4m\u00e9 d\u2019une \u00e9cole sup\u00e9rieure\/\u00e9cole sup\u00e9rieure professionnelle. Peut \u00eatre compens\u00e9 par une exp\u00e9rience suppl\u00e9mentaire en tant que consultant d\u2019entreprise ou cadre.<\/li>\n<\/ul>\n<p>[\/vc_column_text][\/vc_column][vc_column width=\u00a0\u00bb1\/2&Prime;][vc_column_text]<\/p>\n<ul>\n<li>Preuve d\u2019un haut niveau de qualification et de mise \u00e0 jour professionnelle au moins dans un domaine de conseil typique tout en prenant en consid\u00e9ration une vision globale.<\/li>\n<li>Respect du code de conduite qui doit \u00eatre obligatoirement convenu pour les consultants d\u2019entreprise agr\u00e9\u00e9s \u00ab CMC \u00bb.<\/li>\n<\/ul>\n<p>[\/vc_column_text][\/vc_column][\/vc_row][vc_row full_width=\u00a0\u00bbstretch_row\u00a0\u00bb][vc_column]<div class=\"zitat-container full\"><div class=\"container clear\"><div class=\"text-section\"><q>\u00ab \u00c0 nos yeux, il n'y a pas que la r\u00e9ussite du projet qui importe, mais aussi le comportement \u00e9thique dans le conseil. Celui qui Travaille avec nous peute en \u00eatre assur\u00e9. \u00bb<\/q><span class=\"quote\">David Moser<\/span><\/div><\/div><\/div>[\/vc_column][\/vc_row][vc_row][vc_column][vc_column_text]Le code de conduite du ICMCI (International Council of Management Consulting Institutes) comprend les neuf\u00a0points fondamentaux suivants, qui doivent \u00eatre respect\u00e9s par les consultants :[\/vc_column_text][\/vc_column][\/vc_row][vc_row][vc_column width=\u00a0\u00bb1\/2&Prime;][vc_column_text]<\/p>\n<ol>\n<li><b>Confidentialit\u00e9<\/b><br \/>\nUn CMC traite les informations des clients en toute confidentialit\u00e9. Il ne les utilise pas\u00a0\u00e0 son propre avantage\u00a0et ne\u00a0les divulgue pas\u00a0\u00e0 des tiers.<\/li>\n<li><b>Attentes irr\u00e9alistes<\/b><br \/>\nUn CMC\u00a0ne provoque\u00a0aucune attente irr\u00e9aliste ou fausse et ne promet pas que le b\u00e9n\u00e9fice attendu de prestations sp\u00e9cifiques de conseil est garanti.<\/li>\n<li><b>Commissions\/int\u00e9r\u00eats financiers\u00a0<\/b><br \/>\nUn CMC n\u2019accepte pas de commissions, de d\u00e9dommagements\u00a0ou d\u2019avantages de tiers en rapport avec les recommandations faites au client sans qu\u2019il le sache et qu\u2019il soit d\u2019accord. De la m\u00eame mani\u00e8re, les int\u00e9r\u00eats financiers portant sur des biens ou des prestations qui font partie de cette recommandation doivent \u00eatre d\u00e9clar\u00e9s.<\/li>\n<li><b>Ordres\u00a0<\/b><br \/>\nUn CMC n\u2019accepte que les mandats qu\u2019il conna\u00eet et pour lesquels il a de l&rsquo;exp\u00e9rience.<\/li>\n<li><b>Ordres incompatibles\u00a0<\/b><br \/>\nUn CMC \u00e9vite d\u2019intervenir dans des situations \u00e9ventuelles conflictuelles sans que toutes les parties ne soient pr\u00e9venues auparavant.<\/li>\n<\/ol>\n<p>[\/vc_column_text][\/vc_column][vc_column width=\u00a0\u00bb1\/2&Prime;][vc_column_text]<\/p>\n<ol start=\"6\">\n<li><b>N\u00e9gociations avec le client\u00a0<\/b><br \/>\nAvant d&rsquo;accepter le mandat, un CMC s\u2019assure qu\u2019il existe un accord mutuel sur les objectifs, le contenu, le programme de travail et les honoraires, et que tous les int\u00e9r\u00eats personnels, financiers ou autres qui pourraient g\u00eaner l\u2019ex\u00e9cution du travail ont \u00e9t\u00e9 d\u00e9clar\u00e9s.<\/li>\n<li><b>Recrutement\u00a0<\/b><br \/>\nSans accord du client, un CMC ne d\u00e9bauche aucun collaborateur du client.<\/li>\n<li><b>Conduite g\u00e9n\u00e9rale\u00a0<\/b><br \/>\nUn CMC fait toujours preuve d\u2019une bonne gestion des affaires aussi bien par rapport aux clients qu\u2019au public et aux autres CMC.<\/li>\n<li><b>Les autres consultants d&rsquo;entreprise\u00a0<\/b><br \/>\nUn CMC s\u2019assure que les autres conseillers qui travaillent pour lui connaissent et suivent le \u00ab code de conduite \u00bb.<\/li>\n<\/ol>\n<p>[\/vc_column_text][\/vc_column][\/vc_row][vc_row][vc_column]<div class=\"zitat-container full\"><div class=\"container clear\"><div class=\"text-section\"><q>\u00ab Nous sommes heureux d'avoir obtenu la certification. Le comportement \u00e9thique fait partie de notre quotidien et il a r\u00e9cemment \u00e9t\u00e9 r\u00e9compens\u00e9 par une \u00e9tiquette reconnaissable. \u00bb<\/q><span class=\"quote\">Robert Ulrich<\/span><\/div><\/div><\/div>[\/vc_column][\/vc_row][vc_row disable_element=\u00a0\u00bbyes\u00a0\u00bb][vc_column]<div class=\"newsletter-cta-container cta-big\"><div class=\"container clear\"><div class=\"icon-section clear\"><div class=\"icon\" style=\"background:url(https:\/\/www.wertfabrik.ch\/fr\/wp-content\/themes\/wertfabrik\/img\/elements\/newsletter_icon.png)\"><img src=\"https:\/\/www.wertfabrik.ch\/fr\/wp-content\/themes\/wertfabrik\/img\/elements\/newsletter_icon.png\" style=\"width:58px;height:auto;\"><\/div><\/div><div class=\"text-section\"><h2>Restez toujours \u00e0 la page gr\u00e2ce aux actualit\u00e9s Wertfabrik<\/h2><hr><h1>Nous mettons notre expertise et nos informations \u00e0 votre service<\/h1><p>Nous partageons avec vous par e-mail notre savoir-faire, les actualit\u00e9s du secteurs et des informations sur l'entreprise r\u00e9guli\u00e8rement et \u00e0 point nomm\u00e9. Tout ce qu'il faut savoir, des astuces et des infos divertissantes sur l'univers du Lean.<\/p><form action=\"\/fr\/newsletter\/\"><a class=\"submit\" href=\"\/fr\/newsletter\/\">S\u2019inscrire<\/a><\/form><\/div><\/div><\/div>[\/vc_column][\/vc_row]<\/p>\n","protected":false},"excerpt":{"rendered":"<p>[vc_row][vc_column][\/vc_column][\/vc_row][vc_row][vc_column][vc_column_text]La certification CMC est le seul label de qualit\u00e9 professionnel reconnu dans le monde entier pour les consultants d\u2019entreprise. Les conseillers ayant ce label se distinguent par un comportement particuli\u00e8rement \u00e9thique. L\u2019int\u00e9grit\u00e9 et l\u2019objectivit\u00e9 sont les composants solides de leur mani\u00e8re d&rsquo;agir. En Suisse, le titre est remis par \u00ab l&rsquo;Association of Management Consultants Switzerland [&hellip;]<\/p>\n","protected":false},"author":13,"featured_media":0,"parent":8,"menu_order":0,"comment_status":"closed","ping_status":"closed","template":"","meta":[],"yoast_head":"<!-- This site is optimized with the Yoast SEO plugin v14.8.1 - https:\/\/yoast.com\/wordpress\/plugins\/seo\/ -->\n<meta name=\"robots\" content=\"index, follow\" \/>\n<meta name=\"googlebot\" content=\"index, follow, max-snippet:-1, max-image-preview:large, max-video-preview:-1\" \/>\n<meta name=\"bingbot\" content=\"index, follow, max-snippet:-1, max-image-preview:large, max-video-preview:-1\" \/>\n<link rel=\"canonical\" href=\"https:\/\/www.wertfabrik.ch\/fr\/entreprise\/certification-cmc\/\" \/>\n<meta property=\"og:locale\" content=\"fr_FR\" \/>\n<meta property=\"og:type\" content=\"article\" \/>\n<meta property=\"og:title\" content=\"Certification CMC - Wertfabrik FR\" \/>\n<meta property=\"og:description\" content=\"[vc_row][vc_column][\/vc_column][\/vc_row][vc_row][vc_column][vc_column_text]La certification CMC est le seul label de qualit\u00e9 professionnel reconnu dans le monde entier pour les consultants d\u2019entreprise. Les conseillers ayant ce label se distinguent par un comportement particuli\u00e8rement \u00e9thique. L\u2019int\u00e9grit\u00e9 et l\u2019objectivit\u00e9 sont les composants solides de leur mani\u00e8re d&rsquo;agir. En Suisse, le titre est remis par \u00ab l&rsquo;Association of Management Consultants Switzerland [&hellip;]\" \/>\n<meta property=\"og:url\" content=\"https:\/\/www.wertfabrik.ch\/fr\/entreprise\/certification-cmc\/\" \/>\n<meta property=\"og:site_name\" content=\"Wertfabrik FR\" \/>\n<meta property=\"article:modified_time\" content=\"2018-06-13T15:14:46+00:00\" \/>\n<meta name=\"twitter:card\" content=\"summary_large_image\" \/>\n<script type=\"application\/ld+json\" class=\"yoast-schema-graph\">{\"@context\":\"https:\/\/schema.org\",\"@graph\":[{\"@type\":\"WebSite\",\"@id\":\"https:\/\/www.wertfabrik.ch\/fr\/#website\",\"url\":\"https:\/\/www.wertfabrik.ch\/fr\/\",\"name\":\"Wertfabrik FR\",\"description\":\"Eine weitere Wertfabrik Website\",\"potentialAction\":[{\"@type\":\"SearchAction\",\"target\":\"https:\/\/www.wertfabrik.ch\/fr\/?s={search_term_string}\",\"query-input\":\"required name=search_term_string\"}],\"inLanguage\":\"fr-FR\"},{\"@type\":\"WebPage\",\"@id\":\"https:\/\/www.wertfabrik.ch\/fr\/entreprise\/certification-cmc\/#webpage\",\"url\":\"https:\/\/www.wertfabrik.ch\/fr\/entreprise\/certification-cmc\/\",\"name\":\"Certification CMC - Wertfabrik FR\",\"isPartOf\":{\"@id\":\"https:\/\/www.wertfabrik.ch\/fr\/#website\"},\"datePublished\":\"2017-09-06T14:01:47+00:00\",\"dateModified\":\"2018-06-13T15:14:46+00:00\",\"inLanguage\":\"fr-FR\",\"potentialAction\":[{\"@type\":\"ReadAction\",\"target\":[\"https:\/\/www.wertfabrik.ch\/fr\/entreprise\/certification-cmc\/\"]}]}]}<\/script>\n<!-- \/ Yoast SEO plugin. -->","_links":{"self":[{"href":"https:\/\/www.wertfabrik.ch\/fr\/wp-json\/wp\/v2\/pages\/544"}],"collection":[{"href":"https:\/\/www.wertfabrik.ch\/fr\/wp-json\/wp\/v2\/pages"}],"about":[{"href":"https:\/\/www.wertfabrik.ch\/fr\/wp-json\/wp\/v2\/types\/page"}],"author":[{"embeddable":true,"href":"https:\/\/www.wertfabrik.ch\/fr\/wp-json\/wp\/v2\/users\/13"}],"replies":[{"embeddable":true,"href":"https:\/\/www.wertfabrik.ch\/fr\/wp-json\/wp\/v2\/comments?post=544"}],"version-history":[{"count":15,"href":"https:\/\/www.wertfabrik.ch\/fr\/wp-json\/wp\/v2\/pages\/544\/revisions"}],"predecessor-version":[{"id":978,"href":"https:\/\/www.wertfabrik.ch\/fr\/wp-json\/wp\/v2\/pages\/544\/revisions\/978"}],"up":[{"embeddable":true,"href":"https:\/\/www.wertfabrik.ch\/fr\/wp-json\/wp\/v2\/pages\/8"}],"wp:attachment":[{"href":"https:\/\/www.wertfabrik.ch\/fr\/wp-json\/wp\/v2\/media?parent=544"}],"curies":[{"name":"wp","href":"https:\/\/api.w.org\/{rel}","templated":true}]}}