{"id":8,"date":"2017-07-12T11:56:17","date_gmt":"2017-07-12T09:56:17","guid":{"rendered":"http:\/\/localhost\/wertfabrik.ch\/de\/?page_id=8"},"modified":"2018-06-13T17:12:10","modified_gmt":"2018-06-13T15:12:10","slug":"entreprise","status":"publish","type":"page","link":"https:\/\/www.wertfabrik.ch\/fr\/entreprise\/","title":{"rendered":"Entreprise"},"content":{"rendered":"<p>[vc_row][vc_column]<div class=\"site-intro\"><span>Les promesses que nous vous faisons<\/span><hr><h1>Des conseillers exp\u00e9riment\u00e9s avec des exigences de qualit\u00e9 \u00e9lev\u00e9es<\/h1><p>Des solutions pratiques \u00e0 valeur ajout\u00e9e attest\u00e9e : voil\u00e0 ce qu\u2019apportent les conseillers exp\u00e9riment\u00e9s de Wertfabrik dont les exigences en mati\u00e8re de qualit\u00e9 sont \u00e9lev\u00e9es.<\/p><\/div>[\/vc_column][\/vc_row][vc_row full_width=\u00a0\u00bbstretch_row\u00a0\u00bb][vc_column]<div class=\"zitat-container\"><div class=\"container clear\"><div class=\"image-section\"><div class=\"image clear\" style=\"background:url(https:\/\/www.wertfabrik.ch\/fr\/wp-content\/uploads\/sites\/5\/2017\/07\/Produktion_4344.jpg);\"><img src=\"https:\/\/www.wertfabrik.ch\/fr\/wp-content\/uploads\/sites\/5\/2017\/07\/Produktion_4344.jpg\" alt=\"Entreprise\"><\/div><\/div><div class=\"text-section\"><q>Nous incarnons le \u00ab type \u00bb m\u00eame de conseiller cr\u00e9ateur de valeurs. Mais nous mettons aussi tout autant de c\u0153ur \u00e0 l\u2019ouvrage que les ouvriers dans les usines traditionnelles.<\/q><\/div><\/div><\/div>[\/vc_column][\/vc_row][vc_row][vc_column width=\u00a0\u00bb1\/2&Prime;][vc_column_text]Cr\u00e9er de la valeur en r\u00e9duisant le gaspillage ne veut pas dire que nous travaillons plus rapidement, de mani\u00e8re excessive et jusqu\u2019\u00e0 l&rsquo;\u00e9puisement.\u00a0<b>L\u2019optimisation des modes op\u00e9ratoires<\/b>\u00a0permet plut\u00f4t de renforcer les processus de production et d\u2019\u00e9liminer les pertes de temps et de productivit\u00e9. Nous nous engageons \u00e0 optimiser vos indicateurs de mani\u00e8re significative et \u00e0 vous (r\u00e9)armer pour l\u2019avenir.<\/p>\n<p>Nous incarnons le \u00ab\u00a0type\u00a0\u00bb m\u00eame de conseiller cr\u00e9ateur de valeurs. Mais nous mettons aussi tout autant de c\u0153ur \u00e0 l\u2019ouvrage que les ouvriers dans les usines traditionnelles. Nous sommes inform\u00e9s aussi bien des processus de management que de ceux de fabrication. Le nom de notre entreprise repose sur cette perception de nous-m\u00eames : \u00ab\u00a0Wert-Fabrik\u00a0\u00bb (c.-\u00e0-d. l\u2019usine \u00e0 valeur).[\/vc_column_text][\/vc_column][vc_column width=\u00a0\u00bb1\/2&Prime;][vc_column_text]Nous misons sur la\u00a0communication ouverte\u00a0et le travail en \u00e9quipe o\u00f9 tout le monde tire dans le m\u00eame sens\u00a0! De mani\u00e8re toujours personnelle et humaine. Vous associer dans la r\u00e9alisation de vos souhaits et vous traiter\u00a0d\u2019\u00e9gal \u00e0 \u00e9gal\u00a0en parlant le m\u00eame langage que vous\u00a0: telle est notre fa\u00e7on de proc\u00e9der. Nous vous prenons au s\u00e9rieux et vous fournissons la valeur ajout\u00e9e mesurable souhait\u00e9e.[\/vc_column_text][\/vc_column][\/vc_row][vc_row css=\u00a0\u00bb.vc_custom_1504781590622{margin-bottom: 1em !important;}\u00a0\u00bb][vc_column][vc_column_text]<\/p>\n<h3>\u00catre bien \u00e9quip\u00e9 pour l&rsquo;avenir<\/h3>\n<p>[\/vc_column_text][\/vc_column][\/vc_row][vc_row][vc_column width=\u00a0\u00bb1\/2&Prime;][vc_column_text]Une\u00a0m\u00e9thodologie globale\u00a0et des\u00a0ressources largement \u00e9tay\u00e9es\u00a0sont gages de succ\u00e8s dans tous les secteurs \u00e0 valeur ajout\u00e9e. Des processus optimaux et simplifi\u00e9s constituent notre c\u0153ur de m\u00e9tier. Nous d\u00e9veloppons avec vous des strat\u00e9gies pour garantir le succ\u00e8s durable de votre projet Lean.<\/p>\n<p>&nbsp;<\/p>\n<p>Quel est l\u2019avenir de votre entreprise\u00a0? Tous les potentiels y sont-ils r\u00e9ellement exploit\u00e9s\u00a0? Les points forts sont-ils totalement identifi\u00e9s\u00a0? Les collaborateurs sont-ils encourag\u00e9s et incit\u00e9s \u00e0 agir\u00a0?<\/p>\n<p>&nbsp;<\/p>\n<p>Nous vous aidons \u00e0 r\u00e9pondre \u00e0 ces questions. Nous vous promettons \u00e9galement d\u2019optimiser vos indicateurs\u00a0et de vous armer pour l\u2019avenir\u00a0![\/vc_column_text][\/vc_column][vc_column width=\u00a0\u00bb1\/2&Prime;][vc_column_text]Fid\u00e8les \u00e0 notre statut de\u00a0<b>partenaire honn\u00eate<\/b>, nous vous soutenons dans la restructuration de vos processus tout au long de la cha\u00eene de cr\u00e9ation de valeur ajout\u00e9e. Nous sommes l\u00e0 pour vous aider \u00e0 impl\u00e9menter les nouveaux processus dans les modes op\u00e9ratoires.<\/p>\n<p>&nbsp;<\/p>\n<p>Profitez de notre exp\u00e9rience. Gr\u00e2ce \u00e0 nos conseils et \u00e0\u00a0nos formations Lean, nous vous menons vers un avenir couronn\u00e9 de succ\u00e8s\u00a0!<\/p>\n<p>&nbsp;<\/p>\n<h3>Vos interlocuteurs<\/h3>\n<p><a href=\"https:\/\/www.wertfabrik.ch\/fr\/team\/robert-ulrich\/\">Robert Ulrich<\/a>, partenaire g\u00e9rant<br \/>\n<a href=\"https:\/\/www.wertfabrik.ch\/fr\/team\/david-moser\/\">David Moser<\/a>, partenaire g\u00e9rant[\/vc_column_text][\/vc_column][\/vc_row][vc_row][vc_column][vc_column_text]Consultez <a href=\"http:\/\/www.wertfabrik.ch\/fr\/wp-content\/uploads\/sites\/5\/2018\/01\/Wertfabrik_F_Pr\u00e9sentation_Profile_Sept2016.pdf\" target=\"_blank\" rel=\"noopener\">la pr\u00e9sentation de notre entreprise<\/a> pour apprendre \u00e0 mieux nous conna\u00eetre.[\/vc_column_text][\/vc_column][\/vc_row][vc_row disable_element=\u00a0\u00bbyes\u00a0\u00bb][vc_column]<div class=\"newsletter-cta-container cta-big\"><div class=\"container clear\"><div class=\"icon-section clear\"><div class=\"icon\" style=\"background:url(https:\/\/www.wertfabrik.ch\/fr\/wp-content\/themes\/wertfabrik\/img\/elements\/newsletter_icon.png)\"><img src=\"https:\/\/www.wertfabrik.ch\/fr\/wp-content\/themes\/wertfabrik\/img\/elements\/newsletter_icon.png\" style=\"width:58px;height:auto;\"><\/div><\/div><div class=\"text-section\"><h2>Restez toujours \u00e0 la page gr\u00e2ce aux actualit\u00e9s Wertfabrik<\/h2><hr><h1>Nous mettons notre expertise et nos informations \u00e0 votre service<\/h1><p>Nous partageons avec vous par e-mail notre savoir-faire, les actualit\u00e9s du secteurs et des informations sur l'entreprise r\u00e9guli\u00e8rement et \u00e0 point nomm\u00e9. Tout ce qu'il faut savoir, des astuces et des infos divertissantes sur l'univers du Lean.<\/p><form action=\"\/fr\/newsletter\/\"><a class=\"submit\" href=\"\/fr\/newsletter\/\">S\u2019inscrire<\/a><\/form><\/div><\/div><\/div>[\/vc_column][\/vc_row]<\/p>\n","protected":false},"excerpt":{"rendered":"<p>[vc_row][vc_column][\/vc_column][\/vc_row][vc_row full_width=\u00a0\u00bbstretch_row\u00a0\u00bb][vc_column][\/vc_column][\/vc_row][vc_row][vc_column width=\u00a0\u00bb1\/2&Prime;][vc_column_text]Cr\u00e9er de la valeur en r\u00e9duisant le gaspillage ne veut pas dire que nous travaillons plus rapidement, de mani\u00e8re excessive et jusqu\u2019\u00e0 l&rsquo;\u00e9puisement.\u00a0L\u2019optimisation des modes op\u00e9ratoires\u00a0permet plut\u00f4t de renforcer les processus de production et d\u2019\u00e9liminer les pertes de temps et de productivit\u00e9. Nous nous engageons \u00e0 optimiser vos indicateurs de mani\u00e8re significative et [&hellip;]<\/p>\n","protected":false},"author":13,"featured_media":0,"parent":0,"menu_order":10,"comment_status":"closed","ping_status":"closed","template":"","meta":[],"yoast_head":"<!-- This site is optimized with the Yoast SEO plugin v14.8.1 - https:\/\/yoast.com\/wordpress\/plugins\/seo\/ -->\n<meta name=\"robots\" content=\"index, follow\" \/>\n<meta name=\"googlebot\" content=\"index, follow, max-snippet:-1, max-image-preview:large, max-video-preview:-1\" \/>\n<meta name=\"bingbot\" content=\"index, follow, max-snippet:-1, max-image-preview:large, max-video-preview:-1\" \/>\n<link rel=\"canonical\" href=\"https:\/\/www.wertfabrik.ch\/fr\/entreprise\/\" \/>\n<meta property=\"og:locale\" content=\"fr_FR\" \/>\n<meta property=\"og:type\" content=\"article\" \/>\n<meta property=\"og:title\" content=\"Entreprise - Wertfabrik FR\" \/>\n<meta property=\"og:description\" content=\"[vc_row][vc_column][\/vc_column][\/vc_row][vc_row full_width=\u00a0\u00bbstretch_row\u00a0\u00bb][vc_column][\/vc_column][\/vc_row][vc_row][vc_column width=\u00a0\u00bb1\/2&Prime;][vc_column_text]Cr\u00e9er de la valeur en r\u00e9duisant le gaspillage ne veut pas dire que nous travaillons plus rapidement, de mani\u00e8re excessive et jusqu\u2019\u00e0 l&rsquo;\u00e9puisement.\u00a0L\u2019optimisation des modes op\u00e9ratoires\u00a0permet plut\u00f4t de renforcer les processus de production et d\u2019\u00e9liminer les pertes de temps et de productivit\u00e9. Nous nous engageons \u00e0 optimiser vos indicateurs de mani\u00e8re significative et [&hellip;]\" \/>\n<meta property=\"og:url\" content=\"https:\/\/www.wertfabrik.ch\/fr\/entreprise\/\" \/>\n<meta property=\"og:site_name\" content=\"Wertfabrik FR\" \/>\n<meta property=\"article:modified_time\" content=\"2018-06-13T15:12:10+00:00\" \/>\n<meta name=\"twitter:card\" content=\"summary_large_image\" \/>\n<script type=\"application\/ld+json\" class=\"yoast-schema-graph\">{\"@context\":\"https:\/\/schema.org\",\"@graph\":[{\"@type\":\"WebSite\",\"@id\":\"https:\/\/www.wertfabrik.ch\/fr\/#website\",\"url\":\"https:\/\/www.wertfabrik.ch\/fr\/\",\"name\":\"Wertfabrik FR\",\"description\":\"Eine weitere Wertfabrik Website\",\"potentialAction\":[{\"@type\":\"SearchAction\",\"target\":\"https:\/\/www.wertfabrik.ch\/fr\/?s={search_term_string}\",\"query-input\":\"required name=search_term_string\"}],\"inLanguage\":\"fr-FR\"},{\"@type\":\"WebPage\",\"@id\":\"https:\/\/www.wertfabrik.ch\/fr\/entreprise\/#webpage\",\"url\":\"https:\/\/www.wertfabrik.ch\/fr\/entreprise\/\",\"name\":\"Entreprise - Wertfabrik FR\",\"isPartOf\":{\"@id\":\"https:\/\/www.wertfabrik.ch\/fr\/#website\"},\"datePublished\":\"2017-07-12T09:56:17+00:00\",\"dateModified\":\"2018-06-13T15:12:10+00:00\",\"inLanguage\":\"fr-FR\",\"potentialAction\":[{\"@type\":\"ReadAction\",\"target\":[\"https:\/\/www.wertfabrik.ch\/fr\/entreprise\/\"]}]}]}<\/script>\n<!-- \/ Yoast SEO plugin. -->","_links":{"self":[{"href":"https:\/\/www.wertfabrik.ch\/fr\/wp-json\/wp\/v2\/pages\/8"}],"collection":[{"href":"https:\/\/www.wertfabrik.ch\/fr\/wp-json\/wp\/v2\/pages"}],"about":[{"href":"https:\/\/www.wertfabrik.ch\/fr\/wp-json\/wp\/v2\/types\/page"}],"author":[{"embeddable":true,"href":"https:\/\/www.wertfabrik.ch\/fr\/wp-json\/wp\/v2\/users\/13"}],"replies":[{"embeddable":true,"href":"https:\/\/www.wertfabrik.ch\/fr\/wp-json\/wp\/v2\/comments?post=8"}],"version-history":[{"count":44,"href":"https:\/\/www.wertfabrik.ch\/fr\/wp-json\/wp\/v2\/pages\/8\/revisions"}],"predecessor-version":[{"id":1356,"href":"https:\/\/www.wertfabrik.ch\/fr\/wp-json\/wp\/v2\/pages\/8\/revisions\/1356"}],"wp:attachment":[{"href":"https:\/\/www.wertfabrik.ch\/fr\/wp-json\/wp\/v2\/media?parent=8"}],"curies":[{"name":"wp","href":"https:\/\/api.w.org\/{rel}","templated":true}]}}